{"id":9373,"date":"2023-03-23T22:38:15","date_gmt":"2023-03-23T21:38:15","guid":{"rendered":"http:\/\/www.sestrice.com\/doprava\/"},"modified":"2025-10-03T12:34:52","modified_gmt":"2025-10-03T10:34:52","slug":"doprava","status":"publish","type":"page","link":"https:\/\/www.sestrice.com\/cs\/doprava\/","title":{"rendered":"Doprava"},"content":{"rendered":"\t\t<div data-elementor-type=\"wp-page\" data-elementor-id=\"9373\" class=\"elementor elementor-9373 elementor-6196\">\n\t\t\t\t\t\t<section class=\"elementor-section elementor-top-section elementor-element elementor-element-e248333 elementor-section-boxed elementor-section-height-default elementor-section-height-default\" data-id=\"e248333\" data-element_type=\"section\" data-e-type=\"section\">\n\t\t\t\t\t\t<div class=\"elementor-container elementor-column-gap-default\">\n\t\t\t\t\t<div class=\"elementor-column elementor-col-100 elementor-top-column elementor-element elementor-element-f8f9433\" data-id=\"f8f9433\" data-element_type=\"column\" data-e-type=\"column\">\n\t\t\t<div class=\"elementor-widget-wrap elementor-element-populated\">\n\t\t\t\t\t\t<div class=\"elementor-element elementor-element-0bd25ba elementor-widget elementor-widget-heading\" data-id=\"0bd25ba\" data-element_type=\"widget\" data-e-type=\"widget\" data-widget_type=\"heading.default\">\n\t\t\t\t<div class=\"elementor-widget-container\">\n\t\t\t\t\t<h2 class=\"elementor-heading-title elementor-size-default\">Doprava<\/h2>\t\t\t\t<\/div>\n\t\t\t\t<\/div>\n\t\t\t\t\t<\/div>\n\t\t<\/div>\n\t\t\t\t\t<\/div>\n\t\t<\/section>\n\t\t\t\t<section class=\"elementor-section elementor-top-section elementor-element elementor-element-3c8b4d3e elementor-section-boxed elementor-section-height-default elementor-section-height-default\" data-id=\"3c8b4d3e\" data-element_type=\"section\" data-e-type=\"section\">\n\t\t\t\t\t\t<div class=\"elementor-container elementor-column-gap-default\">\n\t\t\t\t\t<div class=\"elementor-column elementor-col-100 elementor-top-column elementor-element elementor-element-2bbb60a7\" data-id=\"2bbb60a7\" data-element_type=\"column\" data-e-type=\"column\">\n\t\t\t<div class=\"elementor-widget-wrap elementor-element-populated\">\n\t\t\t\t\t\t<div class=\"elementor-element elementor-element-609d6a38 elementor-widget elementor-widget-text-editor\" data-id=\"609d6a38\" data-element_type=\"widget\" data-e-type=\"widget\" id=\"Cennik\" data-widget_type=\"text-editor.default\">\n\t\t\t\t<div class=\"elementor-widget-container\">\n\t\t\t\t\t\t\t\t\t<p>Va\u0161i objedn\u00e1vku zpracujeme a p\u0159iprav\u00edme k odesl\u00e1n\u00ed co nejd\u0159\u00edve, obvykle b\u011bhem 1-2 dn\u016f.<\/p><p>Zbo\u017e\u00ed odes\u00edl\u00e1me ka\u017ed\u00fd den. Kdy\u017e bal\u00edk p\u0159ed\u00e1me p\u0159epravci, dostanete automatick\u00fd e-mail s touto informac\u00ed.<\/p><p>Cena dopravy nen\u00ed zahrnuta v cen\u011b zbo\u017e\u00ed a je ur\u010dena dle <a href=\"#Cennik\">Cen\u00edku dopravy<\/a>.<\/p><p>Po odesl\u00e1n\u00ed z\u00e1silky v\u00e1m e-mailem za\u0161leme fakturu ve form\u00e1tu PDF, kter\u00e1 slou\u017e\u00ed jako \u00fa\u010detn\u00ed doklad a z\u00e1rove\u0148 jako z\u00e1ru\u010dn\u00ed list.<\/p><p>Doba doru\u010den\u00ed z\u00e1silky z\u00e1vis\u00ed na zemi adres\u00e1ta. Doru\u010den\u00ed na Slovensko a do \u010cesk\u00e9 republiky prob\u011bhne obvykle b\u011bhem 1-3 dn\u016f. Do ostatn\u00edch zem\u00ed to trv\u00e1 d\u00e9le, ne v\u0161ak d\u00e9le ne\u017e 20 dn\u00ed.<\/p><p>Pokud ani po 20 dnech neobdr\u017e\u00edte z\u00e1silku, kontaktuje n\u00e1s na adrese <a href=\"mailto:hello@sestrice.com\">hello@sestrice.com<\/a>, a my prov\u011b\u0159\u00edme p\u0159\u00ed\u010dinu nedoru\u010den\u00ed. N\u00e1sledn\u011b se pokus\u00edme co nejrychleji situaci vy\u0159e\u0161it.<\/p><p>Jako z\u00e1kazn\u00edk nebo pov\u011b\u0159en\u00fd z\u00e1stupce jste povinen zbo\u017e\u00ed p\u0159ijmout. Nep\u0159evzet\u00ed zbo\u017e\u00ed, resp. odm\u00edtnut\u00ed p\u0159evzet\u00ed zbo\u017e\u00ed se pova\u017euje za spln\u011bn\u00ed z\u00e1vazku dodat zbo\u017e\u00ed. Pokud zbo\u017e\u00ed nep\u0159evezmete a bude n\u00e1m vr\u00e1ceno, m\u00e1me pr\u00e1vo odstoupit od kupn\u00ed smlouvy a po\u017eadovat n\u00e1hradu n\u00e1klad\u016f na vr\u00e1cen\u00ed zbo\u017e\u00ed. Op\u011btovn\u00e9 zasl\u00e1n\u00ed zbo\u017e\u00ed je mo\u017en\u00e9 pouze po vz\u00e1jemn\u00e9 dohod\u011b.<\/p><p>P\u0159i p\u0159evzet\u00ed zbo\u017e\u00ed z\u00e1silku zkontrolujte. Pokud zjist\u00edte viditeln\u00e9 po\u0161kozen\u00ed z\u00e1silky nebo zbo\u017e\u00ed zp\u016fsoben\u00e9 p\u0159epravou, jste opr\u00e1vn\u011bni z\u00e1silku nep\u0159evz\u00edt.<\/p>\t\t\t\t\t\t\t\t<\/div>\n\t\t\t\t<\/div>\n\t\t\t\t\t<\/div>\n\t\t<\/div>\n\t\t\t\t\t<\/div>\n\t\t<\/section>\n\t\t\t\t<section class=\"elementor-section elementor-top-section elementor-element elementor-element-2095070 elementor-section-boxed elementor-section-height-default elementor-section-height-default\" data-id=\"2095070\" data-element_type=\"section\" data-e-type=\"section\">\n\t\t\t\t\t\t<div class=\"elementor-container elementor-column-gap-default\">\n\t\t\t\t\t<div class=\"elementor-column elementor-col-100 elementor-top-column elementor-element elementor-element-379bb59\" data-id=\"379bb59\" data-element_type=\"column\" data-e-type=\"column\">\n\t\t\t<div class=\"elementor-widget-wrap elementor-element-populated\">\n\t\t\t\t\t\t<div class=\"elementor-element elementor-element-3b3e2bd elementor-widget elementor-widget-heading\" data-id=\"3b3e2bd\" data-element_type=\"widget\" data-e-type=\"widget\" id=\"Cennik\" data-widget_type=\"heading.default\">\n\t\t\t\t<div class=\"elementor-widget-container\">\n\t\t\t\t\t<h2 class=\"elementor-heading-title elementor-size-default\"><h3 style=\"font-family: var(--rio-heading-font-family),var(--rio-body-font-family),sans-serif;font-weight: var(--rio-heading-font-weight,600);font-size: calc(3rem * var(--rio-typo-ratio,1));line-height: var(--rio-heading-line-height,var(--rio-body-line-height));letter-spacing: var(--rio-heading-letter-spacing,var(--rio-body-letter-spacing))\">Cen\u00edk dopravy<\/h3><\/h2>\t\t\t\t<\/div>\n\t\t\t\t<\/div>\n\t\t\t\t\t<\/div>\n\t\t<\/div>\n\t\t\t\t\t<\/div>\n\t\t<\/section>\n\t\t\t\t<section class=\"elementor-section elementor-top-section elementor-element elementor-element-aade52f elementor-section-boxed elementor-section-height-default elementor-section-height-default\" data-id=\"aade52f\" data-element_type=\"section\" data-e-type=\"section\">\n\t\t\t\t\t\t<div class=\"elementor-container elementor-column-gap-default\">\n\t\t\t\t\t<div class=\"elementor-column elementor-col-100 elementor-top-column elementor-element elementor-element-b15fd58\" data-id=\"b15fd58\" data-element_type=\"column\" data-e-type=\"column\">\n\t\t\t<div class=\"elementor-widget-wrap elementor-element-populated\">\n\t\t\t\t\t\t<div class=\"elementor-element elementor-element-7984dcc elementor-widget elementor-widget-text-editor\" data-id=\"7984dcc\" data-element_type=\"widget\" data-e-type=\"widget\" data-widget_type=\"text-editor.default\">\n\t\t\t\t<div class=\"elementor-widget-container\">\n\t\t\t\t\t\t\t\t\t<p class=\"p1\">Pro doru\u010den\u00ed na Slovensko a do \u010cesk\u00e9 republiky si m\u016f\u017eete vybrat bu\u010f doru\u010den\u00ed kur\u00fdrem, nebo doru\u010den\u00ed na v\u00fddejn\u00ed m\u00edsta Packeta a do Z-Box\u016f.<\/p><p class=\"p1\">V p\u0159\u00edpad\u011b doru\u010den\u00ed do jin\u00fdch zem\u00ed v\u00e1m z\u00e1silku za\u0161leme bu\u010f kur\u00fdrem, nebo m\u00edstn\u00ed po\u0161tou.<\/p><p class=\"p1\">Cena po\u0161tovn\u00e9ho se odv\u00edj\u00ed od zem\u011b doru\u010den\u00ed a \u010d\u00e1stky uveden\u00e9 v tomto cen\u00edku jsou v\u010detn\u011b DPH platn\u00e9 v zemi, kam je z\u00e1silka doru\u010dov\u00e1na.<\/p><p class=\"p3\"><span class=\"s1\">V\u0161echny objedn\u00e1vky v hodnot\u011b vy\u0161\u0161\u00ed ne\u017e 4390 K\u010d pos\u00edl\u00e1me v r\u00e1mci Slovenska a \u010cesk\u00e9 republiky zdarma.<\/span><\/p><table style=\"margin-left: auto; margin-right: auto;\"><tbody><tr><td><p style=\"text-align: center;\">Zem\u011b<\/p><\/td><td><p style=\"text-align: center;\">Cena po\u0161tovn\u00e9ho<\/p><\/td><\/tr><tr><td><p style=\"text-align: center;\">Slovensko<\/p><\/td><td><p style=\"text-align: center;\">90 K\u010d<\/p><\/td><\/tr><tr><td><p style=\"text-align: center;\">\u010cesk\u00e1 republika<\/p><\/td><td><p style=\"text-align: center;\">130 K\u010d<\/p><\/td><\/tr><tr><td><p style=\"text-align: center;\">Belgie<\/p><\/td><td><p style=\"text-align: center;\">290 K\u010d<\/p><\/td><\/tr><tr><td><p style=\"text-align: center;\">Bulharsko<\/p><\/td><td><p style=\"text-align: center;\">135 K\u010d<\/p><\/td><\/tr><tr><td><p style=\"text-align: center;\">Chorvatsko<\/p><\/td><td><p style=\"text-align: center;\">160 K\u010d<\/p><\/td><\/tr><tr><td style=\"text-align: center;\"><p>D\u00e1nsko<\/p><\/td><td style=\"text-align: center;\"><p>470 K\u010d<\/p><\/td><\/tr><tr><td style=\"text-align: center;\"><p>Estonsko<\/p><\/td><td style=\"text-align: center;\"><p>240 K\u010d<\/p><\/td><\/tr><tr><td style=\"text-align: center;\"><p>Finsko<\/p><\/td><td style=\"text-align: center;\"><p>540 K\u010d<\/p><\/td><\/tr><tr><td style=\"text-align: center;\"><p>Francie<\/p><\/td><td style=\"text-align: center;\"><p>290 K\u010d<\/p><\/td><\/tr><tr><td style=\"text-align: center;\"><p>\u0158ecko<\/p><\/td><td style=\"text-align: center;\"><p>520 K\u010d<\/p><\/td><\/tr><tr><td style=\"text-align: center;\"><p>Nizozemsko<\/p><\/td><td style=\"text-align: center;\"><p>210 K\u010d<\/p><\/td><\/tr><tr><td style=\"text-align: center;\"><p>Irsko<\/p><\/td><td style=\"text-align: center;\"><p>450 K\u010d<\/p><\/td><\/tr><tr><td style=\"text-align: center;\"><p>Lichten\u0161tejnsko<\/p><\/td><td style=\"text-align: center;\"><p>400 K\u010d<\/p><\/td><\/tr><tr><td style=\"text-align: center;\"><p>Litva<\/p><\/td><td style=\"text-align: center;\"><p>240 K\u010d<\/p><\/td><\/tr><tr><td style=\"text-align: center;\"><p>Loty\u0161sko<\/p><\/td><td style=\"text-align: center;\"><p>270 K\u010d<\/p><\/td><\/tr><tr><td style=\"text-align: center;\"><p>Lucembursko<\/p><\/td><td style=\"text-align: center;\"><p>340 K\u010d<\/p><\/td><\/tr><tr><td style=\"text-align: center;\"><p>Ma\u010farsko<\/p><\/td><td style=\"text-align: center;\"><p>135 K\u010d<\/p><\/td><\/tr><tr><td style=\"text-align: center;\"><p>Malta<\/p><\/td><td style=\"text-align: center;\"><p>470 K\u010d<\/p><\/td><\/tr><tr><td style=\"text-align: center;\"><p>N\u011bmecko<\/p><\/td><td style=\"text-align: center;\"><p>190 K\u010d<\/p><\/td><\/tr><tr><td style=\"text-align: center;\"><p>Norsko<\/p><\/td><td style=\"text-align: center;\"><p>600 K\u010d<\/p><\/td><\/tr><tr><td style=\"text-align: center;\"><p>Polsko<\/p><\/td><td style=\"text-align: center;\"><p>210 K\u010d<\/p><\/td><\/tr><tr><td style=\"text-align: center;\"><p>Portugalsko<\/p><\/td><td style=\"text-align: center;\"><p>365 \u20ac<\/p><\/td><\/tr><tr><td style=\"text-align: center;\"><p>Rakousko<\/p><\/td><td style=\"text-align: center;\"><p>185 K\u010d<\/p><\/td><\/tr><tr><td style=\"text-align: center;\"><p>Rumunsko<\/p><\/td><td style=\"text-align: center;\"><p>160 K\u010d<\/p><\/td><\/tr><tr><td style=\"text-align: center;\"><p>Slovinsko<\/p><\/td><td style=\"text-align: center;\"><p>160 K\u010d<\/p><\/td><\/tr><tr><td style=\"text-align: center;\"><p>\u0160pan\u011blsko<\/p><\/td><td style=\"text-align: center;\"><p>290 K\u010d<\/p><\/td><\/tr><tr><td style=\"text-align: center;\"><p>Srbsko<\/p><\/td><td style=\"text-align: center;\"><p>400 K\u010d<\/p><\/td><\/tr><tr><td style=\"text-align: center;\"><p>\u0160v\u00fdcarsko<\/p><\/td><td style=\"text-align: center;\"><p>400 K\u010d<\/p><\/td><\/tr><tr><td style=\"text-align: center;\"><p>\u0160v\u00e9dsko<\/p><\/td><td style=\"text-align: center;\"><p>450 K\u010d<\/p><\/td><\/tr><tr><td style=\"text-align: center;\"><p>It\u00e1lie<\/p><\/td><td style=\"text-align: center;\"><p>210 K\u010d<\/p><\/td><\/tr><tr><td style=\"text-align: center;\"><p>Velk\u00e1 Brit\u00e1nie<\/p><\/td><td style=\"text-align: center;\"><p>450 K\u010d<\/p><\/td><\/tr><tr><td style=\"text-align: center;\"><p>Zbytek Evropy<\/p><\/td><td style=\"text-align: center;\"><p>520 K\u010d<\/p><\/td><\/tr><tr><td style=\"text-align: center;\"><p>Zbytek sv\u011bta<\/p><\/td><td style=\"text-align: center;\"><p>780 K\u010d<\/p><\/td><\/tr><\/tbody><\/table><p style=\"text-align: center;\">\u00a0<\/p>\t\t\t\t\t\t\t\t<\/div>\n\t\t\t\t<\/div>\n\t\t\t\t\t<\/div>\n\t\t<\/div>\n\t\t\t\t\t<\/div>\n\t\t<\/section>\n\t\t\t\t<\/div>\n\t\t","protected":false},"excerpt":{"rendered":"<p>Doprava Va\u0161i objedn\u00e1vku zpracujeme a p\u0159iprav\u00edme k odesl\u00e1n\u00ed co nejd\u0159\u00edve, obvykle b\u011bhem 1-2 dn\u016f. Zbo\u017e\u00ed odes\u00edl\u00e1me ka\u017ed\u00fd den. Kdy\u017e bal\u00edk p\u0159ed\u00e1me p\u0159epravci, dostanete automatick\u00fd e-mail s touto informac\u00ed. Cena dopravy nen\u00ed zahrnuta v cen\u011b zbo\u017e\u00ed a je ur\u010dena dle Cen\u00edku dopravy. Po odesl\u00e1n\u00ed z\u00e1silky v\u00e1m e-mailem za\u0161leme fakturu ve form\u00e1tu PDF, kter\u00e1 slou\u017e\u00ed jako \u00fa\u010detn\u00ed [&hellip;]<\/p>\n","protected":false},"author":2,"featured_media":0,"parent":0,"menu_order":0,"comment_status":"closed","ping_status":"closed","template":"","meta":{"site-sidebar-layout":"default","site-content-layout":"","ast-site-content-layout":"default","site-content-style":"default","site-sidebar-style":"default","ast-global-header-display":"","ast-banner-title-visibility":"","ast-main-header-display":"","ast-hfb-above-header-display":"","ast-hfb-below-header-display":"","ast-hfb-mobile-header-display":"","site-post-title":"","ast-breadcrumbs-content":"","ast-featured-img":"","footer-sml-layout":"","ast-disable-related-posts":"","theme-transparent-header-meta":"","adv-header-id-meta":"","stick-header-meta":"","header-above-stick-meta":"","header-main-stick-meta":"","header-below-stick-meta":"","astra-migrate-meta-layouts":"default","ast-page-background-enabled":"default","ast-page-background-meta":{"desktop":{"background-color":"var(--ast-global-color-5)","background-image":"","background-repeat":"repeat","background-position":"center center","background-size":"auto","background-attachment":"scroll","background-type":"","background-media":"","overlay-type":"","overlay-color":"","overlay-opacity":"","overlay-gradient":""},"tablet":{"background-color":"","background-image":"","background-repeat":"repeat","background-position":"center center","background-size":"auto","background-attachment":"scroll","background-type":"","background-media":"","overlay-type":"","overlay-color":"","overlay-opacity":"","overlay-gradient":""},"mobile":{"background-color":"","background-image":"","background-repeat":"repeat","background-position":"center center","background-size":"auto","background-attachment":"scroll","background-type":"","background-media":"","overlay-type":"","overlay-color":"","overlay-opacity":"","overlay-gradient":""}},"ast-content-background-meta":{"desktop":{"background-color":"var(--ast-global-color-4)","background-image":"","background-repeat":"repeat","background-position":"center center","background-size":"auto","background-attachment":"scroll","background-type":"","background-media":"","overlay-type":"","overlay-color":"","overlay-opacity":"","overlay-gradient":""},"tablet":{"background-color":"var(--ast-global-color-4)","background-image":"","background-repeat":"repeat","background-position":"center center","background-size":"auto","background-attachment":"scroll","background-type":"","background-media":"","overlay-type":"","overlay-color":"","overlay-opacity":"","overlay-gradient":""},"mobile":{"background-color":"var(--ast-global-color-4)","background-image":"","background-repeat":"repeat","background-position":"center center","background-size":"auto","background-attachment":"scroll","background-type":"","background-media":"","overlay-type":"","overlay-color":"","overlay-opacity":"","overlay-gradient":""}},"footnotes":""},"class_list":["post-9373","page","type-page","status-publish","hentry"],"_links":{"self":[{"href":"https:\/\/www.sestrice.com\/cs\/wp-json\/wp\/v2\/pages\/9373","targetHints":{"allow":["GET"]}}],"collection":[{"href":"https:\/\/www.sestrice.com\/cs\/wp-json\/wp\/v2\/pages"}],"about":[{"href":"https:\/\/www.sestrice.com\/cs\/wp-json\/wp\/v2\/types\/page"}],"author":[{"embeddable":true,"href":"https:\/\/www.sestrice.com\/cs\/wp-json\/wp\/v2\/users\/2"}],"replies":[{"embeddable":true,"href":"https:\/\/www.sestrice.com\/cs\/wp-json\/wp\/v2\/comments?post=9373"}],"version-history":[{"count":0,"href":"https:\/\/www.sestrice.com\/cs\/wp-json\/wp\/v2\/pages\/9373\/revisions"}],"wp:attachment":[{"href":"https:\/\/www.sestrice.com\/cs\/wp-json\/wp\/v2\/media?parent=9373"}],"curies":[{"name":"wp","href":"https:\/\/api.w.org\/{rel}","templated":true}]}}