{"id":9752,"date":"2023-03-23T21:54:21","date_gmt":"2023-03-23T20:54:21","guid":{"rendered":"https:\/\/www.sestrice.com\/platby\/"},"modified":"2023-06-27T20:54:17","modified_gmt":"2023-06-27T18:54:17","slug":"platby","status":"publish","type":"page","link":"https:\/\/www.sestrice.com\/cs\/platby\/","title":{"rendered":"Platby"},"content":{"rendered":"\n<h1 class=\"wp-block-heading\">Jak m\u016f\u017eete zaplatit<\/h1>\n\n<p><strong>Nab\u00edz\u00edme v\u00e1m n\u011bkolik zp\u016fsob\u016f \u00fahrady va\u0161\u00ed objedn\u00e1vky, abyste si mohli vybrat ten, kter\u00fd je pro v\u00e1s nejpohodln\u011bj\u0161\u00ed.<\/strong><\/p>\n\n<h3 class=\"wp-block-heading\">Platba na dob\u00edrku<\/h3>\n\n<p>Va\u0161i objedn\u00e1vku za\u0161leme po\u0161tou nebo kur\u00fdrn\u00ed spole\u010dnost\u00ed na zadanou adresu a zaplat\u00edte a\u017e p\u0159i jej\u00edm p\u0159evzet\u00ed. Tento zp\u016fsob platby je mo\u017en\u00fd pouze p\u0159i zas\u00edl\u00e1n\u00ed zbo\u017e\u00ed na Slovensku a v \u010cesk\u00e9 republice.<\/p>\n\n<h3 class=\"wp-block-heading\">Platba platebn\u00ed kartou VISA nebo MasterCard<\/h3>\n\n<p>Platba kreditn\u00edmi a debetn\u00edmi kartami VISA nebo MasterCard je nejroz\u0161\u00ed\u0159en\u011bj\u0161\u00ed zp\u016fsob platby na cel\u00e9m sv\u011bt\u011b, proto je vhodn\u00e1 i pro zahrani\u010dn\u00ed z\u00e1kazn\u00edky. Proces platby prob\u00edh\u00e1 prost\u0159ednictv\u00edm zabezpe\u010den\u00e9 platebn\u00ed br\u00e1ny, tak\u017ee my se nedostaneme k \u017e\u00e1dn\u00fdm \u00fadaj\u016fm o va\u0161\u00ed kart\u011b. <\/p>\n\n<h3 class=\"wp-block-heading\">PayPal<\/h3>\n\n<p>Po vytvo\u0159en\u00ed objedn\u00e1vky v\u00e1s p\u0159esm\u011brujeme p\u0159\u00edmo na str\u00e1nku platebn\u00ed slu\u017eby PayPal, kde se p\u0159ihl\u00e1s\u00edte a potvrd\u00edte va\u0161i platbu.<\/p>\n","protected":false},"excerpt":{"rendered":"<p>Jak m\u016f\u017eete zaplatit Nab\u00edz\u00edme v\u00e1m n\u011bkolik zp\u016fsob\u016f \u00fahrady va\u0161\u00ed objedn\u00e1vky, abyste si mohli vybrat ten, kter\u00fd je pro v\u00e1s nejpohodln\u011bj\u0161\u00ed. Platba na dob\u00edrku Va\u0161i objedn\u00e1vku za\u0161leme po\u0161tou nebo kur\u00fdrn\u00ed spole\u010dnost\u00ed na zadanou adresu a zaplat\u00edte a\u017e p\u0159i jej\u00edm p\u0159evzet\u00ed. Tento zp\u016fsob platby je mo\u017en\u00fd pouze p\u0159i zas\u00edl\u00e1n\u00ed zbo\u017e\u00ed na Slovensku a v \u010cesk\u00e9 republice. Platba [&hellip;]<\/p>\n","protected":false},"author":2,"featured_media":0,"parent":0,"menu_order":0,"comment_status":"closed","ping_status":"closed","template":"","meta":{"site-sidebar-layout":"default","site-content-layout":"","ast-site-content-layout":"default","site-content-style":"default","site-sidebar-style":"default","ast-global-header-display":"","ast-banner-title-visibility":"","ast-main-header-display":"","ast-hfb-above-header-display":"","ast-hfb-below-header-display":"","ast-hfb-mobile-header-display":"","site-post-title":"","ast-breadcrumbs-content":"","ast-featured-img":"","footer-sml-layout":"","ast-disable-related-posts":"","theme-transparent-header-meta":"","adv-header-id-meta":"","stick-header-meta":"","header-above-stick-meta":"","header-main-stick-meta":"","header-below-stick-meta":"","astra-migrate-meta-layouts":"default","ast-page-background-enabled":"default","ast-page-background-meta":{"desktop":{"background-color":"var(--ast-global-color-5)","background-image":"","background-repeat":"repeat","background-position":"center center","background-size":"auto","background-attachment":"scroll","background-type":"","background-media":"","overlay-type":"","overlay-color":"","overlay-opacity":"","overlay-gradient":""},"tablet":{"background-color":"","background-image":"","background-repeat":"repeat","background-position":"center center","background-size":"auto","background-attachment":"scroll","background-type":"","background-media":"","overlay-type":"","overlay-color":"","overlay-opacity":"","overlay-gradient":""},"mobile":{"background-color":"","background-image":"","background-repeat":"repeat","background-position":"center center","background-size":"auto","background-attachment":"scroll","background-type":"","background-media":"","overlay-type":"","overlay-color":"","overlay-opacity":"","overlay-gradient":""}},"ast-content-background-meta":{"desktop":{"background-color":"var(--ast-global-color-4)","background-image":"","background-repeat":"repeat","background-position":"center center","background-size":"auto","background-attachment":"scroll","background-type":"","background-media":"","overlay-type":"","overlay-color":"","overlay-opacity":"","overlay-gradient":""},"tablet":{"background-color":"var(--ast-global-color-4)","background-image":"","background-repeat":"repeat","background-position":"center center","background-size":"auto","background-attachment":"scroll","background-type":"","background-media":"","overlay-type":"","overlay-color":"","overlay-opacity":"","overlay-gradient":""},"mobile":{"background-color":"var(--ast-global-color-4)","background-image":"","background-repeat":"repeat","background-position":"center center","background-size":"auto","background-attachment":"scroll","background-type":"","background-media":"","overlay-type":"","overlay-color":"","overlay-opacity":"","overlay-gradient":""}},"footnotes":""},"class_list":["post-9752","page","type-page","status-publish","hentry"],"_links":{"self":[{"href":"https:\/\/www.sestrice.com\/cs\/wp-json\/wp\/v2\/pages\/9752","targetHints":{"allow":["GET"]}}],"collection":[{"href":"https:\/\/www.sestrice.com\/cs\/wp-json\/wp\/v2\/pages"}],"about":[{"href":"https:\/\/www.sestrice.com\/cs\/wp-json\/wp\/v2\/types\/page"}],"author":[{"embeddable":true,"href":"https:\/\/www.sestrice.com\/cs\/wp-json\/wp\/v2\/users\/2"}],"replies":[{"embeddable":true,"href":"https:\/\/www.sestrice.com\/cs\/wp-json\/wp\/v2\/comments?post=9752"}],"version-history":[{"count":0,"href":"https:\/\/www.sestrice.com\/cs\/wp-json\/wp\/v2\/pages\/9752\/revisions"}],"wp:attachment":[{"href":"https:\/\/www.sestrice.com\/cs\/wp-json\/wp\/v2\/media?parent=9752"}],"curies":[{"name":"wp","href":"https:\/\/api.w.org\/{rel}","templated":true}]}}