{"id":9757,"date":"2023-06-19T13:14:24","date_gmt":"2023-06-19T11:14:24","guid":{"rendered":"https:\/\/www.sestrice.com\/kontakt\/"},"modified":"2026-03-17T12:14:40","modified_gmt":"2026-03-17T11:14:40","slug":"kontakt","status":"publish","type":"page","link":"https:\/\/www.sestrice.com\/cs\/kontakt\/","title":{"rendered":"Kontakt"},"content":{"rendered":"\t\t<div data-elementor-type=\"wp-page\" data-elementor-id=\"9757\" class=\"elementor elementor-9757 elementor-9314\">\n\t\t\t\t\t\t<section class=\"elementor-section elementor-top-section elementor-element elementor-element-5443d4bc elementor-section-full_width elementor-section-height-default elementor-section-height-default\" data-id=\"5443d4bc\" data-element_type=\"section\" data-e-type=\"section\" data-settings=\"{&quot;background_background&quot;:&quot;classic&quot;}\">\n\t\t\t\t\t\t<div class=\"elementor-container elementor-column-gap-default\">\n\t\t\t\t\t<div class=\"elementor-column elementor-col-100 elementor-top-column elementor-element elementor-element-4cb99075\" data-id=\"4cb99075\" data-element_type=\"column\" data-e-type=\"column\">\n\t\t\t<div class=\"elementor-widget-wrap elementor-element-populated\">\n\t\t\t\t\t\t<div class=\"elementor-element elementor-element-57fe2c6c elementor-widget elementor-widget-heading\" data-id=\"57fe2c6c\" data-element_type=\"widget\" data-e-type=\"widget\" data-widget_type=\"heading.default\">\n\t\t\t\t<div class=\"elementor-widget-container\">\n\t\t\t\t\t<h4 class=\"elementor-heading-title elementor-size-default\">M\u00c1TE OT\u00c1ZKY?<\/h4>\t\t\t\t<\/div>\n\t\t\t\t<\/div>\n\t\t\t\t<div class=\"elementor-element elementor-element-4b4ecc16 elementor-widget elementor-widget-heading\" data-id=\"4b4ecc16\" data-element_type=\"widget\" data-e-type=\"widget\" data-widget_type=\"heading.default\">\n\t\t\t\t<div class=\"elementor-widget-container\">\n\t\t\t\t\t<h2 class=\"elementor-heading-title elementor-size-default\">Kontaktujte n\u00e1s<\/h2>\t\t\t\t<\/div>\n\t\t\t\t<\/div>\n\t\t\t\t\t<\/div>\n\t\t<\/div>\n\t\t\t\t\t<\/div>\n\t\t<\/section>\n\t\t\t\t<section class=\"elementor-section elementor-top-section elementor-element elementor-element-61a00478 elementor-section-content-top elementor-section-boxed elementor-section-height-default elementor-section-height-default\" data-id=\"61a00478\" data-element_type=\"section\" data-e-type=\"section\">\n\t\t\t\t\t\t<div class=\"elementor-container elementor-column-gap-default\">\n\t\t\t\t\t<div class=\"elementor-column elementor-col-50 elementor-top-column elementor-element elementor-element-18a96a7c\" data-id=\"18a96a7c\" data-element_type=\"column\" data-e-type=\"column\">\n\t\t\t<div class=\"elementor-widget-wrap elementor-element-populated\">\n\t\t\t\t\t\t<div class=\"elementor-element elementor-element-efb2b77 elementor-widget elementor-widget-heading\" data-id=\"efb2b77\" data-element_type=\"widget\" data-e-type=\"widget\" data-widget_type=\"heading.default\">\n\t\t\t\t<div class=\"elementor-widget-container\">\n\t\t\t\t\t<h4 class=\"elementor-heading-title elementor-size-default\">Napi\u0161te n\u00e1m<\/h4>\t\t\t\t<\/div>\n\t\t\t\t<\/div>\n\t\t\t\t<div class=\"elementor-element elementor-element-2ba27c0 elementor-widget elementor-widget-text-editor\" data-id=\"2ba27c0\" data-element_type=\"widget\" data-e-type=\"widget\" data-widget_type=\"text-editor.default\">\n\t\t\t\t<div class=\"elementor-widget-container\">\n\t\t\t\t\t\t\t\t\t<p>Chcete-li n\u00e1s kontaktovat, pou\u017eijte formul\u00e1\u0159 na t\u00e9to str\u00e1nce. M\u016f\u017eete n\u00e1m tak\u00e9 poslat e-mail na <a href=\"mailto:hello@sestrice.com\">adresu hello@sestrice.com<\/a> nebo prost\u0159ednictv\u00edm slu\u017eby <a href=\"http:\/\/m.me\/sestricewraps\">Messenger<\/a>.<\/p>\n\t\t\t\t\t\t\t\t<\/div>\n\t\t\t\t<\/div>\n\t\t\t\t<div class=\"elementor-element elementor-element-8f5b5f2 elementor-widget elementor-widget-heading\" data-id=\"8f5b5f2\" data-element_type=\"widget\" data-e-type=\"widget\" data-widget_type=\"heading.default\">\n\t\t\t\t<div class=\"elementor-widget-container\">\n\t\t\t\t\t<h4 class=\"elementor-heading-title elementor-size-default\">Sestrice Ateli\u00e9r - prodejna<\/h4>\t\t\t\t<\/div>\n\t\t\t\t<\/div>\n\t\t\t\t<div class=\"elementor-element elementor-element-4d04e5b elementor-widget__width-initial elementor-widget elementor-widget-text-editor\" data-id=\"4d04e5b\" data-element_type=\"widget\" data-e-type=\"widget\" data-widget_type=\"text-editor.default\">\n\t\t\t\t<div class=\"elementor-widget-container\">\n\t\t\t\t\t\t\t\t\tZ\u00e1poro\u017esk\u00e1 3<br>Bratislava<br><br><strong><span style=\"color: #000000; font-style: inherit;\">Otev\u0159eno ka\u017edou ST\u0158EDU v\u00a0\u010dase 10:00 \u2013 15:00.<\/span><\/strong>\t\t\t\t\t\t\t\t<\/div>\n\t\t\t\t<\/div>\n\t\t\t\t<div class=\"elementor-element elementor-element-4619b2f elementor-widget elementor-widget-heading\" data-id=\"4619b2f\" data-element_type=\"widget\" data-e-type=\"widget\" data-widget_type=\"heading.default\">\n\t\t\t\t<div class=\"elementor-widget-container\">\n\t\t\t\t\t<h4 class=\"elementor-heading-title elementor-size-default\">Poradenstv\u00ed p\u0159i no\u0161en\u00ed d\u011bt\u00ed<\/h4>\t\t\t\t<\/div>\n\t\t\t\t<\/div>\n\t\t\t\t<div class=\"elementor-element elementor-element-becd80b elementor-widget__width-initial elementor-widget elementor-widget-text-editor\" data-id=\"becd80b\" data-element_type=\"widget\" data-e-type=\"widget\" data-widget_type=\"text-editor.default\">\n\t\t\t\t<div class=\"elementor-widget-container\">\n\t\t\t\t\t\t\t\t\t<span style=\"font-style: inherit; font-weight: inherit;\">V na\u0161\u00ed prodejn\u011b v\u00a0Bratislav\u011b poskytujeme poradenstv\u00ed p\u0159i no\u0161en\u00ed d\u011bt\u00ed. Pom\u016f\u017eeme v\u00e1m vybrat ergonomick\u00e9 nos\u00edtko pro miminko nebo \u0161\u00e1tek na no\u0161en\u00ed podle v\u011bku d\u00edt\u011bte a uk\u00e1\u017eeme v\u00e1m spr\u00e1vn\u00e9 a ergonomick\u00e9 no\u0161en\u00ed, aby bylo pohodln\u00e9 pro v\u00e1s i bezpe\u010dn\u00e9 pro va\u0161e d\u00edt\u011b.<\/span><br><p data-start=\"897\" data-end=\"976\"><strong>Na poradenstv\u00ed b\u011bhem otev\u00edrac\u00ed doby se nemus\u00edte objedn\u00e1vat \u2013 sta\u010d\u00ed p\u0159ij\u00edt.<\/strong><\/p>\t\t\t\t\t\t\t\t<\/div>\n\t\t\t\t<\/div>\n\t\t\t\t<div class=\"elementor-element elementor-element-ca7e57f elementor-widget elementor-widget-heading\" data-id=\"ca7e57f\" data-element_type=\"widget\" data-e-type=\"widget\" data-widget_type=\"heading.default\">\n\t\t\t\t<div class=\"elementor-widget-container\">\n\t\t\t\t\t<h4 class=\"elementor-heading-title elementor-size-default\">Cen\u00edk poradenstv\u00ed a p\u016fj\u010dovn\u00e9ho<\/h4>\t\t\t\t<\/div>\n\t\t\t\t<\/div>\n\t\t\t\t<div class=\"elementor-element elementor-element-3780cf9 elementor-widget__width-initial elementor-widget elementor-widget-text-editor\" data-id=\"3780cf9\" data-element_type=\"widget\" data-e-type=\"widget\" data-widget_type=\"text-editor.default\">\n\t\t\t\t<div class=\"elementor-widget-container\">\n\t\t\t\t\t\t\t\t\t<strong>B\u011bhem otev\u00edrac\u00ed doby:<\/strong><br>Poradenstv\u00ed p\u0159i v\u00fdb\u011bru (nos\u00edtko nebo \u0161\u00e1tek) \u2013\u00a0zdarma<br>Nastaven\u00ed nos\u00edtka nebo \u0161\u00e1tku zakoupen\u00fdch u\u00a0n\u00e1s (eshop nebo prodejna) \u2013\u00a0zdarma<br>Nastaven\u00ed nos\u00edtka nebo \u0161\u00e1tku zakoupen\u00fdch jinde \u2013\u00a010\u00a0\u20ac (cca\u00a010\u00a0min)<br><br><strong>Mimo otev\u00edrac\u00ed dobu:<\/strong><br>Poradenstv\u00ed mimo otev\u00edrac\u00ed dobu je pot\u0159eba domluvit p\u0159edem.<br>Individu\u00e1ln\u00ed poradenstv\u00ed \u2013\u00a020\u00a0\u20ac (cca\u00a030\u00a0min)<br>Pokud si p\u0159i poradenstv\u00ed zakoup\u00edte nos\u00edtko nebo \u0161\u00e1tek, poradenstv\u00ed je bezplatn\u00e9.<br>Nastaven\u00ed nos\u00edtka nebo \u0161\u00e1tku \u2013\u00a010\u00a0\u20ac (cca\u00a010\u00a0min)<br><br><strong>P\u016fj\u010den\u00ed:<\/strong><br>P\u016fj\u010den\u00ed nos\u00edtka nebo \u0161\u00e1tku \u2013\u00a03\u00a0\u20ac\/den<br>Pokud si n\u00e1sledn\u011b zakoup\u00edte nos\u00edtko nebo \u0161\u00e1tek, p\u016fj\u010dovn\u00e9 do\u00a07\u00a0dn\u00ed neplat\u00edte.<br>P\u0159i p\u016fj\u010den\u00ed mimo otev\u00edrac\u00ed dobu se poradenstv\u00ed \u00fa\u010dtuje podle cen\u00edku.\t\t\t\t\t\t\t\t<\/div>\n\t\t\t\t<\/div>\n\t\t\t\t<div class=\"elementor-element elementor-element-51d9f6c elementor-widget elementor-widget-heading\" data-id=\"51d9f6c\" data-element_type=\"widget\" data-e-type=\"widget\" data-widget_type=\"heading.default\">\n\t\t\t\t<div class=\"elementor-widget-container\">\n\t\t\t\t\t<h4 class=\"elementor-heading-title elementor-size-default\">Jak prob\u00edh\u00e1 poradenstv\u00ed<\/h4>\t\t\t\t<\/div>\n\t\t\t\t<\/div>\n\t\t\t\t<div class=\"elementor-element elementor-element-1a1cb90 elementor-widget__width-initial elementor-widget elementor-widget-text-editor\" data-id=\"1a1cb90\" data-element_type=\"widget\" data-e-type=\"widget\" data-widget_type=\"text-editor.default\">\n\t\t\t\t<div class=\"elementor-widget-container\">\n\t\t\t\t\t\t\t\t\t<ol>\r\n \t<li>P\u0159ijdete k\u00a0n\u00e1m na\u00a0prodejnu b\u011bhem otev\u00edrac\u00ed doby.<\/li>\r\n \t<li>Uk\u00e1\u017eeme v\u00e1m r\u016fzn\u00e9 typy nos\u00edtek nebo \u0161\u00e1tk\u016f podle v\u011bku d\u00edt\u011bte.<\/li>\r\n \t<li>Pom\u016f\u017eeme v\u00e1m je spr\u00e1vn\u011b nastavit a vyzkou\u0161\u00edte si no\u0161en\u00ed s\u00a0miminkem.<\/li>\r\n \t<li>Spole\u010dn\u011b vybereme \u0159e\u0161en\u00ed, kter\u00e9 bude nejpohodln\u011bj\u0161\u00ed pro v\u00e1s i va\u0161e d\u00edt\u011b.<\/li>\r\n<\/ol><br><strong>Poradenstv\u00ed b\u011bhem otev\u00edrac\u00ed doby je bezplatn\u00e9.<\/strong>\t\t\t\t\t\t\t\t<\/div>\n\t\t\t\t<\/div>\n\t\t\t\t<div class=\"elementor-element elementor-element-04d3fcb elementor-widget elementor-widget-heading\" data-id=\"04d3fcb\" data-element_type=\"widget\" data-e-type=\"widget\" data-widget_type=\"heading.default\">\n\t\t\t\t<div class=\"elementor-widget-container\">\n\t\t\t\t\t<h4 class=\"elementor-heading-title elementor-size-default\">Vr\u00e1cen\u00ed, reklamace, v\u00fdm\u011bna zbo\u017e\u00ed<\/h4>\t\t\t\t<\/div>\n\t\t\t\t<\/div>\n\t\t\t\t<div class=\"elementor-element elementor-element-f5c6d92 elementor-widget__width-initial elementor-widget elementor-widget-text-editor\" data-id=\"f5c6d92\" data-element_type=\"widget\" data-e-type=\"widget\" data-widget_type=\"text-editor.default\">\n\t\t\t\t<div class=\"elementor-widget-container\">\n\t\t\t\t\t\t\t\t\t<div data-id=\"4a44abf\" data-element_type=\"widget\" data-widget_type=\"heading.default\">\n<p>V\u00edce informac\u00ed o\u00a0vr\u00e1cen\u00ed zbo\u017e\u00ed najdete v\u00a0\u010d\u00e1sti <a href=\"https:\/\/www.sestrice.com\/cs\/vraceni-zbozi\/\">Vr\u00e1cen\u00ed zbo\u017e\u00ed<\/a>.<\/p>\n<\/div>\n\t\t\t\t\t\t\t\t<\/div>\n\t\t\t\t<\/div>\n\t\t\t\t\t<\/div>\n\t\t<\/div>\n\t\t\t\t<div class=\"elementor-column elementor-col-50 elementor-top-column elementor-element elementor-element-7ebf26bd\" data-id=\"7ebf26bd\" data-element_type=\"column\" data-e-type=\"column\">\n\t\t\t<div class=\"elementor-widget-wrap elementor-element-populated\">\n\t\t\t\t\t\t<div class=\"elementor-element elementor-element-852959e elementor-widget elementor-widget-heading\" data-id=\"852959e\" data-element_type=\"widget\" data-e-type=\"widget\" data-widget_type=\"heading.default\">\n\t\t\t\t<div class=\"elementor-widget-container\">\n\t\t\t\t\t<h2 class=\"elementor-heading-title elementor-size-default\">Kontaktn\u00ed formul\u00e1\u0159<\/h2>\t\t\t\t<\/div>\n\t\t\t\t<\/div>\n\t\t\t\t<div class=\"elementor-element elementor-element-1997bb5 elementor-widget elementor-widget-shortcode\" data-id=\"1997bb5\" data-element_type=\"widget\" data-e-type=\"widget\" data-widget_type=\"shortcode.default\">\n\t\t\t\t<div class=\"elementor-widget-container\">\n\t\t\t\t\t\t\t<div class=\"elementor-shortcode\"><div class='fluentform ff-default fluentform_wrapper_7 ffs_default_wrap'><form data-form_id=\"7\" id=\"fluentform_7\" class=\"frm-fluent-form fluent_form_7 ff-el-form-top ff_form_instance_7_1 ff-form-loading ffs_default\" data-form_instance=\"ff_form_instance_7_1\" method=\"POST\" ><fieldset  style=\"border: none!important;margin: 0!important;padding: 0!important;background-color: transparent!important;box-shadow: none!important;outline: none!important; min-inline-size: 100%;\">\n                    <legend class=\"ff_screen_reader_title\" style=\"display: block; margin: 0!important;padding: 0!important;height: 0!important;text-indent: -999999px;width: 0!important;overflow:hidden;\">Contact-Form-CZ<\/legend><p style=\"display: none !important;\" class=\"akismet-fields-container\" data-prefix=\"ak_\"><label>&#916;<textarea name=\"ak_hp_textarea\" cols=\"45\" rows=\"8\" maxlength=\"100\"><\/textarea><\/label><input type=\"hidden\" id=\"ak_js_1\" name=\"ak_js\" value=\"14\"\/><script>document.getElementById( \"ak_js_1\" ).setAttribute( \"value\", ( new Date() ).getTime() );<\/script><\/p><input type='hidden' name='__fluent_form_embded_post_id' value='9757' \/><input type=\"hidden\" id=\"_fluentform_7_fluentformnonce\" name=\"_fluentform_7_fluentformnonce\" value=\"219140c527\" \/><input type=\"hidden\" name=\"_wp_http_referer\" value=\"\/cs\/wp-json\/wp\/v2\/pages\/9757\" \/><div data-type=\"name-element\" data-name=\"names\" class=\" ff-field_container ff-name-field-wrapper\" ><div class='ff-t-container'><div class='ff-t-cell '><div class='ff-el-group  ff-el-form-hide_label'><div class=\"ff-el-input--label asterisk-right\"><label for='ff_7_names_first_name_' id='label_ff_7_names_first_name_' >K\u0159estn\u00ed jm\u00e9no<\/label><\/div><div class='ff-el-input--content'><input type=\"text\" name=\"names[first_name]\" id=\"ff_7_names_first_name_\" class=\"ff-el-form-control\" placeholder=\"K\u0159estn\u00ed jm\u00e9no\" aria-invalid=\"false\" aria-required=false><\/div><\/div><\/div><div class='ff-t-cell '><div class='ff-el-group  ff-el-form-hide_label'><div class=\"ff-el-input--label asterisk-right\"><label for='ff_7_names_last_name_' id='label_ff_7_names_last_name_' >P\u0159\u00edjmen\u00ed<\/label><\/div><div class='ff-el-input--content'><input type=\"text\" name=\"names[last_name]\" id=\"ff_7_names_last_name_\" class=\"ff-el-form-control\" placeholder=\"P\u0159\u00edjmen\u00ed\" aria-invalid=\"false\" aria-required=false><\/div><\/div><\/div><\/div><\/div><div class='ff-el-group ff-el-form-hide_label'><div class=\"ff-el-input--label ff-el-is-required asterisk-right\"><label for='ff_7_email' id='label_ff_7_email' aria-label=\"V\u00e1\u0161 e-mail\">V\u00e1\u0161 e-mail<\/label><\/div><div class='ff-el-input--content'><input type=\"email\" name=\"email\" id=\"ff_7_email\" class=\"ff-el-form-control\" placeholder=\"V\u00e1\u0161 e-mail\" data-name=\"email\"  aria-invalid=\"false\" aria-required=true><\/div><\/div><div class='ff-el-group ff-el-form-hide_label'><div class=\"ff-el-input--label ff-el-is-required asterisk-right\"><label for='ff_7_message' id='label_ff_7_message' aria-label=\"Va\u0161a spr\u00e1va\">Va\u0161a spr\u00e1va<\/label><\/div><div class='ff-el-input--content'><textarea aria-required=\"true\" aria-labelledby=\"label_ff_7_message\" name=\"message\" id=\"ff_7_message\" class=\"ff-el-form-control\" placeholder=\"Va\u0161a spr\u00e1va\" rows=\"4\" cols=\"2\" data-name=\"message\" ><\/textarea><\/div><\/div><div class='ff-el-group ' ><div class='ff-el-input--content'><div data-fluent_id='7' name='g-recaptcha-response'><div\n\t\tdata-sitekey='6LculvQqAAAAAN9VosD0jB7oGy4ZutTuw7JXXucV'\n\t\tid='fluentform-recaptcha-7-1'\n\t\tclass='ff-el-recaptcha g-recaptcha'\n\t\tdata-callback='fluentFormrecaptchaSuccessCallback'><\/div><\/div><\/div><\/div><div class='ff-el-group ff-text-left ff_submit_btn_wrapper'><button type=\"submit\" class=\"ff-btn ff-btn-submit ff-btn-md ff_btn_style\"  aria-label=\"Odeslat formul\u00e1\u0159\">Odeslat formul\u00e1\u0159<\/button><\/div><\/fieldset><\/form><div id='fluentform_7_errors' class='ff-errors-in-stack ff_form_instance_7_1 ff-form-loading_errors ff_form_instance_7_1_errors'><\/div><\/div>            <script type=\"text\/javascript\">\n                window.fluent_form_ff_form_instance_7_1 = {\"id\":\"7\",\"ajaxUrl\":\"https:\\\/\\\/www.sestrice.com\\\/wp-admin\\\/admin-ajax.php\",\"settings\":{\"layout\":{\"labelPlacement\":\"top\",\"helpMessagePlacement\":\"with_label\",\"errorMessagePlacement\":\"inline\",\"cssClassName\":\"\",\"asteriskPlacement\":\"asterisk-right\"},\"restrictions\":{\"denyEmptySubmission\":{\"enabled\":false}}},\"form_instance\":\"ff_form_instance_7_1\",\"form_id_selector\":\"fluentform_7\",\"rules\":{\"names[first_name]\":{\"required\":{\"value\":false,\"message\":\"This field is required\",\"global\":false,\"global_message\":\"This field is required\"}},\"names[middle_name]\":{\"required\":{\"value\":false,\"message\":\"This field is required\",\"global\":false,\"global_message\":\"This field is required\"}},\"names[last_name]\":{\"required\":{\"value\":false,\"message\":\"This field is required\",\"global\":false,\"global_message\":\"This field is required\"}},\"email\":{\"required\":{\"value\":true,\"message\":\"This field is required\",\"global\":false,\"global_message\":\"This field is required\"},\"email\":{\"value\":true,\"message\":\"This field must contain a valid email\",\"global\":false,\"global_message\":\"This field must contain a valid email\"}},\"message\":{\"required\":{\"value\":true,\"message\":\"This field is required\",\"global\":false,\"global_message\":\"This field is required\"}},\"g-recaptcha-response\":[]},\"debounce_time\":300};\n                            <\/script>\n            <\/div>\n\t\t\t\t\t\t<\/div>\n\t\t\t\t<\/div>\n\t\t\t\t\t<\/div>\n\t\t<\/div>\n\t\t\t\t\t<\/div>\n\t\t<\/section>\n\t\t\t\t<section class=\"elementor-section elementor-top-section elementor-element elementor-element-39644ee elementor-section-boxed elementor-section-height-default elementor-section-height-default\" data-id=\"39644ee\" data-element_type=\"section\" data-e-type=\"section\">\n\t\t\t\t\t\t<div class=\"elementor-container elementor-column-gap-default\">\n\t\t\t\t\t<div class=\"elementor-column elementor-col-100 elementor-top-column elementor-element elementor-element-74828ba\" data-id=\"74828ba\" data-element_type=\"column\" data-e-type=\"column\">\n\t\t\t<div class=\"elementor-widget-wrap\">\n\t\t\t\t\t\t\t<\/div>\n\t\t<\/div>\n\t\t\t\t\t<\/div>\n\t\t<\/section>\n\t\t\t\t<\/div>\n\t\t","protected":false},"excerpt":{"rendered":"<p>M\u00c1TE OT\u00c1ZKY? Kontaktujte n\u00e1s Napi\u0161te n\u00e1m Chcete-li n\u00e1s kontaktovat, pou\u017eijte formul\u00e1\u0159 na t\u00e9to str\u00e1nce. M\u016f\u017eete n\u00e1m tak\u00e9 poslat e-mail na adresu hello@sestrice.com nebo prost\u0159ednictv\u00edm slu\u017eby Messenger. Sestrice Ateli\u00e9r &#8211; prodejna Z\u00e1poro\u017esk\u00e1 3Bratislava Otev\u0159eno ka\u017edou ST\u0158EDU v\u00a0\u010dase 10:00 \u2013 15:00. Poradenstv\u00ed p\u0159i no\u0161en\u00ed d\u011bt\u00ed V na\u0161\u00ed prodejn\u011b v\u00a0Bratislav\u011b poskytujeme poradenstv\u00ed p\u0159i no\u0161en\u00ed d\u011bt\u00ed. Pom\u016f\u017eeme v\u00e1m vybrat [&hellip;]<\/p>\n","protected":false},"author":2,"featured_media":0,"parent":0,"menu_order":0,"comment_status":"closed","ping_status":"closed","template":"elementor_header_footer","meta":{"site-sidebar-layout":"default","site-content-layout":"","ast-site-content-layout":"default","site-content-style":"default","site-sidebar-style":"default","ast-global-header-display":"","ast-banner-title-visibility":"","ast-main-header-display":"","ast-hfb-above-header-display":"","ast-hfb-below-header-display":"","ast-hfb-mobile-header-display":"","site-post-title":"","ast-breadcrumbs-content":"","ast-featured-img":"","footer-sml-layout":"","ast-disable-related-posts":"","theme-transparent-header-meta":"default","adv-header-id-meta":"","stick-header-meta":"","header-above-stick-meta":"","header-main-stick-meta":"","header-below-stick-meta":"","astra-migrate-meta-layouts":"default","ast-page-background-enabled":"default","ast-page-background-meta":{"desktop":{"background-color":"var(--ast-global-color-5)","background-image":"","background-repeat":"repeat","background-position":"center center","background-size":"auto","background-attachment":"scroll","background-type":"","background-media":"","overlay-type":"","overlay-color":"","overlay-opacity":"","overlay-gradient":""},"tablet":{"background-color":"","background-image":"","background-repeat":"repeat","background-position":"center center","background-size":"auto","background-attachment":"scroll","background-type":"","background-media":"","overlay-type":"","overlay-color":"","overlay-opacity":"","overlay-gradient":""},"mobile":{"background-color":"","background-image":"","background-repeat":"repeat","background-position":"center center","background-size":"auto","background-attachment":"scroll","background-type":"","background-media":"","overlay-type":"","overlay-color":"","overlay-opacity":"","overlay-gradient":""}},"ast-content-background-meta":{"desktop":{"background-color":"var(--ast-global-color-4)","background-image":"","background-repeat":"repeat","background-position":"center center","background-size":"auto","background-attachment":"scroll","background-type":"","background-media":"","overlay-type":"","overlay-color":"","overlay-opacity":"","overlay-gradient":""},"tablet":{"background-color":"var(--ast-global-color-4)","background-image":"","background-repeat":"repeat","background-position":"center center","background-size":"auto","background-attachment":"scroll","background-type":"","background-media":"","overlay-type":"","overlay-color":"","overlay-opacity":"","overlay-gradient":""},"mobile":{"background-color":"var(--ast-global-color-4)","background-image":"","background-repeat":"repeat","background-position":"center center","background-size":"auto","background-attachment":"scroll","background-type":"","background-media":"","overlay-type":"","overlay-color":"","overlay-opacity":"","overlay-gradient":""}},"footnotes":""},"class_list":["post-9757","page","type-page","status-publish","hentry"],"_links":{"self":[{"href":"https:\/\/www.sestrice.com\/cs\/wp-json\/wp\/v2\/pages\/9757","targetHints":{"allow":["GET"]}}],"collection":[{"href":"https:\/\/www.sestrice.com\/cs\/wp-json\/wp\/v2\/pages"}],"about":[{"href":"https:\/\/www.sestrice.com\/cs\/wp-json\/wp\/v2\/types\/page"}],"author":[{"embeddable":true,"href":"https:\/\/www.sestrice.com\/cs\/wp-json\/wp\/v2\/users\/2"}],"replies":[{"embeddable":true,"href":"https:\/\/www.sestrice.com\/cs\/wp-json\/wp\/v2\/comments?post=9757"}],"version-history":[{"count":6,"href":"https:\/\/www.sestrice.com\/cs\/wp-json\/wp\/v2\/pages\/9757\/revisions"}],"predecessor-version":[{"id":35792,"href":"https:\/\/www.sestrice.com\/cs\/wp-json\/wp\/v2\/pages\/9757\/revisions\/35792"}],"wp:attachment":[{"href":"https:\/\/www.sestrice.com\/cs\/wp-json\/wp\/v2\/media?parent=9757"}],"curies":[{"name":"wp","href":"https:\/\/api.w.org\/{rel}","templated":true}]}}