{"id":10016,"date":"2024-10-01T13:34:08","date_gmt":"2024-10-01T11:34:08","guid":{"rendered":"https:\/\/www.sestrice.com\/product\/babywearing-smart-cover\/"},"modified":"2026-04-24T10:45:59","modified_gmt":"2026-04-24T08:45:59","slug":"nosici-kapsa-babywearing-smart-cover","status":"publish","type":"product","link":"https:\/\/www.sestrice.com\/cs\/produkt\/nosici-kapsa-babywearing-smart-cover\/","title":{"rendered":"Nosic\u00ed kapsa Babywearing Smart Cover 2v1"},"content":{"rendered":"<p data-start=\"2713\" data-end=\"3096\">Na\u0161i funk\u010dn\u00ed ochrannou a zateplovac\u00ed <strong data-start=\"2773\" data-end=\"2819\">nosic\u00ed kapsu Babywearing Smart Cover 2 v 1<\/strong> jsme vyrobili z certifikovan\u00e9ho softshellu s jemn\u00fdm vnit\u0159n\u00edm fleecem. Materi\u00e1l spojuje t\u0159i kl\u00ed\u010dov\u00e9 vlastnosti \u2013 ochranu proti v\u011btru, vod\u011b a sou\u010dasn\u011b zachov\u00e1v\u00e1 prody\u0161nost. Vodn\u00ed sloupec 10 000 mm v\u00e1s ochr\u00e1n\u00ed p\u0159ed de\u0161t\u011bm, prody\u0161nost 3 000 g\/m\u00b2\/24 h zajist\u00ed pohodl\u00ed p\u0159i no\u0161en\u00ed.<\/p>\n<p data-start=\"3098\" data-end=\"3324\">Sou\u010d\u00e1st\u00ed je <strong data-start=\"3110\" data-end=\"3144\">odn\u00edmateln\u00e1 vlo\u017eka z ov\u010d\u00ed vlny<\/strong>, kter\u00e1 m\u00e1 vynikaj\u00edc\u00ed termoregula\u010dn\u00ed schopnosti a udr\u017e\u00ed d\u00edt\u011b v teple i v nejv\u011bt\u0161\u00edch mrazech. Bez vlo\u017eky kapsu vyu\u017eijete po cel\u00fd rok \u2013 jako ochranu p\u0159ed v\u011btrem, de\u0161t\u011bm \u010di chladem.<\/p>\n<p data-start=\"3326\" data-end=\"3686\"><strong data-start=\"3326\" data-end=\"3349\">Jednoduch\u00e9 uchycen\u00ed<\/strong> pomoc\u00ed nastaviteln\u00fdch popruh\u016f s p\u0159ezkami umo\u017e\u0148uje rychl\u00e9 nasazen\u00ed na jak\u00fdkoliv nosi\u010d nebo \u0161\u00e1tek a na jakoukoli postavu. Kapsa m\u00e1 praktick\u00e9 kapsy na ruce rodi\u010de, kapuci pro d\u00edt\u011b a d\u00edky regulovateln\u00fdm gumi\u010dk\u00e1m po obvodu se p\u0159izp\u016fsob\u00ed velikosti miminka. Vhodn\u00e1 od narozen\u00ed a\u017e zhruba do 4 let. Lze ji pou\u017e\u00edt p\u0159i no\u0161en\u00ed vp\u0159edu i na z\u00e1dech.<\/p>\n","protected":false},"excerpt":{"rendered":"<div class=\"html-div xdj266r x11i5rnm xat24cr x1mh8g0r xexx8yu x4uap5 x18d9i69 xkhd6sd xeuugli x1vjfegm\">\n<div class=\"html-div xdj266r x11i5rnm xat24cr x1mh8g0r xexx8yu x4uap5 x18d9i69 xkhd6sd x78zum5 xh8yej3\" role=\"presentation\">\n<div class=\"x78zum5 xdt5ytf x193iq5w x1n2onr6 x1kxipp6 xuk3077\">\n<div class=\"x78zum5 xh8yej3\" role=\"none\">\n<div class=\"html-div xdj266r x11i5rnm xat24cr x1mh8g0r xexx8yu x4uap5 x18d9i69 xkhd6sd x6ikm8r x10wlt62\"><\/div>\n<\/div>\n<\/div>\n<\/div>\n<\/div>\n<ul>\n<li>univerz\u00e1ln\u00ed softshellov\u00e1 ochrann\u00e1 a zateplovac\u00ed nosic\u00ed kapsa vhodn\u00e1 na v\u0161echny nosi\u010de a \u0161\u00e1tky<\/li>\n<li>celoro\u010dn\u00ed vyu\u017eit\u00ed<\/li>\n<li>odn\u00edmateln\u00e1 vlo\u017eka z ov\u010d\u00ed vlny s vynikaj\u00edc\u00ed termoregula\u010dn\u00ed funkc\u00ed \u2013 udr\u017e\u00ed miminko v teple i v mrazu<\/li>\n<li>d\u00edky d\u00edky gumi\u010dk\u00e1m ji p\u0159izp\u016fsob\u00edte od novorozence a\u017e po p\u0159ed\u0161kol\u00e1ka (do 4 let)<\/li>\n<li>lehk\u00e1 a skladn\u00e1 \u2013 snadno se vejde do batohu<\/li>\n<\/ul>\n","protected":false},"featured_media":17510,"comment_status":"open","ping_status":"closed","template":"","meta":{"site-sidebar-layout":"default","site-content-layout":"","ast-site-content-layout":"default","site-content-style":"default","site-sidebar-style":"default","ast-global-header-display":"","ast-banner-title-visibility":"","ast-main-header-display":"","ast-hfb-above-header-display":"","ast-hfb-below-header-display":"","ast-hfb-mobile-header-display":"","site-post-title":"","ast-breadcrumbs-content":"","ast-featured-img":"","footer-sml-layout":"","ast-disable-related-posts":"","theme-transparent-header-meta":"default","adv-header-id-meta":"","stick-header-meta":"","header-above-stick-meta":"","header-main-stick-meta":"","header-below-stick-meta":"","astra-migrate-meta-layouts":"set","ast-page-background-enabled":"default","ast-page-background-meta":{"desktop":{"background-color":"var(--ast-global-color-5)","background-image":"","background-repeat":"repeat","background-position":"center center","background-size":"auto","background-attachment":"scroll","background-type":"","background-media":"","overlay-type":"","overlay-color":"","overlay-opacity":"","overlay-gradient":""},"tablet":{"background-color":"","background-image":"","background-repeat":"repeat","background-position":"center center","background-size":"auto","background-attachment":"scroll","background-type":"","background-media":"","overlay-type":"","overlay-color":"","overlay-opacity":"","overlay-gradient":""},"mobile":{"background-color":"","background-image":"","background-repeat":"repeat","background-position":"center center","background-size":"auto","background-attachment":"scroll","background-type":"","background-media":"","overlay-type":"","overlay-color":"","overlay-opacity":"","overlay-gradient":""}},"ast-content-background-meta":{"desktop":{"background-color":"var(--ast-global-color-4)","background-image":"","background-repeat":"repeat","background-position":"center center","background-size":"auto","background-attachment":"scroll","background-type":"","background-media":"","overlay-type":"","overlay-color":"","overlay-opacity":"","overlay-gradient":""},"tablet":{"background-color":"var(--ast-global-color-4)","background-image":"","background-repeat":"repeat","background-position":"center center","background-size":"auto","background-attachment":"scroll","background-type":"","background-media":"","overlay-type":"","overlay-color":"","overlay-opacity":"","overlay-gradient":""},"mobile":{"background-color":"var(--ast-global-color-4)","background-image":"","background-repeat":"repeat","background-position":"center center","background-size":"auto","background-attachment":"scroll","background-type":"","background-media":"","overlay-type":"","overlay-color":"","overlay-opacity":"","overlay-gradient":""}}},"product_brand":[],"product_cat":[100,165,91],"product_tag":[],"class_list":{"0":"post-10016","1":"product","2":"type-product","3":"status-publish","4":"has-post-thumbnail","6":"product_cat-doplnky-cs","7":"product_cat-mikiny-cs","8":"product_cat-smart-fashion-cs-2","9":"pa_dizajn-black-cs","10":"pa_dizajn-forest-cs-2","11":"pa_dizajn-petrol-cs-2","12":"pa_dizajn-teal-cs","13":"desktop-align-left","14":"tablet-align-left","15":"mobile-align-left","17":"first","18":"instock","19":"featured","20":"taxable","21":"shipping-taxable","22":"purchasable","23":"product-type-variable","24":"has-default-attributes","25":"rtwpvg-product"},"_links":{"self":[{"href":"https:\/\/www.sestrice.com\/cs\/wp-json\/wp\/v2\/product\/10016","targetHints":{"allow":["GET"]}}],"collection":[{"href":"https:\/\/www.sestrice.com\/cs\/wp-json\/wp\/v2\/product"}],"about":[{"href":"https:\/\/www.sestrice.com\/cs\/wp-json\/wp\/v2\/types\/product"}],"replies":[{"embeddable":true,"href":"https:\/\/www.sestrice.com\/cs\/wp-json\/wp\/v2\/comments?post=10016"}],"version-history":[{"count":0,"href":"https:\/\/www.sestrice.com\/cs\/wp-json\/wp\/v2\/product\/10016\/revisions"}],"wp:featuredmedia":[{"embeddable":true,"href":"https:\/\/www.sestrice.com\/cs\/wp-json\/wp\/v2\/media\/17510"}],"wp:attachment":[{"href":"https:\/\/www.sestrice.com\/cs\/wp-json\/wp\/v2\/media?parent=10016"}],"wp:term":[{"taxonomy":"product_brand","embeddable":true,"href":"https:\/\/www.sestrice.com\/cs\/wp-json\/wp\/v2\/product_brand?post=10016"},{"taxonomy":"product_cat","embeddable":true,"href":"https:\/\/www.sestrice.com\/cs\/wp-json\/wp\/v2\/product_cat?post=10016"},{"taxonomy":"product_tag","embeddable":true,"href":"https:\/\/www.sestrice.com\/cs\/wp-json\/wp\/v2\/product_tag?post=10016"}],"curies":[{"name":"wp","href":"https:\/\/api.w.org\/{rel}","templated":true}]}}