{"id":10037,"date":"2022-06-12T15:45:21","date_gmt":"2022-06-12T13:45:21","guid":{"rendered":"https:\/\/www.sestrice.com\/product\/smart-dress-03\/"},"modified":"2024-12-07T00:05:20","modified_gmt":"2024-12-06T23:05:20","slug":"smart-dress-03","status":"publish","type":"product","link":"https:\/\/www.sestrice.com\/cs\/produkt\/smart-dress-03\/","title":{"rendered":"Smart Dress 03"},"content":{"rendered":"<div class=\"desc\">\n<div class=\"desc\">\n<div class=\"desc\">\n<div class=\"desc\">\n<div class=\"desc\">\n<div class=\"desc\">\n<ul>\n<li>M\u016f\u017eete je nosit tak, jak pr\u00e1v\u011b pot\u0159ebujete. Lodi\u010dkov\u00fd v\u00fdst\u0159ih na jedn\u00e9 stran\u011b vypad\u00e1 velmi elegantn\u011b a nen\u00e1padn\u00fd zip na druh\u00e9 stran\u011b umo\u017e\u0148uje snadn\u00e9 kojen\u00ed, pokud pot\u0159ebujete.<\/li>\n<li>\u017d\u00e1dn\u00e9 vol\u00e1nky, velk\u00e9 aplikace ani nic, co by p\u0159id\u00e1valo ne\u017e\u00e1douc\u00ed objem.<\/li>\n<li>Pohodln\u00e9 a p\u0159\u00edjemn\u00e9 pro ka\u017edodenn\u00ed no\u0161en\u00ed nejen v hork\u00fdch dnech, ale tak\u00e9 v kombinaci s d\u017e\u00ednami nebo pun\u010dochami v chladn\u011bj\u0161\u00edm po\u010das\u00ed.<\/li>\n<li>Jsou vyrobeny z leh\u010d\u00ed ln\u011bn\u00e9 visk\u00f3zy v troch velikostech.<\/li>\n<li>Samoz\u0159ejmost\u00ed jsou praktick\u00e9 kapsy na drobnosti, \u0161ijeme p\u0159ece \u0161aty pro m\u00e1my!<\/li>\n<li>Navr\u017een\u00e9 i u\u0161it\u00e9 s l\u00e1skou.<\/li>\n<\/ul>\n<\/div>\n<\/div>\n<\/div>\n<\/div>\n<\/div>\n<\/div>\n","protected":false},"excerpt":{"rendered":"<p>Smart Dress 03 jsou \u0161t\u00fdlov\u00e9 a extra pohodln\u00e9 oversize \u0161aty z leh\u010d\u00ed ln\u011bn\u00e9 visk\u00f3zy.<\/p>\n<p>Len je vzdu\u0161n\u00fd, sav\u00fd a antibakteri\u00e1ln\u00ed a jeho struktura dod\u00e1v\u00e1 tkanin\u011b nezam\u011bniteln\u00fd charakter. Visk\u00f3za naopak l\u00e1tku zm\u011bk\u010duje, je spl\u00fdvav\u00e1, chladiv\u00e1, m\u011bkk\u00e1 a zabra\u0148uje ma\u010dk\u00e1n\u00ed.<\/p>\n<p>To je ten nejlep\u0161\u00ed materi\u00e1l pro hork\u00e9 letn\u00ed dny!<\/p>\n","protected":false},"featured_media":21651,"comment_status":"open","ping_status":"closed","template":"","meta":{"site-sidebar-layout":"default","site-content-layout":"","ast-site-content-layout":"default","site-content-style":"default","site-sidebar-style":"default","ast-global-header-display":"","ast-banner-title-visibility":"","ast-main-header-display":"","ast-hfb-above-header-display":"","ast-hfb-below-header-display":"","ast-hfb-mobile-header-display":"","site-post-title":"","ast-breadcrumbs-content":"","ast-featured-img":"","footer-sml-layout":"","ast-disable-related-posts":"","theme-transparent-header-meta":"default","adv-header-id-meta":"","stick-header-meta":"","header-above-stick-meta":"","header-main-stick-meta":"","header-below-stick-meta":"","astra-migrate-meta-layouts":"default","ast-page-background-enabled":"default","ast-page-background-meta":{"desktop":{"background-color":"var(--ast-global-color-5)","background-image":"","background-repeat":"repeat","background-position":"center center","background-size":"auto","background-attachment":"scroll","background-type":"","background-media":"","overlay-type":"","overlay-color":"","overlay-opacity":"","overlay-gradient":""},"tablet":{"background-color":"","background-image":"","background-repeat":"repeat","background-position":"center center","background-size":"auto","background-attachment":"scroll","background-type":"","background-media":"","overlay-type":"","overlay-color":"","overlay-opacity":"","overlay-gradient":""},"mobile":{"background-color":"","background-image":"","background-repeat":"repeat","background-position":"center center","background-size":"auto","background-attachment":"scroll","background-type":"","background-media":"","overlay-type":"","overlay-color":"","overlay-opacity":"","overlay-gradient":""}},"ast-content-background-meta":{"desktop":{"background-color":"var(--ast-global-color-4)","background-image":"","background-repeat":"repeat","background-position":"center center","background-size":"auto","background-attachment":"scroll","background-type":"","background-media":"","overlay-type":"","overlay-color":"","overlay-opacity":"","overlay-gradient":""},"tablet":{"background-color":"var(--ast-global-color-4)","background-image":"","background-repeat":"repeat","background-position":"center center","background-size":"auto","background-attachment":"scroll","background-type":"","background-media":"","overlay-type":"","overlay-color":"","overlay-opacity":"","overlay-gradient":""},"mobile":{"background-color":"var(--ast-global-color-4)","background-image":"","background-repeat":"repeat","background-position":"center center","background-size":"auto","background-attachment":"scroll","background-type":"","background-media":"","overlay-type":"","overlay-color":"","overlay-opacity":"","overlay-gradient":""}}},"product_brand":[],"product_cat":[91],"product_tag":[],"class_list":{"0":"post-10037","1":"product","2":"type-product","3":"status-publish","4":"has-post-thumbnail","6":"product_cat-smart-fashion-cs-2","7":"pa_dizajn-peony-cs","8":"desktop-align-left","9":"tablet-align-left","10":"mobile-align-left","12":"first","13":"outofstock","14":"taxable","15":"shipping-taxable","16":"purchasable","17":"product-type-variable","18":"rtwpvg-product"},"_links":{"self":[{"href":"https:\/\/www.sestrice.com\/cs\/wp-json\/wp\/v2\/product\/10037","targetHints":{"allow":["GET"]}}],"collection":[{"href":"https:\/\/www.sestrice.com\/cs\/wp-json\/wp\/v2\/product"}],"about":[{"href":"https:\/\/www.sestrice.com\/cs\/wp-json\/wp\/v2\/types\/product"}],"replies":[{"embeddable":true,"href":"https:\/\/www.sestrice.com\/cs\/wp-json\/wp\/v2\/comments?post=10037"}],"version-history":[{"count":0,"href":"https:\/\/www.sestrice.com\/cs\/wp-json\/wp\/v2\/product\/10037\/revisions"}],"wp:featuredmedia":[{"embeddable":true,"href":"https:\/\/www.sestrice.com\/cs\/wp-json\/wp\/v2\/media\/21651"}],"wp:attachment":[{"href":"https:\/\/www.sestrice.com\/cs\/wp-json\/wp\/v2\/media?parent=10037"}],"wp:term":[{"taxonomy":"product_brand","embeddable":true,"href":"https:\/\/www.sestrice.com\/cs\/wp-json\/wp\/v2\/product_brand?post=10037"},{"taxonomy":"product_cat","embeddable":true,"href":"https:\/\/www.sestrice.com\/cs\/wp-json\/wp\/v2\/product_cat?post=10037"},{"taxonomy":"product_tag","embeddable":true,"href":"https:\/\/www.sestrice.com\/cs\/wp-json\/wp\/v2\/product_tag?post=10037"}],"curies":[{"name":"wp","href":"https:\/\/api.w.org\/{rel}","templated":true}]}}