{"id":10077,"date":"2025-05-16T09:10:56","date_gmt":"2025-05-16T07:10:56","guid":{"rendered":"https:\/\/www.sestrice.com\/product\/smart-skirt-01\/"},"modified":"2025-12-01T18:08:36","modified_gmt":"2025-12-01T17:08:36","slug":"smart-skirt-01","status":"publish","type":"product","link":"https:\/\/www.sestrice.com\/cs\/produkt\/smart-skirt-01\/","title":{"rendered":"Smart Skirt 01"},"content":{"rendered":"<div class=\"desc\">\n<p>Smart Skirt 01 je jednovelikostn\u00ed sukn\u011b s knofl\u00ed\u010dky po cel\u00e9 d\u00e9lce. Jej\u00ed pas je p\u0159izp\u016fsobiv\u00fd a sedne \u017een\u00e1m s obvodem 60 cm a\u017e 90 cm. Jak je to mo\u017en\u00e9? Uvnit\u0159 se nach\u00e1z\u00ed gumi\u010dka s d\u00edrkami a knofl\u00edky, d\u00edky kter\u00e9 si jej\u00ed obvod uprav\u00edte a na zadn\u00ed stran\u011b sukn\u011b je pohodln\u00e1 guma.<\/p>\n<p>Je vyrobeno ze 100% lnu (barva Ochre, Sakura) nebo 100% bavlny (barva Light Denim), je m\u011bkk\u00e9 a pru\u017en\u00e9 a ide\u00e1ln\u00ed pro celoro\u010dn\u00ed no\u0161en\u00ed.<\/p>\n<\/div>\n","protected":false},"excerpt":{"rendered":"<p>M\u00e1me sukni! V kr\u00e1sn\u00fdch barv\u00e1ch.<\/p>\n<p>\u200b\u200b\u200b\u200b\u200b\u200bA nejen tak ledajakou, jako v\u017edy, tro\u0161ku jsme si s n\u00ed pohr\u00e1li.<\/p>\n","protected":false},"featured_media":29024,"comment_status":"open","ping_status":"closed","template":"","meta":{"site-sidebar-layout":"default","site-content-layout":"","ast-site-content-layout":"default","site-content-style":"default","site-sidebar-style":"default","ast-global-header-display":"","ast-banner-title-visibility":"","ast-main-header-display":"","ast-hfb-above-header-display":"","ast-hfb-below-header-display":"","ast-hfb-mobile-header-display":"","site-post-title":"","ast-breadcrumbs-content":"","ast-featured-img":"","footer-sml-layout":"","ast-disable-related-posts":"","theme-transparent-header-meta":"default","adv-header-id-meta":"","stick-header-meta":"","header-above-stick-meta":"","header-main-stick-meta":"","header-below-stick-meta":"","astra-migrate-meta-layouts":"set","ast-page-background-enabled":"default","ast-page-background-meta":{"desktop":{"background-color":"var(--ast-global-color-5)","background-image":"","background-repeat":"repeat","background-position":"center center","background-size":"auto","background-attachment":"scroll","background-type":"","background-media":"","overlay-type":"","overlay-color":"","overlay-opacity":"","overlay-gradient":""},"tablet":{"background-color":"","background-image":"","background-repeat":"repeat","background-position":"center center","background-size":"auto","background-attachment":"scroll","background-type":"","background-media":"","overlay-type":"","overlay-color":"","overlay-opacity":"","overlay-gradient":""},"mobile":{"background-color":"","background-image":"","background-repeat":"repeat","background-position":"center center","background-size":"auto","background-attachment":"scroll","background-type":"","background-media":"","overlay-type":"","overlay-color":"","overlay-opacity":"","overlay-gradient":""}},"ast-content-background-meta":{"desktop":{"background-color":"var(--ast-global-color-4)","background-image":"","background-repeat":"repeat","background-position":"center center","background-size":"auto","background-attachment":"scroll","background-type":"","background-media":"","overlay-type":"","overlay-color":"","overlay-opacity":"","overlay-gradient":""},"tablet":{"background-color":"var(--ast-global-color-4)","background-image":"","background-repeat":"repeat","background-position":"center center","background-size":"auto","background-attachment":"scroll","background-type":"","background-media":"","overlay-type":"","overlay-color":"","overlay-opacity":"","overlay-gradient":""},"mobile":{"background-color":"var(--ast-global-color-4)","background-image":"","background-repeat":"repeat","background-position":"center center","background-size":"auto","background-attachment":"scroll","background-type":"","background-media":"","overlay-type":"","overlay-color":"","overlay-opacity":"","overlay-gradient":""}}},"product_brand":[],"product_cat":[91],"product_tag":[],"class_list":{"0":"post-10077","1":"product","2":"type-product","3":"status-publish","4":"has-post-thumbnail","6":"product_cat-smart-fashion-cs-2","7":"pa_dizajn-curry-cs","8":"pa_dizajn-light-denim-cs","9":"pa_dizajn-ochre-cs-2","10":"pa_dizajn-sakura-cs","11":"desktop-align-left","12":"tablet-align-left","13":"mobile-align-left","15":"first","16":"outofstock","17":"sale","18":"taxable","19":"shipping-taxable","20":"purchasable","21":"product-type-variable","22":"rtwpvg-product"},"_links":{"self":[{"href":"https:\/\/www.sestrice.com\/cs\/wp-json\/wp\/v2\/product\/10077","targetHints":{"allow":["GET"]}}],"collection":[{"href":"https:\/\/www.sestrice.com\/cs\/wp-json\/wp\/v2\/product"}],"about":[{"href":"https:\/\/www.sestrice.com\/cs\/wp-json\/wp\/v2\/types\/product"}],"replies":[{"embeddable":true,"href":"https:\/\/www.sestrice.com\/cs\/wp-json\/wp\/v2\/comments?post=10077"}],"version-history":[{"count":0,"href":"https:\/\/www.sestrice.com\/cs\/wp-json\/wp\/v2\/product\/10077\/revisions"}],"wp:featuredmedia":[{"embeddable":true,"href":"https:\/\/www.sestrice.com\/cs\/wp-json\/wp\/v2\/media\/29024"}],"wp:attachment":[{"href":"https:\/\/www.sestrice.com\/cs\/wp-json\/wp\/v2\/media?parent=10077"}],"wp:term":[{"taxonomy":"product_brand","embeddable":true,"href":"https:\/\/www.sestrice.com\/cs\/wp-json\/wp\/v2\/product_brand?post=10077"},{"taxonomy":"product_cat","embeddable":true,"href":"https:\/\/www.sestrice.com\/cs\/wp-json\/wp\/v2\/product_cat?post=10077"},{"taxonomy":"product_tag","embeddable":true,"href":"https:\/\/www.sestrice.com\/cs\/wp-json\/wp\/v2\/product_tag?post=10077"}],"curies":[{"name":"wp","href":"https:\/\/api.w.org\/{rel}","templated":true}]}}