{"id":10089,"date":"2023-04-15T07:37:35","date_gmt":"2023-04-15T05:37:35","guid":{"rendered":"https:\/\/www.sestrice.com\/product\/praci-gel-z-mydlovych-orechu-na-funkcni-sportovni-textil-s-koloidnim-stribrem\/"},"modified":"2025-12-01T18:08:52","modified_gmt":"2025-12-01T17:08:52","slug":"praci-gel-z-mydlovych-orechov-na-sportovy-funkcny-textil-s-koloidnym-striebrom","status":"publish","type":"product","link":"https:\/\/www.sestrice.com\/cs\/produkt\/praci-gel-z-mydlovych-orechov-na-sportovy-funkcny-textil-s-koloidnym-striebrom\/","title":{"rendered":"Prac\u00ed gel z m\u00fddlov\u00fdch o\u0159ech\u016f na funk\u010dn\u00ed sportovn\u00ed textil s koloidn\u00edm st\u0159\u00edbrem"},"content":{"rendered":"<p>Z\u00e1kladem tohoto prac\u00edho gelu je v\u00fdta\u017eek z m\u00fddlov\u00fdch o\u0159ech\u016f z\u00edskan\u00fd metodou extrakce za studena. Obsahuje koloidn\u00ed st\u0159\u00edbro, kter\u00e9 m\u00e1 antimikrobi\u00e1ln\u00ed a fungicidn\u00ed vlastnosti . Tento prac\u00ed koncentr\u00e1t byl vyvinut\u00fd pro nej\u0161etrn\u011bj\u0161\u00ed pran\u00ed sportovn\u00edho textilu, zejm\u00e9na pr\u00e1dla z dut\u00fdch vl\u00e1ken a mikrovl\u00e1ken. Pln\u011b zachov\u00e1 funk\u010dnost v\u0161ech speci\u00e1ln\u00edch materi\u00e1l\u016f pou\u017e\u00edvan\u00fdch na modern\u00ed sportovn\u00ed o\u0161acen\u00ed. Tak jako v\u0161echny prac\u00ed gely Tierra Verde neobsahuje \u017e\u00e1dn\u00e9 slo\u017eky, kter\u00e9 by z\u016fst\u00e1valy v l\u00e1tce, zan\u00e1\u0161ely dut\u00e9 kan\u00e1lky textiln\u00edch vl\u00e1ken a p\u0159i no\u0161en\u00ed pak dr\u00e1\u017edily k\u016f\u017ei. D\u00e1vkov\u00e1n\u00ed pro pran\u00ed 4-5 kg pr\u00e1dla v pra\u010dce do 40 \u00b0C: 30 ml Uchov\u00e1vejte mimo dosah d\u011bt\u00ed.<\/p>\n","protected":false},"excerpt":{"rendered":"<p>Koncentrovan\u00fd gel pro \u0161etrn\u00e9 a ekologick\u00e9 pran\u00ed sportovn\u00edho a funk\u010dn\u00edho oble\u010den\u00ed.<\/p>\n","protected":false},"featured_media":7766,"comment_status":"open","ping_status":"closed","template":"","meta":{"site-sidebar-layout":"default","site-content-layout":"","ast-site-content-layout":"default","site-content-style":"default","site-sidebar-style":"default","ast-global-header-display":"","ast-banner-title-visibility":"","ast-main-header-display":"","ast-hfb-above-header-display":"","ast-hfb-below-header-display":"","ast-hfb-mobile-header-display":"","site-post-title":"","ast-breadcrumbs-content":"","ast-featured-img":"","footer-sml-layout":"","ast-disable-related-posts":"","theme-transparent-header-meta":"default","adv-header-id-meta":"","stick-header-meta":"","header-above-stick-meta":"","header-main-stick-meta":"","header-below-stick-meta":"","astra-migrate-meta-layouts":"set","ast-page-background-enabled":"default","ast-page-background-meta":{"desktop":{"background-color":"var(--ast-global-color-5)","background-image":"","background-repeat":"repeat","background-position":"center center","background-size":"auto","background-attachment":"scroll","background-type":"","background-media":"","overlay-type":"","overlay-color":"","overlay-opacity":"","overlay-gradient":""},"tablet":{"background-color":"","background-image":"","background-repeat":"repeat","background-position":"center center","background-size":"auto","background-attachment":"scroll","background-type":"","background-media":"","overlay-type":"","overlay-color":"","overlay-opacity":"","overlay-gradient":""},"mobile":{"background-color":"","background-image":"","background-repeat":"repeat","background-position":"center center","background-size":"auto","background-attachment":"scroll","background-type":"","background-media":"","overlay-type":"","overlay-color":"","overlay-opacity":"","overlay-gradient":""}},"ast-content-background-meta":{"desktop":{"background-color":"var(--ast-global-color-4)","background-image":"","background-repeat":"repeat","background-position":"center center","background-size":"auto","background-attachment":"scroll","background-type":"","background-media":"","overlay-type":"","overlay-color":"","overlay-opacity":"","overlay-gradient":""},"tablet":{"background-color":"var(--ast-global-color-4)","background-image":"","background-repeat":"repeat","background-position":"center center","background-size":"auto","background-attachment":"scroll","background-type":"","background-media":"","overlay-type":"","overlay-color":"","overlay-opacity":"","overlay-gradient":""},"mobile":{"background-color":"var(--ast-global-color-4)","background-image":"","background-repeat":"repeat","background-position":"center center","background-size":"auto","background-attachment":"scroll","background-type":"","background-media":"","overlay-type":"","overlay-color":"","overlay-opacity":"","overlay-gradient":""}}},"product_brand":[],"product_cat":[100],"product_tag":[],"class_list":{"0":"post-10089","1":"product","2":"type-product","3":"status-publish","4":"has-post-thumbnail","6":"product_cat-doplnky-cs","7":"desktop-align-left","8":"tablet-align-left","9":"mobile-align-left","11":"first","12":"outofstock","13":"taxable","14":"shipping-taxable","15":"purchasable","16":"product-type-simple"},"_links":{"self":[{"href":"https:\/\/www.sestrice.com\/cs\/wp-json\/wp\/v2\/product\/10089","targetHints":{"allow":["GET"]}}],"collection":[{"href":"https:\/\/www.sestrice.com\/cs\/wp-json\/wp\/v2\/product"}],"about":[{"href":"https:\/\/www.sestrice.com\/cs\/wp-json\/wp\/v2\/types\/product"}],"replies":[{"embeddable":true,"href":"https:\/\/www.sestrice.com\/cs\/wp-json\/wp\/v2\/comments?post=10089"}],"version-history":[{"count":0,"href":"https:\/\/www.sestrice.com\/cs\/wp-json\/wp\/v2\/product\/10089\/revisions"}],"wp:featuredmedia":[{"embeddable":true,"href":"https:\/\/www.sestrice.com\/cs\/wp-json\/wp\/v2\/media\/7766"}],"wp:attachment":[{"href":"https:\/\/www.sestrice.com\/cs\/wp-json\/wp\/v2\/media?parent=10089"}],"wp:term":[{"taxonomy":"product_brand","embeddable":true,"href":"https:\/\/www.sestrice.com\/cs\/wp-json\/wp\/v2\/product_brand?post=10089"},{"taxonomy":"product_cat","embeddable":true,"href":"https:\/\/www.sestrice.com\/cs\/wp-json\/wp\/v2\/product_cat?post=10089"},{"taxonomy":"product_tag","embeddable":true,"href":"https:\/\/www.sestrice.com\/cs\/wp-json\/wp\/v2\/product_tag?post=10089"}],"curies":[{"name":"wp","href":"https:\/\/api.w.org\/{rel}","templated":true}]}}