{"id":10187,"date":"2024-07-07T18:32:47","date_gmt":"2024-07-07T16:32:47","guid":{"rendered":"https:\/\/www.sestrice.com\/product\/novorozenecky-satek-sestrice\/"},"modified":"2026-04-09T11:35:01","modified_gmt":"2026-04-09T09:35:01","slug":"satek","status":"publish","type":"product","link":"https:\/\/www.sestrice.com\/cs\/produkt\/satek\/","title":{"rendered":"\u0160\u00e1tek Sestrice"},"content":{"rendered":"<p>D\u00edky dlouholet\u00fdm zku\u0161enostem v\u00edme, jak vyrobit nejide\u00e1ln\u011bj\u0161\u00ed \u0161\u00e1tek pro novorozence i t\u011b\u017e\u0161\u00ed d\u011bti.<\/p>\n<ul>\n<li>p\u0159\u00edze certifikov\u00e1ny podle <strong>OEKO-TEX\u00ae Standard 100 produktov\u00e9 t\u0159\u00eddy 1<\/strong><\/li>\n<li>proces barven\u00ed spl\u0148uje krit\u00e9ria zdravotn\u00ed nez\u00e1vadnosti pro d\u011bti do t\u0159\u00ed let<\/li>\n<li>\u0161\u00ed\u0159ka \u0161\u00e1tku 72 cm p\u0159ed pran\u00edm<\/li>\n<\/ul>\n<p>Pod\u00edvejte se na n\u00e1\u0161 <strong><a href=\"https:\/\/youtu.be\/3axryveVXog\" target=\"_blank\" rel=\"noopener\">n\u00e1vod,<\/a><\/strong> jak spr\u00e1vn\u011b uv\u00e1zat d\u00edt\u011b do \u0161\u00e1tku.<\/p>\n<p style=\"text-align: left;\"><strong>Jak vybrat spr\u00e1vnou velikost \u0161\u00e1tku? Na\u0161e tabulka v\u00e1m pom\u016f\u017ee.<\/strong><\/p>\n<table class=\"Table\" style=\"margin-left: auto; margin-right: auto; border-collapse: collapse;\">\n<tbody>\n<tr>\n<td style=\"text-align: center;\"><b> konfekce \/ v\u00fd\u0161ka <\/b><\/td>\n<td style=\"text-align: center;\"><b> \u2264 172 cm <\/b><\/td>\n<td style=\"text-align: center;\"><b> &gt; 172 cm <\/b><\/td>\n<\/tr>\n<tr>\n<td style=\"text-align: center;\">34<\/td>\n<td style=\"text-align: center;\">5<\/td>\n<td style=\"text-align: center;\">5<\/td>\n<\/tr>\n<tr>\n<td style=\"text-align: center;\">36<\/td>\n<td style=\"text-align: center;\">5<\/td>\n<td style=\"text-align: center;\">6<\/td>\n<\/tr>\n<tr>\n<td style=\"text-align: center;\">38<\/td>\n<td style=\"text-align: center;\">6<\/td>\n<td style=\"text-align: center;\">6<\/td>\n<\/tr>\n<tr>\n<td style=\"text-align: center;\">40<\/td>\n<td style=\"text-align: center;\">6<\/td>\n<td style=\"text-align: center;\">6<\/td>\n<\/tr>\n<tr>\n<td style=\"text-align: center;\">42<\/td>\n<td style=\"text-align: center;\">6<\/td>\n<td style=\"text-align: center;\">7<\/td>\n<\/tr>\n<tr>\n<td style=\"text-align: center;\">44<\/td>\n<td style=\"text-align: center;\">7<\/td>\n<td style=\"text-align: center;\">7<\/td>\n<\/tr>\n<tr>\n<td style=\"text-align: center;\">46<\/td>\n<td style=\"text-align: center;\">7<\/td>\n<td style=\"text-align: center;\">7<\/td>\n<\/tr>\n<tr>\n<td style=\"text-align: center;\">48<\/td>\n<td style=\"text-align: center;\">7<\/td>\n<td style=\"text-align: center;\">7<\/td>\n<\/tr>\n<\/tbody>\n<\/table>\n<p style=\"text-align: left;\"><strong>D\u00e9lka \u0161\u00e1tku<\/strong><\/p>\n<table class=\"Table\" style=\"margin-left: auto; margin-right: auto; border-collapse: collapse;\">\n<tbody>\n<tr>\n<td style=\"text-align: center;\"><b> velikost <\/b><\/td>\n<td style=\"text-align: center;\"><b> 5 <\/b><\/td>\n<td style=\"text-align: center;\"><b>6<\/b><\/td>\n<td style=\"text-align: center;\"><b>7<\/b><\/td>\n<\/tr>\n<tr>\n<td style=\"text-align: center;\">d\u00e9lka<\/td>\n<td style=\"text-align: center;\">4,2 m<\/td>\n<td style=\"text-align: center;\">4,7 m<\/td>\n<td style=\"text-align: center;\">5,2 m<\/td>\n<\/tr>\n<\/tbody>\n<\/table>\n","protected":false},"excerpt":{"rendered":"<ul>\n<li>dokonal\u00fd prvn\u00ed \u0161\u00e1tek<\/li>\n<li>m\u011bkk\u00fd, jemn\u00fd, vyroben\u00fd z kvalitn\u00ed \u010desan\u00e9 bavlny<\/li>\n<li>d\u00edky speci\u00e1ln\u00edmu tkan\u00ed je dostate\u010dn\u011b pevn\u00fd, aby poskytl va\u0161emu d\u011b\u0165\u00e1tku tu spr\u00e1vnou oporu<\/li>\n<\/ul>\n","protected":false},"featured_media":6738,"comment_status":"open","ping_status":"closed","template":"","meta":{"site-sidebar-layout":"default","site-content-layout":"","ast-site-content-layout":"default","site-content-style":"default","site-sidebar-style":"default","ast-global-header-display":"","ast-banner-title-visibility":"","ast-main-header-display":"","ast-hfb-above-header-display":"","ast-hfb-below-header-display":"","ast-hfb-mobile-header-display":"","site-post-title":"","ast-breadcrumbs-content":"","ast-featured-img":"","footer-sml-layout":"","ast-disable-related-posts":"","theme-transparent-header-meta":"default","adv-header-id-meta":"","stick-header-meta":"","header-above-stick-meta":"","header-main-stick-meta":"","header-below-stick-meta":"","astra-migrate-meta-layouts":"set","ast-page-background-enabled":"default","ast-page-background-meta":{"desktop":{"background-color":"var(--ast-global-color-5)","background-image":"","background-repeat":"repeat","background-position":"center center","background-size":"auto","background-attachment":"scroll","background-type":"","background-media":"","overlay-type":"","overlay-color":"","overlay-opacity":"","overlay-gradient":""},"tablet":{"background-color":"","background-image":"","background-repeat":"repeat","background-position":"center center","background-size":"auto","background-attachment":"scroll","background-type":"","background-media":"","overlay-type":"","overlay-color":"","overlay-opacity":"","overlay-gradient":""},"mobile":{"background-color":"","background-image":"","background-repeat":"repeat","background-position":"center center","background-size":"auto","background-attachment":"scroll","background-type":"","background-media":"","overlay-type":"","overlay-color":"","overlay-opacity":"","overlay-gradient":""}},"ast-content-background-meta":{"desktop":{"background-color":"var(--ast-global-color-4)","background-image":"","background-repeat":"repeat","background-position":"center center","background-size":"auto","background-attachment":"scroll","background-type":"","background-media":"","overlay-type":"","overlay-color":"","overlay-opacity":"","overlay-gradient":""},"tablet":{"background-color":"var(--ast-global-color-4)","background-image":"","background-repeat":"repeat","background-position":"center center","background-size":"auto","background-attachment":"scroll","background-type":"","background-media":"","overlay-type":"","overlay-color":"","overlay-opacity":"","overlay-gradient":""},"mobile":{"background-color":"var(--ast-global-color-4)","background-image":"","background-repeat":"repeat","background-position":"center center","background-size":"auto","background-attachment":"scroll","background-type":"","background-media":"","overlay-type":"","overlay-color":"","overlay-opacity":"","overlay-gradient":""}}},"product_brand":[],"product_cat":[93],"product_tag":[],"class_list":{"0":"post-10187","1":"product","2":"type-product","3":"status-publish","4":"has-post-thumbnail","6":"product_cat-satky-cs","7":"pa_dizajn-clouds-grey-cs","8":"pa_dizajn-dreamers-cinnamon-cs","9":"pa_dizajn-dreamers-natur-cs","10":"pa_dizajn-herbs-peonies-cs","11":"pa_dizajn-poppy-grey-cs","12":"pa_dizajn-poppy-powder-pink-cs","13":"desktop-align-left","14":"tablet-align-left","15":"mobile-align-left","17":"first","18":"instock","19":"featured","20":"taxable","21":"shipping-taxable","22":"purchasable","23":"product-type-variable","24":"rtwpvg-product"},"_links":{"self":[{"href":"https:\/\/www.sestrice.com\/cs\/wp-json\/wp\/v2\/product\/10187","targetHints":{"allow":["GET"]}}],"collection":[{"href":"https:\/\/www.sestrice.com\/cs\/wp-json\/wp\/v2\/product"}],"about":[{"href":"https:\/\/www.sestrice.com\/cs\/wp-json\/wp\/v2\/types\/product"}],"replies":[{"embeddable":true,"href":"https:\/\/www.sestrice.com\/cs\/wp-json\/wp\/v2\/comments?post=10187"}],"version-history":[{"count":0,"href":"https:\/\/www.sestrice.com\/cs\/wp-json\/wp\/v2\/product\/10187\/revisions"}],"wp:featuredmedia":[{"embeddable":true,"href":"https:\/\/www.sestrice.com\/cs\/wp-json\/wp\/v2\/media\/6738"}],"wp:attachment":[{"href":"https:\/\/www.sestrice.com\/cs\/wp-json\/wp\/v2\/media?parent=10187"}],"wp:term":[{"taxonomy":"product_brand","embeddable":true,"href":"https:\/\/www.sestrice.com\/cs\/wp-json\/wp\/v2\/product_brand?post=10187"},{"taxonomy":"product_cat","embeddable":true,"href":"https:\/\/www.sestrice.com\/cs\/wp-json\/wp\/v2\/product_cat?post=10187"},{"taxonomy":"product_tag","embeddable":true,"href":"https:\/\/www.sestrice.com\/cs\/wp-json\/wp\/v2\/product_tag?post=10187"}],"curies":[{"name":"wp","href":"https:\/\/api.w.org\/{rel}","templated":true}]}}