{"id":13622,"date":"2022-07-05T09:34:53","date_gmt":"2022-07-05T07:34:53","guid":{"rendered":"https:\/\/www.sestrice.com\/?post_type=product&#038;p=13622"},"modified":"2024-01-28T22:38:23","modified_gmt":"2024-01-28T21:38:23","slug":"smart-dress-09","status":"publish","type":"product","link":"https:\/\/www.sestrice.com\/cs\/produkt\/smart-dress-09\/","title":{"rendered":"Smart Dress 09"},"content":{"rendered":"<p>Celoprop\u00ednac\u00ed kokosov\u00e9 knofl\u00edky, praktick\u00e9 kapsy a romantick\u00e1 d\u00e9lka pod kolena. \u0160aty jsou dopln\u011bny dlouh\u00fdm p\u00e1skem, kter\u00fd kr\u00e1sn\u011b zv\u00fdrazn\u00ed a podtrhne va\u0161i siluetu. U\u0161ili a navrhli jsme je pro v\u00e1s z vysoce kvalitn\u00ed evropsk\u00e9 ln\u011bn\u00e9 tkaniny. Len je antibakteri\u00e1ln\u00ed, chladiv\u00fd a hypoalergenn\u00ed. L\u00e1ska na prvn\u00ed oble\u010den\u00ed. <\/p>\n","protected":false},"excerpt":{"rendered":"<p>L\u00e9to je tady a s n\u00edm i na\u0161e prvn\u00ed \u0161aty na ram\u00ednka.<\/p>\n<p>Lehk\u00e9, p\u0159il\u00e9hav\u00e9, z p\u0159\u00edjemn\u00e9ho m\u011bkk\u00e9ho lnu.<\/p>\n","protected":false},"featured_media":13647,"comment_status":"open","ping_status":"closed","template":"","meta":{"site-sidebar-layout":"default","site-content-layout":"","ast-site-content-layout":"default","site-content-style":"default","site-sidebar-style":"default","ast-global-header-display":"","ast-banner-title-visibility":"","ast-main-header-display":"","ast-hfb-above-header-display":"","ast-hfb-below-header-display":"","ast-hfb-mobile-header-display":"","site-post-title":"","ast-breadcrumbs-content":"","ast-featured-img":"","footer-sml-layout":"","ast-disable-related-posts":"","theme-transparent-header-meta":"default","adv-header-id-meta":"","stick-header-meta":"","header-above-stick-meta":"","header-main-stick-meta":"","header-below-stick-meta":"","astra-migrate-meta-layouts":"default","ast-page-background-enabled":"default","ast-page-background-meta":{"desktop":{"background-color":"var(--ast-global-color-5)","background-image":"","background-repeat":"repeat","background-position":"center center","background-size":"auto","background-attachment":"scroll","background-type":"","background-media":"","overlay-type":"","overlay-color":"","overlay-opacity":"","overlay-gradient":""},"tablet":{"background-color":"","background-image":"","background-repeat":"repeat","background-position":"center center","background-size":"auto","background-attachment":"scroll","background-type":"","background-media":"","overlay-type":"","overlay-color":"","overlay-opacity":"","overlay-gradient":""},"mobile":{"background-color":"","background-image":"","background-repeat":"repeat","background-position":"center center","background-size":"auto","background-attachment":"scroll","background-type":"","background-media":"","overlay-type":"","overlay-color":"","overlay-opacity":"","overlay-gradient":""}},"ast-content-background-meta":{"desktop":{"background-color":"var(--ast-global-color-4)","background-image":"","background-repeat":"repeat","background-position":"center center","background-size":"auto","background-attachment":"scroll","background-type":"","background-media":"","overlay-type":"","overlay-color":"","overlay-opacity":"","overlay-gradient":""},"tablet":{"background-color":"var(--ast-global-color-4)","background-image":"","background-repeat":"repeat","background-position":"center center","background-size":"auto","background-attachment":"scroll","background-type":"","background-media":"","overlay-type":"","overlay-color":"","overlay-opacity":"","overlay-gradient":""},"mobile":{"background-color":"var(--ast-global-color-4)","background-image":"","background-repeat":"repeat","background-position":"center center","background-size":"auto","background-attachment":"scroll","background-type":"","background-media":"","overlay-type":"","overlay-color":"","overlay-opacity":"","overlay-gradient":""}}},"product_brand":[],"product_cat":[91],"product_tag":[],"class_list":{"0":"post-13622","1":"product","2":"type-product","3":"status-publish","4":"has-post-thumbnail","6":"product_cat-smart-fashion-cs-2","7":"pa_dizajn-checkers-cs","8":"pa_dizajn-mauve-cs","9":"desktop-align-left","10":"tablet-align-left","11":"mobile-align-left","13":"first","14":"outofstock","15":"taxable","16":"shipping-taxable","17":"product-type-variable","18":"rtwpvg-product"},"_links":{"self":[{"href":"https:\/\/www.sestrice.com\/cs\/wp-json\/wp\/v2\/product\/13622","targetHints":{"allow":["GET"]}}],"collection":[{"href":"https:\/\/www.sestrice.com\/cs\/wp-json\/wp\/v2\/product"}],"about":[{"href":"https:\/\/www.sestrice.com\/cs\/wp-json\/wp\/v2\/types\/product"}],"replies":[{"embeddable":true,"href":"https:\/\/www.sestrice.com\/cs\/wp-json\/wp\/v2\/comments?post=13622"}],"version-history":[{"count":0,"href":"https:\/\/www.sestrice.com\/cs\/wp-json\/wp\/v2\/product\/13622\/revisions"}],"wp:featuredmedia":[{"embeddable":true,"href":"https:\/\/www.sestrice.com\/cs\/wp-json\/wp\/v2\/media\/13647"}],"wp:attachment":[{"href":"https:\/\/www.sestrice.com\/cs\/wp-json\/wp\/v2\/media?parent=13622"}],"wp:term":[{"taxonomy":"product_brand","embeddable":true,"href":"https:\/\/www.sestrice.com\/cs\/wp-json\/wp\/v2\/product_brand?post=13622"},{"taxonomy":"product_cat","embeddable":true,"href":"https:\/\/www.sestrice.com\/cs\/wp-json\/wp\/v2\/product_cat?post=13622"},{"taxonomy":"product_tag","embeddable":true,"href":"https:\/\/www.sestrice.com\/cs\/wp-json\/wp\/v2\/product_tag?post=13622"}],"curies":[{"name":"wp","href":"https:\/\/api.w.org\/{rel}","templated":true}]}}