{"id":15989,"date":"2023-09-27T15:30:27","date_gmt":"2023-09-27T13:30:27","guid":{"rendered":"https:\/\/www.sestrice.com\/?post_type=product&#038;p=15989"},"modified":"2026-01-16T09:30:10","modified_gmt":"2026-01-16T08:30:10","slug":"smart-hoodie-03-s-merinem","status":"publish","type":"product","link":"https:\/\/www.sestrice.com\/cs\/produkt\/smart-hoodie-03-s-merinem\/","title":{"rendered":"Smart Hoodie 03 s merinem"},"content":{"rendered":"<p>Tato technick\u00e1 mikina poslou\u017e\u00ed jako st\u0159edn\u00ed vrstva po cel\u00fd rok. Vysoce kvalitn\u00ed a funk\u010dn\u00ed materi\u00e1l Merino Tecnowool\u00ae od Pontetorto\u00ae poskytuje v\u00fdjime\u010dnou h\u0159ejivost, pru\u017enost a odvod vlhkosti. Minimalistick\u00fd a nad\u010dasov\u00fd design z n\u00ed \u010din\u00ed ide\u00e1ln\u00ed mikinu pro sport i do m\u011bsta.<\/p>\n<p>V kombinaci se <a href=\"https:\/\/www.sestrice.com\/cs\/produkt\/smart-extender-03-anthracite-uni\/\">vsadkou<\/a> ze stejn\u00e9ho materi\u00e1lu je tato mikina vhodn\u00e1 i pro d\u011bti.<\/p>\n<p><a href=\"https:\/\/www.sestrice.com\/cs\/produkt\/smart-extender-03-anthracite-uni\/\">Vsadka<\/a> nen\u00ed sou\u010d\u00e1st\u00ed mikiny, je t\u0159eba ji dokoupit.<\/p>\n<p>&nbsp;<\/p>\n","protected":false},"excerpt":{"rendered":"<p>Funk\u010dn\u00ed a kvalitn\u00ed kousek, kter\u00fd lze snadno kombinovat a dlouhodob\u011b pou\u017e\u00edvat. P\u0159edstavujeme na\u0161i Smart Hoodie 03<\/p>\n<ul>\n<li>Pontetorto\u00ae Merino Tecnowool\u00ae<\/li>\n<li>odol\u00e1va z\u00e1pachu<\/li>\n<li>udr\u017eiteln\u00fd materi\u00e1l<\/li>\n<li>absorbuje vlhkost<\/li>\n<li>rychleschnouc\u00ed<\/li>\n<li>YKK\u00ae zipy<\/li>\n<li>otvor na palec<\/li>\n<li>2v1 &#8211; m\u016f\u017eete ji pou\u017e\u00edvat s d\u00edt\u011btem i bez n\u011bj<\/li>\n<\/ul>\n<p>Chcete-li zobrazit v\u00edce fotografi\u00ed, vyberte n\u00ed\u017ee uvedenou velikost.<\/p>\n","protected":false},"featured_media":34415,"comment_status":"open","ping_status":"closed","template":"","meta":{"site-sidebar-layout":"default","site-content-layout":"","ast-site-content-layout":"default","site-content-style":"default","site-sidebar-style":"default","ast-global-header-display":"","ast-banner-title-visibility":"","ast-main-header-display":"","ast-hfb-above-header-display":"","ast-hfb-below-header-display":"","ast-hfb-mobile-header-display":"","site-post-title":"","ast-breadcrumbs-content":"","ast-featured-img":"","footer-sml-layout":"","ast-disable-related-posts":"","theme-transparent-header-meta":"default","adv-header-id-meta":"","stick-header-meta":"","header-above-stick-meta":"","header-main-stick-meta":"","header-below-stick-meta":"","astra-migrate-meta-layouts":"set","ast-page-background-enabled":"default","ast-page-background-meta":{"desktop":{"background-color":"var(--ast-global-color-5)","background-image":"","background-repeat":"repeat","background-position":"center center","background-size":"auto","background-attachment":"scroll","background-type":"","background-media":"","overlay-type":"","overlay-color":"","overlay-opacity":"","overlay-gradient":""},"tablet":{"background-color":"","background-image":"","background-repeat":"repeat","background-position":"center center","background-size":"auto","background-attachment":"scroll","background-type":"","background-media":"","overlay-type":"","overlay-color":"","overlay-opacity":"","overlay-gradient":""},"mobile":{"background-color":"","background-image":"","background-repeat":"repeat","background-position":"center center","background-size":"auto","background-attachment":"scroll","background-type":"","background-media":"","overlay-type":"","overlay-color":"","overlay-opacity":"","overlay-gradient":""}},"ast-content-background-meta":{"desktop":{"background-color":"var(--ast-global-color-4)","background-image":"","background-repeat":"repeat","background-position":"center center","background-size":"auto","background-attachment":"scroll","background-type":"","background-media":"","overlay-type":"","overlay-color":"","overlay-opacity":"","overlay-gradient":""},"tablet":{"background-color":"var(--ast-global-color-4)","background-image":"","background-repeat":"repeat","background-position":"center center","background-size":"auto","background-attachment":"scroll","background-type":"","background-media":"","overlay-type":"","overlay-color":"","overlay-opacity":"","overlay-gradient":""},"mobile":{"background-color":"var(--ast-global-color-4)","background-image":"","background-repeat":"repeat","background-position":"center center","background-size":"auto","background-attachment":"scroll","background-type":"","background-media":"","overlay-type":"","overlay-color":"","overlay-opacity":"","overlay-gradient":""}}},"product_brand":[],"product_cat":[165,91],"product_tag":[],"class_list":{"0":"post-15989","1":"product","2":"type-product","3":"status-publish","4":"has-post-thumbnail","6":"product_cat-mikiny-cs","7":"product_cat-smart-fashion-cs-2","8":"desktop-align-left","9":"tablet-align-left","10":"mobile-align-left","12":"first","13":"instock","14":"taxable","15":"shipping-taxable","16":"purchasable","17":"product-type-variable","18":"rtwpvg-product"},"_links":{"self":[{"href":"https:\/\/www.sestrice.com\/cs\/wp-json\/wp\/v2\/product\/15989","targetHints":{"allow":["GET"]}}],"collection":[{"href":"https:\/\/www.sestrice.com\/cs\/wp-json\/wp\/v2\/product"}],"about":[{"href":"https:\/\/www.sestrice.com\/cs\/wp-json\/wp\/v2\/types\/product"}],"replies":[{"embeddable":true,"href":"https:\/\/www.sestrice.com\/cs\/wp-json\/wp\/v2\/comments?post=15989"}],"version-history":[{"count":0,"href":"https:\/\/www.sestrice.com\/cs\/wp-json\/wp\/v2\/product\/15989\/revisions"}],"wp:featuredmedia":[{"embeddable":true,"href":"https:\/\/www.sestrice.com\/cs\/wp-json\/wp\/v2\/media\/34415"}],"wp:attachment":[{"href":"https:\/\/www.sestrice.com\/cs\/wp-json\/wp\/v2\/media?parent=15989"}],"wp:term":[{"taxonomy":"product_brand","embeddable":true,"href":"https:\/\/www.sestrice.com\/cs\/wp-json\/wp\/v2\/product_brand?post=15989"},{"taxonomy":"product_cat","embeddable":true,"href":"https:\/\/www.sestrice.com\/cs\/wp-json\/wp\/v2\/product_cat?post=15989"},{"taxonomy":"product_tag","embeddable":true,"href":"https:\/\/www.sestrice.com\/cs\/wp-json\/wp\/v2\/product_tag?post=15989"}],"curies":[{"name":"wp","href":"https:\/\/api.w.org\/{rel}","templated":true}]}}