{"id":16388,"date":"2022-10-04T14:46:45","date_gmt":"2022-10-04T12:46:45","guid":{"rendered":"https:\/\/www.sestrice.com\/?post_type=product&#038;p=16388"},"modified":"2025-12-01T18:08:55","modified_gmt":"2025-12-01T17:08:55","slug":"smart-dress-04","status":"publish","type":"product","link":"https:\/\/www.sestrice.com\/cs\/produkt\/smart-dress-04\/","title":{"rendered":"Smart Dress 04"},"content":{"rendered":"<div class=\"desc\">\n<div class=\"desc\">\n<div class=\"desc\">\n<div class=\"desc\">\n<div class=\"desc\">\n<div class=\"desc\">\n<div class=\"x11i5rnm xat24cr x1mh8g0r x1vvkbs xtlvy1s x126k92a\">\n<div dir=\"auto\">\n<div dir=\"auto\">Model 04 z kolekce Smart Fashion m\u00e1 kokosov\u00e9 knofl\u00edky po cel\u00e9 d\u00e9lce. M\u016f\u017eete je nosit na z\u00e1dech nebo vep\u0159edu, podle toho, jak v\u00e1m to vyhovuje a zda pot\u0159ebujete kojit. \u0160aty jsou dopln\u011bny dlouh\u00fdm p\u00e1skem, kter\u00fd kr\u00e1sn\u011b zv\u00fdrazn\u00ed a podtrhne va\u0161i siluetu. Samoz\u0159ejmost\u00ed jsou praktick\u00e9 kapsy na drobnosti, \u0161ijeme p\u0159ece \u0161aty pro m\u00e1my!<\/div>\n<div dir=\"auto\"><\/div>\n<div dir=\"auto\"><\/div>\n<\/div>\n<\/div>\n<\/div>\n<\/div>\n<div dir=\"auto\">Ruk\u00e1vy jsou del\u0161\u00ed a lze je podle pot\u0159eby ohrnout a srolovat. St\u0159ih \u0161at\u016f je vzadu u\u017e\u0161\u00ed a ruk\u00e1vy jsou u\u0161it\u00e9 tak, aby vypadaly \u017eensky, ale nebyly p\u0159\u00edli\u0161 objemn\u00e9.<\/div>\n<div dir=\"auto\"><\/div>\n<div class=\"desc\">\n<div class=\"desc\">\n<div class=\"x11i5rnm xat24cr x1mh8g0r x1vvkbs xtlvy1s x126k92a\">\n<div dir=\"auto\">\n<div dir=\"auto\"><\/div>\n<div dir=\"auto\">Navr\u017een\u00e9 i u\u0161it\u00e9 s l\u00e1skou.<\/div>\n<\/div>\n<div dir=\"auto\"><\/div>\n<div dir=\"auto\"><\/div>\n<\/div>\n<div class=\"x11i5rnm xat24cr x1mh8g0r x1vvkbs xtlvy1s x126k92a\">\n<div dir=\"auto\"><\/div>\n<\/div>\n<\/div>\n<\/div>\n<\/div>\n<\/div>\n<\/div>\n<\/div>\n","protected":false},"excerpt":{"rendered":"<div dir=\"auto\">Zimn\u00ed verze na\u0161ich smart dress je vyrobena ze 100% evropsk\u00e9ho lnu o gram\u00e1\u017ei 205 g\/m\u00b2 nebo ze 100% bavlny. Smart Dress jsou l\u00e1ska <span class=\"x3nfvp2 x1j61x8r x1fcty0u xdj266r xhhsvwb xat24cr xgzva0m xxymvpz xlup9mm x1kky2od\"><img decoding=\"async\" src=\"https:\/\/static.xx.fbcdn.net\/images\/emoji.php\/v9\/tf3\/1.5\/16\/2764.png\" alt=\"\u2764\ufe0f\" width=\"16\" height=\"16\" \/><\/span><\/div>\n<div dir=\"auto\"><\/div>\n<div dir=\"auto\"><\/div>\n<div dir=\"auto\">V z\u00e1vislosti na okoln\u00ed teplot\u011b len zah\u0159\u00edv\u00e1 nebo chlad\u00ed a m\u00e1 antibakteri\u00e1ln\u00ed \u00fa\u010dinky. Len, ze kter\u00e9ho jsou \u0161aty vyrobeny, je speci\u00e1ln\u011b upraven, aby byl od po\u010d\u00e1tku m\u011bkk\u00fd a poddajn\u00fd.<\/div>\n","protected":false},"featured_media":23993,"comment_status":"open","ping_status":"closed","template":"","meta":{"site-sidebar-layout":"default","site-content-layout":"","ast-site-content-layout":"default","site-content-style":"default","site-sidebar-style":"default","ast-global-header-display":"","ast-banner-title-visibility":"","ast-main-header-display":"","ast-hfb-above-header-display":"","ast-hfb-below-header-display":"","ast-hfb-mobile-header-display":"","site-post-title":"","ast-breadcrumbs-content":"","ast-featured-img":"","footer-sml-layout":"","ast-disable-related-posts":"","theme-transparent-header-meta":"default","adv-header-id-meta":"","stick-header-meta":"","header-above-stick-meta":"","header-main-stick-meta":"","header-below-stick-meta":"","astra-migrate-meta-layouts":"set","ast-page-background-enabled":"default","ast-page-background-meta":{"desktop":{"background-color":"var(--ast-global-color-5)","background-image":"","background-repeat":"repeat","background-position":"center center","background-size":"auto","background-attachment":"scroll","background-type":"","background-media":"","overlay-type":"","overlay-color":"","overlay-opacity":"","overlay-gradient":""},"tablet":{"background-color":"","background-image":"","background-repeat":"repeat","background-position":"center center","background-size":"auto","background-attachment":"scroll","background-type":"","background-media":"","overlay-type":"","overlay-color":"","overlay-opacity":"","overlay-gradient":""},"mobile":{"background-color":"","background-image":"","background-repeat":"repeat","background-position":"center center","background-size":"auto","background-attachment":"scroll","background-type":"","background-media":"","overlay-type":"","overlay-color":"","overlay-opacity":"","overlay-gradient":""}},"ast-content-background-meta":{"desktop":{"background-color":"var(--ast-global-color-4)","background-image":"","background-repeat":"repeat","background-position":"center center","background-size":"auto","background-attachment":"scroll","background-type":"","background-media":"","overlay-type":"","overlay-color":"","overlay-opacity":"","overlay-gradient":""},"tablet":{"background-color":"var(--ast-global-color-4)","background-image":"","background-repeat":"repeat","background-position":"center center","background-size":"auto","background-attachment":"scroll","background-type":"","background-media":"","overlay-type":"","overlay-color":"","overlay-opacity":"","overlay-gradient":""},"mobile":{"background-color":"var(--ast-global-color-4)","background-image":"","background-repeat":"repeat","background-position":"center center","background-size":"auto","background-attachment":"scroll","background-type":"","background-media":"","overlay-type":"","overlay-color":"","overlay-opacity":"","overlay-gradient":""}}},"product_brand":[],"product_cat":[91],"product_tag":[],"class_list":{"0":"post-16388","1":"product","2":"type-product","3":"status-publish","4":"has-post-thumbnail","6":"product_cat-smart-fashion-cs-2","7":"pa_dizajn-moss-cs","8":"pa_dizajn-ochre-cs-2","9":"desktop-align-left","10":"tablet-align-left","11":"mobile-align-left","13":"first","14":"outofstock","15":"taxable","16":"shipping-taxable","17":"purchasable","18":"product-type-variable","19":"rtwpvg-product"},"_links":{"self":[{"href":"https:\/\/www.sestrice.com\/cs\/wp-json\/wp\/v2\/product\/16388","targetHints":{"allow":["GET"]}}],"collection":[{"href":"https:\/\/www.sestrice.com\/cs\/wp-json\/wp\/v2\/product"}],"about":[{"href":"https:\/\/www.sestrice.com\/cs\/wp-json\/wp\/v2\/types\/product"}],"replies":[{"embeddable":true,"href":"https:\/\/www.sestrice.com\/cs\/wp-json\/wp\/v2\/comments?post=16388"}],"version-history":[{"count":0,"href":"https:\/\/www.sestrice.com\/cs\/wp-json\/wp\/v2\/product\/16388\/revisions"}],"wp:featuredmedia":[{"embeddable":true,"href":"https:\/\/www.sestrice.com\/cs\/wp-json\/wp\/v2\/media\/23993"}],"wp:attachment":[{"href":"https:\/\/www.sestrice.com\/cs\/wp-json\/wp\/v2\/media?parent=16388"}],"wp:term":[{"taxonomy":"product_brand","embeddable":true,"href":"https:\/\/www.sestrice.com\/cs\/wp-json\/wp\/v2\/product_brand?post=16388"},{"taxonomy":"product_cat","embeddable":true,"href":"https:\/\/www.sestrice.com\/cs\/wp-json\/wp\/v2\/product_cat?post=16388"},{"taxonomy":"product_tag","embeddable":true,"href":"https:\/\/www.sestrice.com\/cs\/wp-json\/wp\/v2\/product_tag?post=16388"}],"curies":[{"name":"wp","href":"https:\/\/api.w.org\/{rel}","templated":true}]}}