{"id":22701,"date":"2024-08-22T19:36:14","date_gmt":"2024-08-22T17:36:14","guid":{"rendered":"https:\/\/www.sestrice.com\/product\/smart-dress-01\/"},"modified":"2025-12-01T18:08:40","modified_gmt":"2025-12-01T17:08:40","slug":"smart-dress-01","status":"publish","type":"product","link":"https:\/\/www.sestrice.com\/cs\/produkt\/smart-dress-01\/","title":{"rendered":"Smart Dress 01"},"content":{"rendered":"<p>Tyto \u0161aty jsou ide\u00e1ln\u00ed volbou pro ty, kdo hledaj\u00ed maxim\u00e1ln\u00ed pohodl\u00ed a styl v jednom. Voln\u011bj\u0161\u00ed st\u0159ih umo\u017e\u0148uje neomezen\u00fd pohyb a zaru\u010duje pohodl\u00ed po cel\u00fd den. \u0160aty jsou vyrobeny z kvalitn\u00edho a mimo\u0159\u00e1dn\u011b pohodln\u00e9ho mu\u0161el\u00ednu, kter\u00fd je zn\u00e1m\u00fd svou m\u011bkkost\u00ed a prody\u0161nost\u00ed. Tento materi\u00e1l je nejen lehk\u00fd a vzdu\u0161n\u00fd, ale tak\u00e9 velmi p\u0159\u00edjemn\u00fd na dotek, co\u017e \u010din\u00ed tyto \u0161aty dokonal\u00fdmi. D\u00edky sv\u00e9mu jednoduch\u00e9mu a elegantn\u00edmu designu jsou \u0161aty vhodn\u00e9 pro r\u016fzn\u00e9 p\u0159\u00edle\u017eitosti &#8211; od b\u011b\u017en\u00e9ho no\u0161en\u00ed a\u017e po neform\u00e1ln\u00ed setk\u00e1n\u00ed.<\/p>\n<p>Zamilujete si je pro jejich lehkost a pohodl\u00ed, kter\u00e9 se p\u0159izp\u016fsob\u00ed ka\u017ed\u00e9mu typu postavy.<\/p>\n","protected":false},"excerpt":{"rendered":"<p>Tyto \u0161aty nab\u00edzej\u00ed jedine\u010dnou kombinaci dokonal\u00e9ho pohodl\u00ed a stylu d\u00edky voln\u011bj\u0161\u00edmu st\u0159ihu a m\u011bkk\u00e9mu, prody\u0161n\u00e9mu mu\u0161el\u00ednu. Jsou ide\u00e1ln\u00ed pro r\u016fzn\u00e9 p\u0159\u00edle\u017eitosti a p\u0159edstavuj\u00ed skv\u011blou investici do kvalitn\u00edho a univerz\u00e1ln\u00edho kousku, kter\u00fd zaru\u010d\u00ed pohodl\u00ed a eleganci.<\/p>\n","protected":false},"featured_media":22814,"comment_status":"open","ping_status":"closed","template":"","meta":{"site-sidebar-layout":"default","site-content-layout":"","ast-site-content-layout":"default","site-content-style":"default","site-sidebar-style":"default","ast-global-header-display":"","ast-banner-title-visibility":"","ast-main-header-display":"","ast-hfb-above-header-display":"","ast-hfb-below-header-display":"","ast-hfb-mobile-header-display":"","site-post-title":"","ast-breadcrumbs-content":"","ast-featured-img":"","footer-sml-layout":"","ast-disable-related-posts":"","theme-transparent-header-meta":"default","adv-header-id-meta":"","stick-header-meta":"","header-above-stick-meta":"","header-main-stick-meta":"","header-below-stick-meta":"","astra-migrate-meta-layouts":"set","ast-page-background-enabled":"default","ast-page-background-meta":{"desktop":{"background-color":"var(--ast-global-color-5)","background-image":"","background-repeat":"repeat","background-position":"center center","background-size":"auto","background-attachment":"scroll","background-type":"","background-media":"","overlay-type":"","overlay-color":"","overlay-opacity":"","overlay-gradient":""},"tablet":{"background-color":"","background-image":"","background-repeat":"repeat","background-position":"center center","background-size":"auto","background-attachment":"scroll","background-type":"","background-media":"","overlay-type":"","overlay-color":"","overlay-opacity":"","overlay-gradient":""},"mobile":{"background-color":"","background-image":"","background-repeat":"repeat","background-position":"center center","background-size":"auto","background-attachment":"scroll","background-type":"","background-media":"","overlay-type":"","overlay-color":"","overlay-opacity":"","overlay-gradient":""}},"ast-content-background-meta":{"desktop":{"background-color":"var(--ast-global-color-4)","background-image":"","background-repeat":"repeat","background-position":"center center","background-size":"auto","background-attachment":"scroll","background-type":"","background-media":"","overlay-type":"","overlay-color":"","overlay-opacity":"","overlay-gradient":""},"tablet":{"background-color":"var(--ast-global-color-4)","background-image":"","background-repeat":"repeat","background-position":"center center","background-size":"auto","background-attachment":"scroll","background-type":"","background-media":"","overlay-type":"","overlay-color":"","overlay-opacity":"","overlay-gradient":""},"mobile":{"background-color":"var(--ast-global-color-4)","background-image":"","background-repeat":"repeat","background-position":"center center","background-size":"auto","background-attachment":"scroll","background-type":"","background-media":"","overlay-type":"","overlay-color":"","overlay-opacity":"","overlay-gradient":""}}},"product_brand":[],"product_cat":[91],"product_tag":[],"class_list":{"0":"post-22701","1":"product","2":"type-product","3":"status-publish","4":"has-post-thumbnail","6":"product_cat-smart-fashion-cs-2","7":"pa_dizajn-lavender-blush-cs","8":"desktop-align-left","9":"tablet-align-left","10":"mobile-align-left","12":"first","13":"instock","14":"sale","15":"taxable","16":"shipping-taxable","17":"purchasable","18":"product-type-variable","19":"has-default-attributes","20":"rtwpvg-product"},"_links":{"self":[{"href":"https:\/\/www.sestrice.com\/cs\/wp-json\/wp\/v2\/product\/22701","targetHints":{"allow":["GET"]}}],"collection":[{"href":"https:\/\/www.sestrice.com\/cs\/wp-json\/wp\/v2\/product"}],"about":[{"href":"https:\/\/www.sestrice.com\/cs\/wp-json\/wp\/v2\/types\/product"}],"replies":[{"embeddable":true,"href":"https:\/\/www.sestrice.com\/cs\/wp-json\/wp\/v2\/comments?post=22701"}],"version-history":[{"count":0,"href":"https:\/\/www.sestrice.com\/cs\/wp-json\/wp\/v2\/product\/22701\/revisions"}],"wp:featuredmedia":[{"embeddable":true,"href":"https:\/\/www.sestrice.com\/cs\/wp-json\/wp\/v2\/media\/22814"}],"wp:attachment":[{"href":"https:\/\/www.sestrice.com\/cs\/wp-json\/wp\/v2\/media?parent=22701"}],"wp:term":[{"taxonomy":"product_brand","embeddable":true,"href":"https:\/\/www.sestrice.com\/cs\/wp-json\/wp\/v2\/product_brand?post=22701"},{"taxonomy":"product_cat","embeddable":true,"href":"https:\/\/www.sestrice.com\/cs\/wp-json\/wp\/v2\/product_cat?post=22701"},{"taxonomy":"product_tag","embeddable":true,"href":"https:\/\/www.sestrice.com\/cs\/wp-json\/wp\/v2\/product_tag?post=22701"}],"curies":[{"name":"wp","href":"https:\/\/api.w.org\/{rel}","templated":true}]}}