{"id":24161,"date":"2024-11-11T13:14:23","date_gmt":"2024-11-11T12:14:23","guid":{"rendered":"https:\/\/www.sestrice.com\/?post_type=product&#038;p=24161"},"modified":"2025-12-03T21:36:25","modified_gmt":"2025-12-03T20:36:25","slug":"nakrcnik-s-merinem","status":"publish","type":"product","link":"https:\/\/www.sestrice.com\/cs\/produkt\/nakrcnik-s-merinem\/","title":{"rendered":"N\u00e1kr\u010dn\u00edk s merinem"},"content":{"rendered":"<div class=\"desc\">\n<ul>\n<li>H\u0159ejiv\u00fd dvouvrstv\u00fd n\u00e1kr\u010dn\u00edk z materi\u00e1lu Tecnowool od italsk\u00e9ho v\u00fdrobce Pontetorto, kter\u00fd je l\u00eddrem a pr\u016fkopn\u00edkem ve v\u00fdrob\u011b funk\u010dn\u00edch a udr\u017eiteln\u00fdch materi\u00e1l\u016f.<\/li>\n<li>D\u00edky dv\u011bma \u0159ad\u00e1m patentek m\u00e1 n\u00e1kr\u010dn\u00edk univerz\u00e1ln\u00ed velikost a m\u016f\u017eete si ho snadno p\u0159izp\u016fsobit obvodu krku.<\/li>\n<li>Vhodn\u00e9 pro \u017eeny i mu\u017ee.<\/li>\n<\/ul>\n<\/div>\n","protected":false},"excerpt":{"rendered":"<p>N\u00e1kr\u010dn\u00edk je vhodn\u00fd pro r\u016fzn\u00e9 sportovn\u00ed aktivity, d\u00edky sv\u00e9mu st\u0159ihu nen\u00ed objemn\u00fd a dokonale chr\u00e1n\u00ed krk a dekolt. M\u016f\u017eete ji tak\u00e9 pou\u017e\u00edt m\u00edsto \u0161\u00e1ly p\u0159i no\u0161en\u00ed d\u011bt\u00ed.<\/p>\n","protected":false},"featured_media":24171,"comment_status":"open","ping_status":"closed","template":"","meta":{"site-sidebar-layout":"default","site-content-layout":"","ast-site-content-layout":"default","site-content-style":"default","site-sidebar-style":"default","ast-global-header-display":"","ast-banner-title-visibility":"","ast-main-header-display":"","ast-hfb-above-header-display":"","ast-hfb-below-header-display":"","ast-hfb-mobile-header-display":"","site-post-title":"","ast-breadcrumbs-content":"","ast-featured-img":"","footer-sml-layout":"","ast-disable-related-posts":"","theme-transparent-header-meta":"default","adv-header-id-meta":"","stick-header-meta":"","header-above-stick-meta":"","header-main-stick-meta":"","header-below-stick-meta":"","astra-migrate-meta-layouts":"set","ast-page-background-enabled":"default","ast-page-background-meta":{"desktop":{"background-color":"var(--ast-global-color-5)","background-image":"","background-repeat":"repeat","background-position":"center center","background-size":"auto","background-attachment":"scroll","background-type":"","background-media":"","overlay-type":"","overlay-color":"","overlay-opacity":"","overlay-gradient":""},"tablet":{"background-color":"","background-image":"","background-repeat":"repeat","background-position":"center center","background-size":"auto","background-attachment":"scroll","background-type":"","background-media":"","overlay-type":"","overlay-color":"","overlay-opacity":"","overlay-gradient":""},"mobile":{"background-color":"","background-image":"","background-repeat":"repeat","background-position":"center center","background-size":"auto","background-attachment":"scroll","background-type":"","background-media":"","overlay-type":"","overlay-color":"","overlay-opacity":"","overlay-gradient":""}},"ast-content-background-meta":{"desktop":{"background-color":"var(--ast-global-color-4)","background-image":"","background-repeat":"repeat","background-position":"center center","background-size":"auto","background-attachment":"scroll","background-type":"","background-media":"","overlay-type":"","overlay-color":"","overlay-opacity":"","overlay-gradient":""},"tablet":{"background-color":"var(--ast-global-color-4)","background-image":"","background-repeat":"repeat","background-position":"center center","background-size":"auto","background-attachment":"scroll","background-type":"","background-media":"","overlay-type":"","overlay-color":"","overlay-opacity":"","overlay-gradient":""},"mobile":{"background-color":"var(--ast-global-color-4)","background-image":"","background-repeat":"repeat","background-position":"center center","background-size":"auto","background-attachment":"scroll","background-type":"","background-media":"","overlay-type":"","overlay-color":"","overlay-opacity":"","overlay-gradient":""}}},"product_brand":[],"product_cat":[100],"product_tag":[631],"class_list":{"0":"post-24161","1":"product","2":"type-product","3":"status-publish","4":"has-post-thumbnail","6":"product_cat-doplnky-cs","7":"product_tag-novinky-cs","8":"pa_dizajn-anthracite-cs","9":"pa_dizajn-nomad-cs","10":"desktop-align-left","11":"tablet-align-left","12":"mobile-align-left","14":"first","15":"instock","16":"taxable","17":"shipping-taxable","18":"purchasable","19":"product-type-variable","20":"rtwpvg-product"},"_links":{"self":[{"href":"https:\/\/www.sestrice.com\/cs\/wp-json\/wp\/v2\/product\/24161","targetHints":{"allow":["GET"]}}],"collection":[{"href":"https:\/\/www.sestrice.com\/cs\/wp-json\/wp\/v2\/product"}],"about":[{"href":"https:\/\/www.sestrice.com\/cs\/wp-json\/wp\/v2\/types\/product"}],"replies":[{"embeddable":true,"href":"https:\/\/www.sestrice.com\/cs\/wp-json\/wp\/v2\/comments?post=24161"}],"version-history":[{"count":0,"href":"https:\/\/www.sestrice.com\/cs\/wp-json\/wp\/v2\/product\/24161\/revisions"}],"wp:featuredmedia":[{"embeddable":true,"href":"https:\/\/www.sestrice.com\/cs\/wp-json\/wp\/v2\/media\/24171"}],"wp:attachment":[{"href":"https:\/\/www.sestrice.com\/cs\/wp-json\/wp\/v2\/media?parent=24161"}],"wp:term":[{"taxonomy":"product_brand","embeddable":true,"href":"https:\/\/www.sestrice.com\/cs\/wp-json\/wp\/v2\/product_brand?post=24161"},{"taxonomy":"product_cat","embeddable":true,"href":"https:\/\/www.sestrice.com\/cs\/wp-json\/wp\/v2\/product_cat?post=24161"},{"taxonomy":"product_tag","embeddable":true,"href":"https:\/\/www.sestrice.com\/cs\/wp-json\/wp\/v2\/product_tag?post=24161"}],"curies":[{"name":"wp","href":"https:\/\/api.w.org\/{rel}","templated":true}]}}