{"id":24392,"date":"2024-11-19T10:33:05","date_gmt":"2024-11-19T09:33:05","guid":{"rendered":"https:\/\/www.sestrice.com\/?post_type=product&#038;p=24392"},"modified":"2024-11-19T12:56:40","modified_gmt":"2024-11-19T11:56:40","slug":"nositko-sestrice-carrier-one-kopia","status":"publish","type":"product","link":"https:\/\/www.sestrice.com\/cs\/produkt\/nositko-sestrice-carrier-one-kopia\/","title":{"rendered":"Nosi\u010d Roosters Royal Blue ONE"},"content":{"rendered":"<h5>Na\u0161e novorozeneck\u00e9 nos\u00edtko m\u00e1 snadn\u00e9 a pohodln\u00e9 nastaven\u00ed<\/h5>\n<ul>\n<li>snadn\u00e9 nastaven\u00ed <strong>\u0161\u00ed\u0159ky z\u00e1dov\u00e9 op\u011brky 12 &#8211; 40 cm<\/strong> (od narozen\u00ed do 1,5 roku)<\/li>\n<li>nastaven\u00ed <strong>obvodu bedern\u00ed p\u00e1su od 62 cm do 127 cm<\/strong>, mo\u017enost <a href=\"http:\/\/www.sestrice.com\/produkt\/predlzenie-bedroveho-pasu\/\" target=\"_blank\" rel=\"noopener\">prodlou\u017een\u00ed<\/a> obvodu o 50 cm<\/li>\n<li>nastaven\u00ed \u0161\u00ed\u0159ky z\u00e1hlav\u00ed spolu s integrovanou kapuc\u00ed pro <strong>bezpe\u010dn\u00e9 ji\u0161t\u011bn\u00ed hlavi\u010dky<\/strong><\/li>\n<li>spr\u00e1vn\u00fd postup nastaven\u00ed nos\u00edtka Sestrice Carrier ONE naleznete v na\u0161em <a href=\"https:\/\/www.youtube.com\/watch?v=MEUtYVn0cys&amp;list=PLf4iFnojxJHXIrMC-p5HRkLR7gH40tVQI&amp;index=3\" target=\"_blank\" rel=\"noopener\">videon\u00e1vodu<\/a>.<\/li>\n<\/ul>\n<h5>Parametry nos\u00edtka<\/h5>\n<p style=\"text-align: left;\">Nos\u00edtko Sestrice Carrier ONE je vhodn\u00e9 <strong>od narozen\u00ed (3,5 kg) do 18 m\u011bs\u00edc\u016f.<\/strong><\/p>\n<table class=\" alignleft\" style=\"margin-left: auto; margin-right: auto;\">\n<tbody>\n<tr>\n<td>\n<table class=\"Table\">\n<tbody>\n<tr>\n<td style=\"text-align: center;\"> \u0160\u00ed\u0159ka op\u011bradla<\/td>\n<td style=\"text-align: center;\"> 12 &#8211; 40 cm<\/td>\n<\/tr>\n<tr>\n<td style=\"text-align: center;\"> V\u00fd\u0161ka op\u011bradla<\/td>\n<td style=\"text-align: center;\"> 31 &#8211; 49 cm<\/td>\n<\/tr>\n<tr>\n<td style=\"text-align: center;\"> Obvod bedern\u00edho p\u00e1su<\/td>\n<td style=\"text-align: center;\"> 62 &#8211; 127 cm<\/td>\n<\/tr>\n<tr>\n<td style=\"text-align: center;\"> Bedern\u00ed p\u00e1s<\/td>\n<td style=\"text-align: center;\"> M\u011bkk\u00e9 polstrov\u00e1n\u00ed s konstrukc\u00ed BellySupport<\/td>\n<\/tr>\n<tr>\n<td style=\"text-align: center;\"> Kapota<\/td>\n<td style=\"text-align: center;\"> neodn\u00edmateln\u00e1, pevn\u011b p\u0159i\u0161it\u00e1<\/td>\n<\/tr>\n<tr>\n<td style=\"text-align: center;\"> Ramenn\u00ed syst\u00e9m<\/td>\n<td style=\"text-align: center;\"> ShoulderComfort<\/td>\n<\/tr>\n<\/tbody>\n<\/table>\n<\/td>\n<\/tr>\n<\/tbody>\n<\/table>\n<h5>BellySupport<\/h5>\n<ul>\n<li>m\u011bkce polstrovan\u00fd bedern\u00ed p\u00e1s <strong>s integrovan\u00fdm zpev\u0148uj\u00edc\u00edm syst\u00e9mem BellySupport<\/strong> rozkl\u00e1d\u00e1 v\u00e1hu d\u00edt\u011bte po cel\u00e9 sv\u00e9 plo\u0161e<\/li>\n<li>poskytuje pot\u0159ebnou <strong>podporu pro poporodn\u00ed b\u0159icho<\/strong><\/li>\n<li>p\u0159izp\u016fsob\u00ed se va\u0161\u00ed postav\u011b<\/li>\n<\/ul>\n<h5>Ramenn\u00ed syst\u00e9m ShoulderComfort<\/h5>\n<ul>\n<li>sofistikovan\u00fd syst\u00e9m ramenn\u00edch popruh\u016f ShoulderComfort tvo\u0159\u00ed vz\u00e1jemn\u011b se dopl\u0148uj\u00edc\u00ed komponenty<\/li>\n<li><strong>pohodln\u011b tvarovan\u00e9 ramenn\u00ed popruhy s kolejnicemi<\/strong>, kter\u00e9 rovnom\u011brn\u011b rozkl\u00e1daj\u00ed v\u00e1hu<\/li>\n<li><strong>magnetick\u00e1 spona<\/strong>, kter\u00e1 usnad\u0148uje zap\u00edn\u00e1n\u00ed a rozep\u00edn\u00e1n\u00ed<\/li>\n<\/ul>\n<h5>Variabiln\u00ed ochrana ramenn\u00edch popruh\u016f<\/h5>\n<ul>\n<li>ochrann\u00e9 n\u00e1vleky se 3 patentkami, kter\u00e9 m\u016f\u017eete kdykoli rozepnout a n\u00e1vleky vyprat<\/li>\n<li><strong>2 mo\u017enosti p\u0159ipevn\u011bn\u00ed<\/strong> &#8211; v\u00e1lcov\u00fd nebo ku\u017eelov\u00fd tvar, kter\u00fd chr\u00e1n\u00ed i horn\u00ed \u010d\u00e1st z\u00e1dov\u00e9 op\u011brky<\/li>\n<\/ul>\n<h5>Pohodl\u00ed \u0161\u00e1tku. Prakti\u010dnost nos\u00edtka. <\/h5>\n<ul>\n<li>ide\u00e1ln\u00ed kombinace p\u0159\u00edz\u00ed a vazby pro spr\u00e1vnou m\u011bkkost, pru\u017enost a pevnost tkaniny<\/li>\n<li>ve srovn\u00e1n\u00ed s jin\u00fdmi l\u00e1tkami se tento materi\u00e1l l\u00e9pe p\u0159izp\u016fsob\u00ed t\u011blu d\u00edt\u011bte i nos\u00edc\u00ed osoby<\/li>\n<li>tkanina je dostate\u010dn\u011b pru\u017en\u00e1 a pevn\u00e1, aby poskytovala <strong>m\u011bkkost a pohodl\u00ed v praktick\u00e9m celorozep\u00ednac\u00edm proveden\u00ed<\/strong><\/li>\n<\/ul>\n<h5>Origin\u00e1ln\u00ed design<\/h5>\n<ul>\n<li>vlastn\u00ed tkaniny s certifik\u00e1tem bezpe\u010dnosti pro d\u011bti do 3 let<\/li>\n<li>autorsk\u00e9 designy i minimalismus<\/li>\n<\/ul>\n<h5>Nejvy\u0161\u0161\u00ed kvalita pro nejmen\u0161\u00ed<\/h5>\n<ul>\n<li><strong>testov\u00e1no<\/strong> v akreditovan\u00e9 evropsk\u00e9 laborato\u0159i v mechanick\u00fdch, chemick\u00fdch a ho\u0159lav\u00fdch bezpe\u010dnostn\u00edch testech<\/li>\n<li><strong>certifik\u00e1t<\/strong> podle EN 13209-2: 2016 Nevyztu\u017een\u00e1 nos\u00edtka<\/li>\n<li>vlastn\u00ed textilie <strong>s certifik\u00e1tem bezpe\u010dnosti pro d\u011bti do 3 let<\/strong><\/li>\n<li>p\u0159ezky a popruhy od evropsk\u00fdch dodavatel\u016f certifikovan\u00fdch podle nejp\u0159\u00edsn\u011bj\u0161\u00edch norem chemick\u00e9 a mechanick\u00e9 bezpe\u010dnosti <strong><a href=\"https:\/\/www.oeko-tex.com\/en\/consumer\/what_is_standard100\/what_is_standard100.xhtml\" target=\"_blank\" rel=\"noopener\">Oeko-Tex\u00ae Standard 100<\/a><\/strong><\/li>\n<\/ul>\n<div class=\"arm-text\">\n<h5>Sou\u010d\u00e1st\u00ed balen\u00ed je<\/h5>\n<ul>\n<li>nos\u00edtko<\/li>\n<li>dva ochrann\u00e9 kryty ramenn\u00edch popruh\u016f<\/li>\n<li>kapuce pro zaji\u0161t\u011bn\u00ed hlavy b\u011bhem sp\u00e1nku<\/li>\n<li><a title=\"Batoh Folk Heart\" href=\"https:\/\/www.sestrice.com\/nosenie-deti-doplnky\/batoh-folk-heart\/\" target=\"_blank\" rel=\"noopener\">praktick\u00fd batoh<\/a> na p\u0159en\u00e1\u0161en\u00ed nosi\u010de<\/li>\n<\/ul>\n<\/div>\n","protected":false},"excerpt":{"rendered":"<p>V nos\u00edtku <strong>Sestrice Carrier ONE<\/strong> m\u016f\u017eete nosit sv\u00e9 d\u00edt\u011b od narozen\u00ed a vydr\u017e\u00ed v\u00e1m p\u0159ibli\u017en\u011b do 1,5 roku. O m\u011bkk\u00e9m bedern\u00edm p\u00e1su BellySupport pro poporodn\u00ed b\u0159\u00ed\u0161ko a jeho dal\u0161\u00edch vlastnostech si m\u016f\u017eete p\u0159e\u010d\u00edst v popisu n\u00ed\u017ee.<\/p>\n<ul>\n<li><strong>od narozen\u00ed do p\u0159ibli\u017en\u011b 1,5 roku<\/strong><\/li>\n<li>bedern\u00ed p\u00e1s s podp\u011brou BellySupport<\/li>\n<li>ramenn\u00ed syst\u00e9m ShoulderComfort<\/li>\n<li>certifikov\u00e1no podle EN 13209-2: 2015 Nevyztu\u017een\u00e1 nos\u00edtka<\/li>\n<li>ka\u017ed\u00fd detail nos\u00edtka je pe\u010dliv\u011b promy\u0161len\u00fd a pe\u010dliv\u011b vypracovan\u00fd<\/li>\n<li>online poradenstv\u00ed<\/li>\n<li>doru\u010den\u00ed n\u00e1sleduj\u00edc\u00ed pracovn\u00ed den<\/li>\n<li>bezplatn\u00e1 doprava a vr\u00e1cen\u00ed v r\u00e1mci \u010cesk\u00e9 a Slovensk\u00e9 republiky<\/li>\n<\/ul>\n","protected":false},"featured_media":7413,"comment_status":"open","ping_status":"closed","template":"","meta":{"site-sidebar-layout":"default","site-content-layout":"","ast-site-content-layout":"default","site-content-style":"default","site-sidebar-style":"default","ast-global-header-display":"","ast-banner-title-visibility":"","ast-main-header-display":"","ast-hfb-above-header-display":"","ast-hfb-below-header-display":"","ast-hfb-mobile-header-display":"","site-post-title":"","ast-breadcrumbs-content":"","ast-featured-img":"","footer-sml-layout":"","ast-disable-related-posts":"","theme-transparent-header-meta":"","adv-header-id-meta":"","stick-header-meta":"","header-above-stick-meta":"","header-main-stick-meta":"","header-below-stick-meta":"","astra-migrate-meta-layouts":"default","ast-page-background-enabled":"default","ast-page-background-meta":{"desktop":{"background-color":"var(--ast-global-color-5)","background-image":"","background-repeat":"repeat","background-position":"center center","background-size":"auto","background-attachment":"scroll","background-type":"","background-media":"","overlay-type":"","overlay-color":"","overlay-opacity":"","overlay-gradient":""},"tablet":{"background-color":"","background-image":"","background-repeat":"repeat","background-position":"center center","background-size":"auto","background-attachment":"scroll","background-type":"","background-media":"","overlay-type":"","overlay-color":"","overlay-opacity":"","overlay-gradient":""},"mobile":{"background-color":"","background-image":"","background-repeat":"repeat","background-position":"center center","background-size":"auto","background-attachment":"scroll","background-type":"","background-media":"","overlay-type":"","overlay-color":"","overlay-opacity":"","overlay-gradient":""}},"ast-content-background-meta":{"desktop":{"background-color":"var(--ast-global-color-4)","background-image":"","background-repeat":"repeat","background-position":"center center","background-size":"auto","background-attachment":"scroll","background-type":"","background-media":"","overlay-type":"","overlay-color":"","overlay-opacity":"","overlay-gradient":""},"tablet":{"background-color":"var(--ast-global-color-4)","background-image":"","background-repeat":"repeat","background-position":"center center","background-size":"auto","background-attachment":"scroll","background-type":"","background-media":"","overlay-type":"","overlay-color":"","overlay-opacity":"","overlay-gradient":""},"mobile":{"background-color":"var(--ast-global-color-4)","background-image":"","background-repeat":"repeat","background-position":"center center","background-size":"auto","background-attachment":"scroll","background-type":"","background-media":"","overlay-type":"","overlay-color":"","overlay-opacity":"","overlay-gradient":""}}},"product_brand":[],"product_cat":[299],"product_tag":[],"class_list":{"0":"post-24392","1":"product","2":"type-product","3":"status-publish","4":"has-post-thumbnail","6":"product_cat-uncategorized-cs","7":"pa_dizajn-clouds-grey-cs","8":"pa_dizajn-clouds-petrol-cs","9":"pa_dizajn-comsos-khaki-cs","10":"pa_dizajn-dreamers-cinnamon-cs","11":"pa_dizajn-dreamers-natur-cs","12":"pa_dizajn-kaleidoscope-latte-cs","13":"pa_dizajn-poppy-grey-cs","14":"pa_dizajn-pure-grey-cs","15":"pa_dizajn-pure-khaki-cs","16":"pa_dizajn-pure-nutmeg-cs","17":"pa_dizajn-roosters-royal-blue-cs","18":"desktop-align-left","19":"tablet-align-left","20":"mobile-align-left","22":"first","23":"outofstock","24":"sale","25":"taxable","26":"shipping-taxable","27":"purchasable","28":"product-type-variable","29":"rtwpvg-product"},"_links":{"self":[{"href":"https:\/\/www.sestrice.com\/cs\/wp-json\/wp\/v2\/product\/24392","targetHints":{"allow":["GET"]}}],"collection":[{"href":"https:\/\/www.sestrice.com\/cs\/wp-json\/wp\/v2\/product"}],"about":[{"href":"https:\/\/www.sestrice.com\/cs\/wp-json\/wp\/v2\/types\/product"}],"replies":[{"embeddable":true,"href":"https:\/\/www.sestrice.com\/cs\/wp-json\/wp\/v2\/comments?post=24392"}],"version-history":[{"count":0,"href":"https:\/\/www.sestrice.com\/cs\/wp-json\/wp\/v2\/product\/24392\/revisions"}],"wp:featuredmedia":[{"embeddable":true,"href":"https:\/\/www.sestrice.com\/cs\/wp-json\/wp\/v2\/media\/7413"}],"wp:attachment":[{"href":"https:\/\/www.sestrice.com\/cs\/wp-json\/wp\/v2\/media?parent=24392"}],"wp:term":[{"taxonomy":"product_brand","embeddable":true,"href":"https:\/\/www.sestrice.com\/cs\/wp-json\/wp\/v2\/product_brand?post=24392"},{"taxonomy":"product_cat","embeddable":true,"href":"https:\/\/www.sestrice.com\/cs\/wp-json\/wp\/v2\/product_cat?post=24392"},{"taxonomy":"product_tag","embeddable":true,"href":"https:\/\/www.sestrice.com\/cs\/wp-json\/wp\/v2\/product_tag?post=24392"}],"curies":[{"name":"wp","href":"https:\/\/api.w.org\/{rel}","templated":true}]}}