{"id":24939,"date":"2024-12-09T14:08:28","date_gmt":"2024-12-09T13:08:28","guid":{"rendered":"https:\/\/www.sestrice.com\/?post_type=product&#038;p=24939"},"modified":"2026-03-25T11:31:43","modified_gmt":"2026-03-25T10:31:43","slug":"smart-dress-11-kopia","status":"publish","type":"product","link":"https:\/\/www.sestrice.com\/cs\/produkt\/smart-dress-11-kopia\/","title":{"rendered":"Smart Dress 12"},"content":{"rendered":"<p>Elegantn\u00ed a pohodln\u00e9 \u0161aty z vysoce kvalitn\u00edho bavln\u011bn\u00e9ho \u00fapletu nebo mu\u0161el\u00ednu. Tyto elegantn\u00ed \u0161aty jsou vyrobeny z velmi p\u0159\u00edjemn\u00e9ho bavln\u011bn\u00e9ho \u00fapletu nebo mu\u0161el\u00ednu od francouzsk\u00e9ho dodavatele, kter\u00fd zaru\u010duje kvalitu a pohodl\u00ed. D\u00edky jejich pe\u010dliv\u00e9mu zpracov\u00e1n\u00ed se stanou va\u0161\u00edm obl\u00edben\u00fdm kouskem pro ka\u017ed\u00fd den.<\/p>\n","protected":false},"excerpt":{"rendered":"<p>Praktick\u00fd design: \u0161aty maj\u00ed vp\u0159edu nen\u00e1padn\u00fd zip, kter\u00fd usnad\u0148uje obl\u00e9k\u00e1n\u00ed, umo\u017e\u0148uje diskr\u00e9tn\u00ed kojen\u00ed a p\u0159isp\u00edv\u00e1 k jejich funk\u010dnosti. Jsou dopln\u011bny praktick\u00fdmi kapsami, kter\u00e9 ocen\u00edte v ka\u017edodenn\u00edm \u017eivot\u011b. Celoro\u010dn\u00ed vyu\u017eit\u00ed: D\u00edky mo\u017enosti vrstven\u00ed jsou ide\u00e1ln\u00ed pro ka\u017ed\u00e9 ro\u010dn\u00ed obdob\u00ed.<br \/>\nKombinujte je s leg\u00ednami, pun\u010dochami nebo d\u017e\u00ednami a vytvo\u0159te si vlastn\u00ed styl. Tyto \u0161aty jsou ide\u00e1ln\u00ed volbou pro v\u0161echny \u017eeny, kter\u00e9 hledaj\u00ed pohodln\u00fd, funk\u010dn\u00ed a z\u00e1rove\u0148 elegantn\u00ed kousek do sv\u00e9ho \u0161atn\u00edku.<\/p>\n","protected":false},"featured_media":25017,"comment_status":"open","ping_status":"closed","template":"","meta":{"site-sidebar-layout":"default","site-content-layout":"","ast-site-content-layout":"default","site-content-style":"default","site-sidebar-style":"default","ast-global-header-display":"","ast-banner-title-visibility":"","ast-main-header-display":"","ast-hfb-above-header-display":"","ast-hfb-below-header-display":"","ast-hfb-mobile-header-display":"","site-post-title":"","ast-breadcrumbs-content":"","ast-featured-img":"","footer-sml-layout":"","ast-disable-related-posts":"","theme-transparent-header-meta":"default","adv-header-id-meta":"","stick-header-meta":"","header-above-stick-meta":"","header-main-stick-meta":"","header-below-stick-meta":"","astra-migrate-meta-layouts":"set","ast-page-background-enabled":"default","ast-page-background-meta":{"desktop":{"background-color":"var(--ast-global-color-5)","background-image":"","background-repeat":"repeat","background-position":"center center","background-size":"auto","background-attachment":"scroll","background-type":"","background-media":"","overlay-type":"","overlay-color":"","overlay-opacity":"","overlay-gradient":""},"tablet":{"background-color":"","background-image":"","background-repeat":"repeat","background-position":"center center","background-size":"auto","background-attachment":"scroll","background-type":"","background-media":"","overlay-type":"","overlay-color":"","overlay-opacity":"","overlay-gradient":""},"mobile":{"background-color":"","background-image":"","background-repeat":"repeat","background-position":"center center","background-size":"auto","background-attachment":"scroll","background-type":"","background-media":"","overlay-type":"","overlay-color":"","overlay-opacity":"","overlay-gradient":""}},"ast-content-background-meta":{"desktop":{"background-color":"var(--ast-global-color-4)","background-image":"","background-repeat":"repeat","background-position":"center center","background-size":"auto","background-attachment":"scroll","background-type":"","background-media":"","overlay-type":"","overlay-color":"","overlay-opacity":"","overlay-gradient":""},"tablet":{"background-color":"var(--ast-global-color-4)","background-image":"","background-repeat":"repeat","background-position":"center center","background-size":"auto","background-attachment":"scroll","background-type":"","background-media":"","overlay-type":"","overlay-color":"","overlay-opacity":"","overlay-gradient":""},"mobile":{"background-color":"var(--ast-global-color-4)","background-image":"","background-repeat":"repeat","background-position":"center center","background-size":"auto","background-attachment":"scroll","background-type":"","background-media":"","overlay-type":"","overlay-color":"","overlay-opacity":"","overlay-gradient":""}}},"product_brand":[],"product_cat":[91],"product_tag":[],"class_list":{"0":"post-24939","1":"product","2":"type-product","3":"status-publish","4":"has-post-thumbnail","6":"product_cat-smart-fashion-cs-2","7":"pa_dizajn-black-cs","8":"pa_dizajn-cobalt-cs","9":"pa_dizajn-lavender-blush-cs","10":"pa_dizajn-peach-cs","11":"desktop-align-left","12":"tablet-align-left","13":"mobile-align-left","15":"first","16":"instock","17":"sale","18":"taxable","19":"shipping-taxable","20":"purchasable","21":"product-type-variable","22":"rtwpvg-product"},"_links":{"self":[{"href":"https:\/\/www.sestrice.com\/cs\/wp-json\/wp\/v2\/product\/24939","targetHints":{"allow":["GET"]}}],"collection":[{"href":"https:\/\/www.sestrice.com\/cs\/wp-json\/wp\/v2\/product"}],"about":[{"href":"https:\/\/www.sestrice.com\/cs\/wp-json\/wp\/v2\/types\/product"}],"replies":[{"embeddable":true,"href":"https:\/\/www.sestrice.com\/cs\/wp-json\/wp\/v2\/comments?post=24939"}],"version-history":[{"count":1,"href":"https:\/\/www.sestrice.com\/cs\/wp-json\/wp\/v2\/product\/24939\/revisions"}],"predecessor-version":[{"id":35858,"href":"https:\/\/www.sestrice.com\/cs\/wp-json\/wp\/v2\/product\/24939\/revisions\/35858"}],"wp:featuredmedia":[{"embeddable":true,"href":"https:\/\/www.sestrice.com\/cs\/wp-json\/wp\/v2\/media\/25017"}],"wp:attachment":[{"href":"https:\/\/www.sestrice.com\/cs\/wp-json\/wp\/v2\/media?parent=24939"}],"wp:term":[{"taxonomy":"product_brand","embeddable":true,"href":"https:\/\/www.sestrice.com\/cs\/wp-json\/wp\/v2\/product_brand?post=24939"},{"taxonomy":"product_cat","embeddable":true,"href":"https:\/\/www.sestrice.com\/cs\/wp-json\/wp\/v2\/product_cat?post=24939"},{"taxonomy":"product_tag","embeddable":true,"href":"https:\/\/www.sestrice.com\/cs\/wp-json\/wp\/v2\/product_tag?post=24939"}],"curies":[{"name":"wp","href":"https:\/\/api.w.org\/{rel}","templated":true}]}}