{"id":29087,"date":"2023-05-13T11:08:29","date_gmt":"2023-05-13T09:08:29","guid":{"rendered":"https:\/\/www.sestrice.com\/product\/smart-skirt-05-checkers-uni\/"},"modified":"2025-12-01T18:08:49","modified_gmt":"2025-12-01T17:08:49","slug":"smart-skirt-05-checkers-uni","status":"publish","type":"product","link":"https:\/\/www.sestrice.com\/cs\/produkt\/smart-skirt-05-checkers-uni\/","title":{"rendered":"Smart Skirt 05 Checkers UNI"},"content":{"rendered":"<p class=\"\" data-start=\"51\" data-end=\"344\"><strong data-start=\"51\" data-end=\"85\">Na\u0161e nejnov\u011bj\u0161\u00ed Smart Skirt 05<\/strong> je navr\u017eena s l\u00e1skou k detail\u016fm a pot\u0159eb\u00e1m ka\u017edodenn\u00edho \u017eivota. D\u00edky nastaviteln\u00e9mu pasu padne \u017een\u00e1m s obvodem pasu a\u017e do 96 cm \u2013 jednodu\u0161e si ji uprav\u00edte pomoc\u00ed vnit\u0159n\u00ed gumi\u010dky s d\u00edrkami a knofl\u00edky. O pohodl\u00ed se nav\u00edc star\u00e1 pru\u017en\u00e1 guma na zadn\u00ed stran\u011b pasu.<\/p>\n<p class=\"\" data-start=\"346\" data-end=\"455\">A samoz\u0159ejm\u011b \u2013 <strong data-start=\"361\" data-end=\"393\">praktick\u00e9 kapsy nesm\u00ed chyb\u011bt<\/strong>. Proto\u017ee v\u00edme, \u017ee ruce m\u00e1te \u010dasto pln\u00e9 d\u016fle\u017eit\u011bj\u0161\u00edch v\u011bc\u00ed. \ud83d\ude42<\/p>\n","protected":false},"excerpt":{"rendered":"<p>Jednovelikostn\u00ed ln\u011bn\u00e1 midi sukn\u011b \u2013 pohodl\u00ed, kter\u00e9 se p\u0159izp\u016fsob\u00ed.<\/p>\n","protected":false},"featured_media":29064,"comment_status":"open","ping_status":"closed","template":"","meta":{"site-sidebar-layout":"default","site-content-layout":"","ast-site-content-layout":"default","site-content-style":"default","site-sidebar-style":"default","ast-global-header-display":"","ast-banner-title-visibility":"","ast-main-header-display":"","ast-hfb-above-header-display":"","ast-hfb-below-header-display":"","ast-hfb-mobile-header-display":"","site-post-title":"","ast-breadcrumbs-content":"","ast-featured-img":"","footer-sml-layout":"","ast-disable-related-posts":"","theme-transparent-header-meta":"default","adv-header-id-meta":"","stick-header-meta":"","header-above-stick-meta":"","header-main-stick-meta":"","header-below-stick-meta":"","astra-migrate-meta-layouts":"set","ast-page-background-enabled":"default","ast-page-background-meta":{"desktop":{"background-color":"var(--ast-global-color-5)","background-image":"","background-repeat":"repeat","background-position":"center center","background-size":"auto","background-attachment":"scroll","background-type":"","background-media":"","overlay-type":"","overlay-color":"","overlay-opacity":"","overlay-gradient":""},"tablet":{"background-color":"","background-image":"","background-repeat":"repeat","background-position":"center center","background-size":"auto","background-attachment":"scroll","background-type":"","background-media":"","overlay-type":"","overlay-color":"","overlay-opacity":"","overlay-gradient":""},"mobile":{"background-color":"","background-image":"","background-repeat":"repeat","background-position":"center center","background-size":"auto","background-attachment":"scroll","background-type":"","background-media":"","overlay-type":"","overlay-color":"","overlay-opacity":"","overlay-gradient":""}},"ast-content-background-meta":{"desktop":{"background-color":"var(--ast-global-color-4)","background-image":"","background-repeat":"repeat","background-position":"center center","background-size":"auto","background-attachment":"scroll","background-type":"","background-media":"","overlay-type":"","overlay-color":"","overlay-opacity":"","overlay-gradient":""},"tablet":{"background-color":"var(--ast-global-color-4)","background-image":"","background-repeat":"repeat","background-position":"center center","background-size":"auto","background-attachment":"scroll","background-type":"","background-media":"","overlay-type":"","overlay-color":"","overlay-opacity":"","overlay-gradient":""},"mobile":{"background-color":"var(--ast-global-color-4)","background-image":"","background-repeat":"repeat","background-position":"center center","background-size":"auto","background-attachment":"scroll","background-type":"","background-media":"","overlay-type":"","overlay-color":"","overlay-opacity":"","overlay-gradient":""}}},"product_brand":[],"product_cat":[91],"product_tag":[631],"class_list":{"0":"post-29087","1":"product","2":"type-product","3":"status-publish","4":"has-post-thumbnail","6":"product_cat-smart-fashion-cs-2","7":"product_tag-novinky-cs","8":"desktop-align-left","9":"tablet-align-left","10":"mobile-align-left","12":"first","13":"outofstock","14":"sale","15":"taxable","16":"shipping-taxable","17":"purchasable","18":"product-type-simple"},"_links":{"self":[{"href":"https:\/\/www.sestrice.com\/cs\/wp-json\/wp\/v2\/product\/29087","targetHints":{"allow":["GET"]}}],"collection":[{"href":"https:\/\/www.sestrice.com\/cs\/wp-json\/wp\/v2\/product"}],"about":[{"href":"https:\/\/www.sestrice.com\/cs\/wp-json\/wp\/v2\/types\/product"}],"replies":[{"embeddable":true,"href":"https:\/\/www.sestrice.com\/cs\/wp-json\/wp\/v2\/comments?post=29087"}],"version-history":[{"count":0,"href":"https:\/\/www.sestrice.com\/cs\/wp-json\/wp\/v2\/product\/29087\/revisions"}],"wp:featuredmedia":[{"embeddable":true,"href":"https:\/\/www.sestrice.com\/cs\/wp-json\/wp\/v2\/media\/29064"}],"wp:attachment":[{"href":"https:\/\/www.sestrice.com\/cs\/wp-json\/wp\/v2\/media?parent=29087"}],"wp:term":[{"taxonomy":"product_brand","embeddable":true,"href":"https:\/\/www.sestrice.com\/cs\/wp-json\/wp\/v2\/product_brand?post=29087"},{"taxonomy":"product_cat","embeddable":true,"href":"https:\/\/www.sestrice.com\/cs\/wp-json\/wp\/v2\/product_cat?post=29087"},{"taxonomy":"product_tag","embeddable":true,"href":"https:\/\/www.sestrice.com\/cs\/wp-json\/wp\/v2\/product_tag?post=29087"}],"curies":[{"name":"wp","href":"https:\/\/api.w.org\/{rel}","templated":true}]}}