{"id":9873,"date":"2023-05-15T16:53:40","date_gmt":"2023-05-15T14:53:40","guid":{"rendered":"https:\/\/www.sestrice.com\/product\/nositko-sestrice-carrier\/"},"modified":"2026-04-15T18:39:12","modified_gmt":"2026-04-15T16:39:12","slug":"nositko-sestrice-carrier","status":"publish","type":"product","link":"https:\/\/www.sestrice.com\/cs\/produkt\/nositko-sestrice-carrier\/","title":{"rendered":"Nos\u00edtko Sestrice Carrier"},"content":{"rendered":"<h5>Na\u0161e d\u011btsk\u00e9 nos\u00edtko m\u00e1 snadn\u00e9 a pohodln\u00e9 nastaven\u00ed<\/h5>\n<ul>\n<li>snadn\u00e9 nastaven\u00ed <strong>\u0161\u00ed\u0159ky z\u00e1dov\u00e9 op\u011brky 23 &#8211; 41 cm<\/strong> (od 3 m\u011bs\u00edc\u016f &#8211; 62 cm do 2 let).<\/li>\n<li>nastaven\u00ed <strong>obvodu bedern\u00ed p\u00e1su od 62 cm do 127 cm<\/strong>, mo\u017enost <a href=\"http:\/\/www.sestrice.com\/produkt\/predlzenie-bedroveho-pasu\/\" target=\"_blank\" rel=\"noopener\">prodlou\u017een\u00ed<\/a> obvodu o 50 cm<\/li>\n<li>kapuce pro <strong>bezpe\u010dn\u00e9 ji\u0161t\u011bn\u00ed hlavi\u010dky<\/strong><\/li>\n<li>spr\u00e1vn\u00fd postup nastaven\u00ed nosi\u010de Sestrice Carrier naleznete v na\u0161em <a href=\"https:\/\/www.youtube.com\/watch?v=dWwpRjOPIzM\" target=\"_blank\" rel=\"noopener\">videon\u00e1vodu<\/a>.<\/li>\n<\/ul>\n<h5>Parametry nos\u00edtka<\/h5>\n<p style=\"text-align: left;\">Nos\u00edtko Sestrice Carrier je vhodn\u00e9 pro d\u011bti <strong>od 3 m\u011bs\u00edc\u016f (62 cm) do 2 let.<\/strong><\/p>\n<table class=\"Table\" style=\"margin-left: auto; margin-right: auto; border-collapse: collapse;\">\n<tbody>\n<tr>\n<td>\n<table class=\"Table\">\n<tbody>\n<tr>\n<td style=\"text-align: center;\">\u0160\u00ed\u0159ka z\u00e1dov\u00e9 op\u011brky<\/td>\n<td style=\"text-align: center;\">23 \u2013 41 cm<\/td>\n<\/tr>\n<tr>\n<td style=\"text-align: center;\">V\u00fd\u0161ka z\u00e1dov\u00e9 op\u011brky<\/td>\n<td style=\"text-align: center;\">30 \u2013 44 cm<\/td>\n<\/tr>\n<tr>\n<td style=\"text-align: center;\">Obvod bedern\u00edho p\u00e1su<\/td>\n<td style=\"text-align: center;\">62 &#8211; 127 cm<\/td>\n<\/tr>\n<tr>\n<td style=\"text-align: center;\">Bedern\u00ed p\u00e1s<\/td>\n<td style=\"text-align: center;\">pevn\u00e1 v\u00fdpl\u0148 s perforovan\u00fdm v\u011btr\u00e1n\u00edm<\/td>\n<\/tr>\n<tr>\n<td style=\"text-align: center;\">Kapuce<\/td>\n<td style=\"text-align: center;\">odn\u00edmateln\u00e1<\/td>\n<\/tr>\n<tr>\n<td style=\"text-align: center;\">Ramenn\u00ed syst\u00e9m<\/td>\n<td style=\"text-align: center;\">ShoulderComfort<\/td>\n<\/tr>\n<\/tbody>\n<\/table>\n<\/td>\n<\/tr>\n<\/tbody>\n<\/table>\n<h5>Prody\u0161n\u00fd bedern\u00ed p\u00e1s<\/h5>\n<ul>\n<li>t\u00e9m\u011b\u0159 200 otvor\u016f v perforovan\u00e9 p\u011bnov\u00e9 v\u00fdztu\u017ei bedern\u00edho p\u00e1su zlep\u0161uje odv\u011btr\u00e1v\u00e1n\u00ed b\u011bhem no\u0161en\u00ed, a to nejen v letn\u00edch m\u011bs\u00edc\u00edch<\/li>\n<li>d\u00edky tomu se zv\u00fd\u0161\u00ed v\u00e1\u0161 tepeln\u00fd komfort a z\u00e1rove\u0148 z\u016fstane bedern\u00ed p\u00e1s dostate\u010dn\u011b pevn\u00fd<\/li>\n<\/ul>\n<h5>Ramenn\u00ed syst\u00e9m ShoulderComfort<\/h5>\n<ul>\n<li>sofistikovan\u00fd syst\u00e9m ramenn\u00edch popruh\u016f ShoulderComfort tvo\u0159\u00ed vz\u00e1jemn\u011b se dopl\u0148uj\u00edc\u00ed komponenty<\/li>\n<li><strong>pohodln\u011b tvarovan\u00e9 ramenn\u00ed popruhy s kolejnicemi<\/strong>, kter\u00e9 rovnom\u011brn\u011b rozkl\u00e1daj\u00ed v\u00e1hu<\/li>\n<li><strong>magnetick\u00e1 spona<\/strong>, kter\u00e1 usnad\u0148uje zap\u00edn\u00e1n\u00ed a rozep\u00edn\u00e1n\u00ed<\/li>\n<\/ul>\n<h5>Variabiln\u00ed ochrana ramenn\u00edch popruh\u016f<\/h5>\n<ul>\n<li>ochrann\u00e9 n\u00e1vleky se 3 patentkami, kter\u00e9 m\u016f\u017eete kdykoli rozepnout a n\u00e1vleky vyprat<\/li>\n<li><strong>2 mo\u017enosti p\u0159ipevn\u011bn\u00ed<\/strong> &#8211; v\u00e1lcov\u00fd nebo ku\u017eelov\u00fd tvar, kter\u00fd chr\u00e1n\u00ed i horn\u00ed \u010d\u00e1st z\u00e1dov\u00e9 op\u011brky<\/li>\n<\/ul>\n<h5>Pohodl\u00ed \u0161\u00e1tku. Prakti\u010dnost nos\u00edtka.<\/h5>\n<ul>\n<li>ide\u00e1ln\u00ed kombinace p\u0159\u00edz\u00ed a vazby pro spr\u00e1vnou m\u011bkkost, pru\u017enost a pevnost tkaniny<\/li>\n<li>ve srovn\u00e1n\u00ed s jin\u00fdmi l\u00e1tkami se tento materi\u00e1l l\u00e9pe p\u0159izp\u016fsob\u00ed t\u011blu d\u00edt\u011bte i nos\u00edc\u00ed osoby<\/li>\n<li>tkanina je dostate\u010dn\u011b pru\u017en\u00e1 a pevn\u00e1, aby poskytovala <strong>m\u011bkkost a pohodl\u00ed v praktick\u00e9m celorozep\u00ednac\u00edm proveden\u00ed<\/strong><\/li>\n<\/ul>\n<h5>Origin\u00e1ln\u00ed design<\/h5>\n<ul>\n<li>vlastn\u00ed tkaniny s certifik\u00e1tem bezpe\u010dnosti pro d\u011bti do 3 let<\/li>\n<li>autorsk\u00e9 designy i minimalismus<\/li>\n<\/ul>\n<h5>Nejvy\u0161\u0161\u00ed kvalita pro nejmen\u0161\u00ed<\/h5>\n<ul>\n<li><strong>testov\u00e1no<\/strong> v akreditovan\u00e9 evropsk\u00e9 laborato\u0159i v mechanick\u00fdch, chemick\u00fdch a ho\u0159lav\u00fdch bezpe\u010dnostn\u00edch testech<\/li>\n<li><strong>certifik\u00e1t<\/strong> podle EN 13209-2: 2016 Nevyztu\u017een\u00e1 nos\u00edtka<\/li>\n<li>vlastn\u00ed textilie <strong>s certifik\u00e1tem bezpe\u010dnosti pro d\u011bti do 3 let<\/strong><\/li>\n<li>p\u0159ezky a popruhy od evropsk\u00fdch dodavatel\u016f certifikovan\u00fdch podle nejp\u0159\u00edsn\u011bj\u0161\u00edch norem chemick\u00e9 a mechanick\u00e9 bezpe\u010dnosti <strong><a href=\"https:\/\/www.oeko-tex.com\/en\/consumer\/what_is_standard100\/what_is_standard100.xhtml\" target=\"_blank\" rel=\"noopener\">Oeko-Tex\u00ae Standard 100<\/a><\/strong><\/li>\n<\/ul>\n<div class=\"arm-text\">\n<h5>Sou\u010d\u00e1st\u00ed balen\u00ed je<\/h5>\n<ul>\n<li>nos\u00edtko<\/li>\n<li>dva ochrann\u00e9 kryty ramenn\u00edch popruh\u016f<\/li>\n<li>kapuce pro zaji\u0161t\u011bn\u00ed hlavy b\u011bhem sp\u00e1nku<\/li>\n<li><a title=\"Batoh Folk Heart\" href=\"https:\/\/www.sestrice.com\/nosenie-deti-doplnky\/batoh-folk-heart\/\" target=\"_blank\" rel=\"noopener\">praktick\u00fd batoh<\/a> na p\u0159en\u00e1\u0161en\u00ed nosi\u010de<\/li>\n<\/ul>\n<\/div>\n","protected":false},"excerpt":{"rendered":"<p>V nos\u00edtku <strong>Sestrice Carrier<\/strong> m\u016f\u017eete nosit d\u00edt\u011b od 3 m\u011bs\u00edc\u016f (62 cm) a vydr\u017e\u00ed v\u00e1m p\u0159ibli\u017en\u011b do 2 let.<\/p>\n<ul>\n<li><strong>od 3 m\u011bs\u00edc\u016f (62 cm) do p\u0159ibli\u017en\u011b 2 let<\/strong><\/li>\n<li>Ramenn\u00ed syst\u00e9m ShoulderComfort pro va\u0161e v\u011bt\u0161\u00ed pohodl\u00ed<\/li>\n<li>pevn\u00fd bedern\u00ed p\u00e1s s perforovan\u00fdm polstrov\u00e1n\u00edm pro lep\u0161\u00ed ventilaci<\/li>\n<li>certifikov\u00e1no podle EN 13209-2: 2015 Nevyztu\u017een\u00e1 nos\u00edtka<\/li>\n<li>ka\u017ed\u00fd detail nos\u00edtka je pe\u010dliv\u011b promy\u0161len\u00fd a pe\u010dliv\u011b vypracovan\u00fd<\/li>\n<li>online poradenstv\u00ed<\/li>\n<li>doru\u010den\u00ed zdarma na \u00fazem\u00ed Slovenska a \u010cesk\u00e9 republiky u\u017e od n\u00e1sleduj\u00edc\u00edho pracovn\u00edho dne<\/li>\n<\/ul>\n","protected":false},"featured_media":27902,"comment_status":"open","ping_status":"closed","template":"","meta":{"site-sidebar-layout":"default","site-content-layout":"","ast-site-content-layout":"default","site-content-style":"default","site-sidebar-style":"default","ast-global-header-display":"","ast-banner-title-visibility":"","ast-main-header-display":"","ast-hfb-above-header-display":"","ast-hfb-below-header-display":"","ast-hfb-mobile-header-display":"","site-post-title":"","ast-breadcrumbs-content":"","ast-featured-img":"","footer-sml-layout":"","ast-disable-related-posts":"","theme-transparent-header-meta":"default","adv-header-id-meta":"","stick-header-meta":"","header-above-stick-meta":"","header-main-stick-meta":"","header-below-stick-meta":"","astra-migrate-meta-layouts":"set","ast-page-background-enabled":"default","ast-page-background-meta":{"desktop":{"background-color":"var(--ast-global-color-5)","background-image":"","background-repeat":"repeat","background-position":"center center","background-size":"auto","background-attachment":"scroll","background-type":"","background-media":"","overlay-type":"","overlay-color":"","overlay-opacity":"","overlay-gradient":""},"tablet":{"background-color":"","background-image":"","background-repeat":"repeat","background-position":"center center","background-size":"auto","background-attachment":"scroll","background-type":"","background-media":"","overlay-type":"","overlay-color":"","overlay-opacity":"","overlay-gradient":""},"mobile":{"background-color":"","background-image":"","background-repeat":"repeat","background-position":"center center","background-size":"auto","background-attachment":"scroll","background-type":"","background-media":"","overlay-type":"","overlay-color":"","overlay-opacity":"","overlay-gradient":""}},"ast-content-background-meta":{"desktop":{"background-color":"var(--ast-global-color-4)","background-image":"","background-repeat":"repeat","background-position":"center center","background-size":"auto","background-attachment":"scroll","background-type":"","background-media":"","overlay-type":"","overlay-color":"","overlay-opacity":"","overlay-gradient":""},"tablet":{"background-color":"var(--ast-global-color-4)","background-image":"","background-repeat":"repeat","background-position":"center center","background-size":"auto","background-attachment":"scroll","background-type":"","background-media":"","overlay-type":"","overlay-color":"","overlay-opacity":"","overlay-gradient":""},"mobile":{"background-color":"var(--ast-global-color-4)","background-image":"","background-repeat":"repeat","background-position":"center center","background-size":"auto","background-attachment":"scroll","background-type":"","background-media":"","overlay-type":"","overlay-color":"","overlay-opacity":"","overlay-gradient":""}}},"product_brand":[],"product_cat":[86],"product_tag":[646],"class_list":{"0":"post-9873","1":"product","2":"type-product","3":"status-publish","4":"has-post-thumbnail","6":"product_cat-nositka","7":"product_tag-od-3-mesicu","8":"pa_dizajn-clouds-grey-cs","9":"pa_dizajn-clouds-petrol-cs","10":"pa_dizajn-comsos-khaki-cs","11":"pa_dizajn-dreamers-cinnamon-cs","12":"pa_dizajn-dreamers-natur-cs","13":"pa_dizajn-kaleidoscope-latte-cs","14":"pa_dizajn-nosim-stastie-malachit-cs","15":"pa_dizajn-poppy-grey-cs","16":"pa_dizajn-pure-grey-cs","17":"pa_dizajn-pure-natur-cs","18":"pa_dizajn-pure-nutmeg-cs","19":"pa_dizajn-pure-petrol-cs","20":"pa_dizajn-pure-syrah-cs","21":"desktop-align-left","22":"tablet-align-left","23":"mobile-align-left","25":"first","26":"instock","27":"sale","28":"taxable","29":"shipping-taxable","30":"purchasable","31":"product-type-variable","32":"rtwpvg-product"},"_links":{"self":[{"href":"https:\/\/www.sestrice.com\/cs\/wp-json\/wp\/v2\/product\/9873","targetHints":{"allow":["GET"]}}],"collection":[{"href":"https:\/\/www.sestrice.com\/cs\/wp-json\/wp\/v2\/product"}],"about":[{"href":"https:\/\/www.sestrice.com\/cs\/wp-json\/wp\/v2\/types\/product"}],"replies":[{"embeddable":true,"href":"https:\/\/www.sestrice.com\/cs\/wp-json\/wp\/v2\/comments?post=9873"}],"version-history":[{"count":1,"href":"https:\/\/www.sestrice.com\/cs\/wp-json\/wp\/v2\/product\/9873\/revisions"}],"predecessor-version":[{"id":34929,"href":"https:\/\/www.sestrice.com\/cs\/wp-json\/wp\/v2\/product\/9873\/revisions\/34929"}],"wp:featuredmedia":[{"embeddable":true,"href":"https:\/\/www.sestrice.com\/cs\/wp-json\/wp\/v2\/media\/27902"}],"wp:attachment":[{"href":"https:\/\/www.sestrice.com\/cs\/wp-json\/wp\/v2\/media?parent=9873"}],"wp:term":[{"taxonomy":"product_brand","embeddable":true,"href":"https:\/\/www.sestrice.com\/cs\/wp-json\/wp\/v2\/product_brand?post=9873"},{"taxonomy":"product_cat","embeddable":true,"href":"https:\/\/www.sestrice.com\/cs\/wp-json\/wp\/v2\/product_cat?post=9873"},{"taxonomy":"product_tag","embeddable":true,"href":"https:\/\/www.sestrice.com\/cs\/wp-json\/wp\/v2\/product_tag?post=9873"}],"curies":[{"name":"wp","href":"https:\/\/api.w.org\/{rel}","templated":true}]}}