{"id":9910,"date":"2023-04-15T08:51:04","date_gmt":"2023-04-15T06:51:04","guid":{"rendered":"https:\/\/www.sestrice.com\/product\/praci-gel-z-mydlovych-orechu-na-vlnu\/"},"modified":"2025-12-01T18:08:51","modified_gmt":"2025-12-01T17:08:51","slug":"praci-gel-z-mydlovych-orechov-na-vlnu-kopia","status":"publish","type":"product","link":"https:\/\/www.sestrice.com\/cs\/produkt\/praci-gel-z-mydlovych-orechov-na-vlnu-kopia\/","title":{"rendered":"Prac\u00ed gel z m\u00fddlov\u00fdch o\u0159ech\u016f na vlnu"},"content":{"rendered":"<p>Z\u00e1kladem je v\u00fdta\u017eek z m\u00fddlov\u00fdch o\u0159ech\u016f v biokvalit\u011b z\u00edskan\u00fd nej\u0161etrn\u011bj\u0161\u00ed metodou extrakce za studena. Lanolin je l\u00e1tka, kter\u00e1 se p\u0159irozen\u011b tvo\u0159\u00ed na srsti ovc\u00ed a zaji\u0161\u0165uje tepeln\u011b izola\u010dn\u00ed vlastnosti a vod\u011bodolnost vlny. Hlavn\u00ed odli\u0161nost\u00ed tohoto p\u0159\u00edpravku je, \u017ee i p\u0159i opakovan\u00e9m pran\u00ed udr\u017euje vl\u00e1kna vlny pru\u017en\u00e1. D\u00e1vkov\u00e1n\u00ed pro pran\u00ed 4-5 kg pr\u00e1dla v pra\u010dce do 40 \u00b0C: 30 ml (pro siln\u011b zne\u010di\u0161t\u011bn\u00e9 pr\u00e1dlo d\u00e1vku zdvojn\u00e1sobte) Ru\u010dn\u00ed pran\u00ed: cca 15 ml na prac\u00ed l\u00e1ze\u0148 &#8211; d\u00e1vejte pozor, abyste nepou\u017eili p\u0159\u00edli\u0161 horkou vodu, aby se pr\u00e1dlo neza\u0161pinilo. Vlna je citliv\u00e1 na zm\u011bny teploty. Uchovejte mimo dosah d\u011bt\u00ed.<\/p>\n","protected":false},"excerpt":{"rendered":"<p>Koncentrovan\u00fd gel na pran\u00ed vlny a jemn\u00fdch materi\u00e1l\u016f s p\u0159\u00eddavkem lanolinu.<\/p>\n","protected":false},"featured_media":7761,"comment_status":"open","ping_status":"closed","template":"","meta":{"site-sidebar-layout":"default","site-content-layout":"","ast-site-content-layout":"default","site-content-style":"default","site-sidebar-style":"default","ast-global-header-display":"","ast-banner-title-visibility":"","ast-main-header-display":"","ast-hfb-above-header-display":"","ast-hfb-below-header-display":"","ast-hfb-mobile-header-display":"","site-post-title":"","ast-breadcrumbs-content":"","ast-featured-img":"","footer-sml-layout":"","ast-disable-related-posts":"","theme-transparent-header-meta":"default","adv-header-id-meta":"","stick-header-meta":"","header-above-stick-meta":"","header-main-stick-meta":"","header-below-stick-meta":"","astra-migrate-meta-layouts":"set","ast-page-background-enabled":"default","ast-page-background-meta":{"desktop":{"background-color":"var(--ast-global-color-5)","background-image":"","background-repeat":"repeat","background-position":"center center","background-size":"auto","background-attachment":"scroll","background-type":"","background-media":"","overlay-type":"","overlay-color":"","overlay-opacity":"","overlay-gradient":""},"tablet":{"background-color":"","background-image":"","background-repeat":"repeat","background-position":"center center","background-size":"auto","background-attachment":"scroll","background-type":"","background-media":"","overlay-type":"","overlay-color":"","overlay-opacity":"","overlay-gradient":""},"mobile":{"background-color":"","background-image":"","background-repeat":"repeat","background-position":"center center","background-size":"auto","background-attachment":"scroll","background-type":"","background-media":"","overlay-type":"","overlay-color":"","overlay-opacity":"","overlay-gradient":""}},"ast-content-background-meta":{"desktop":{"background-color":"var(--ast-global-color-4)","background-image":"","background-repeat":"repeat","background-position":"center center","background-size":"auto","background-attachment":"scroll","background-type":"","background-media":"","overlay-type":"","overlay-color":"","overlay-opacity":"","overlay-gradient":""},"tablet":{"background-color":"var(--ast-global-color-4)","background-image":"","background-repeat":"repeat","background-position":"center center","background-size":"auto","background-attachment":"scroll","background-type":"","background-media":"","overlay-type":"","overlay-color":"","overlay-opacity":"","overlay-gradient":""},"mobile":{"background-color":"var(--ast-global-color-4)","background-image":"","background-repeat":"repeat","background-position":"center center","background-size":"auto","background-attachment":"scroll","background-type":"","background-media":"","overlay-type":"","overlay-color":"","overlay-opacity":"","overlay-gradient":""}}},"product_brand":[],"product_cat":[100],"product_tag":[],"class_list":{"0":"post-9910","1":"product","2":"type-product","3":"status-publish","4":"has-post-thumbnail","6":"product_cat-doplnky-cs","7":"desktop-align-left","8":"tablet-align-left","9":"mobile-align-left","11":"first","12":"instock","13":"taxable","14":"shipping-taxable","15":"purchasable","16":"product-type-simple"},"_links":{"self":[{"href":"https:\/\/www.sestrice.com\/cs\/wp-json\/wp\/v2\/product\/9910","targetHints":{"allow":["GET"]}}],"collection":[{"href":"https:\/\/www.sestrice.com\/cs\/wp-json\/wp\/v2\/product"}],"about":[{"href":"https:\/\/www.sestrice.com\/cs\/wp-json\/wp\/v2\/types\/product"}],"replies":[{"embeddable":true,"href":"https:\/\/www.sestrice.com\/cs\/wp-json\/wp\/v2\/comments?post=9910"}],"version-history":[{"count":0,"href":"https:\/\/www.sestrice.com\/cs\/wp-json\/wp\/v2\/product\/9910\/revisions"}],"wp:featuredmedia":[{"embeddable":true,"href":"https:\/\/www.sestrice.com\/cs\/wp-json\/wp\/v2\/media\/7761"}],"wp:attachment":[{"href":"https:\/\/www.sestrice.com\/cs\/wp-json\/wp\/v2\/media?parent=9910"}],"wp:term":[{"taxonomy":"product_brand","embeddable":true,"href":"https:\/\/www.sestrice.com\/cs\/wp-json\/wp\/v2\/product_brand?post=9910"},{"taxonomy":"product_cat","embeddable":true,"href":"https:\/\/www.sestrice.com\/cs\/wp-json\/wp\/v2\/product_cat?post=9910"},{"taxonomy":"product_tag","embeddable":true,"href":"https:\/\/www.sestrice.com\/cs\/wp-json\/wp\/v2\/product_tag?post=9910"}],"curies":[{"name":"wp","href":"https:\/\/api.w.org\/{rel}","templated":true}]}}