{"id":9186,"date":"2023-03-23T22:38:15","date_gmt":"2023-03-23T21:38:15","guid":{"rendered":"http:\/\/www.sestrice.com\/shipping\/"},"modified":"2025-10-03T12:34:40","modified_gmt":"2025-10-03T10:34:40","slug":"shipping","status":"publish","type":"page","link":"https:\/\/www.sestrice.com\/en\/shipping\/","title":{"rendered":"Shipping"},"content":{"rendered":"\t\t<div data-elementor-type=\"wp-page\" data-elementor-id=\"9186\" class=\"elementor elementor-9186 elementor-6196\">\n\t\t\t\t\t\t<section class=\"elementor-section elementor-top-section elementor-element elementor-element-e248333 elementor-section-boxed elementor-section-height-default elementor-section-height-default\" data-id=\"e248333\" data-element_type=\"section\" data-e-type=\"section\">\n\t\t\t\t\t\t<div class=\"elementor-container elementor-column-gap-default\">\n\t\t\t\t\t<div class=\"elementor-column elementor-col-100 elementor-top-column elementor-element elementor-element-f8f9433\" data-id=\"f8f9433\" data-element_type=\"column\" data-e-type=\"column\">\n\t\t\t<div class=\"elementor-widget-wrap elementor-element-populated\">\n\t\t\t\t\t\t<div class=\"elementor-element elementor-element-0bd25ba elementor-widget elementor-widget-heading\" data-id=\"0bd25ba\" data-element_type=\"widget\" data-e-type=\"widget\" data-widget_type=\"heading.default\">\n\t\t\t\t<div class=\"elementor-widget-container\">\n\t\t\t\t\t<h2 class=\"elementor-heading-title elementor-size-default\">Shipping<\/h2>\t\t\t\t<\/div>\n\t\t\t\t<\/div>\n\t\t\t\t\t<\/div>\n\t\t<\/div>\n\t\t\t\t\t<\/div>\n\t\t<\/section>\n\t\t\t\t<section class=\"elementor-section elementor-top-section elementor-element elementor-element-3c8b4d3e elementor-section-boxed elementor-section-height-default elementor-section-height-default\" data-id=\"3c8b4d3e\" data-element_type=\"section\" data-e-type=\"section\">\n\t\t\t\t\t\t<div class=\"elementor-container elementor-column-gap-default\">\n\t\t\t\t\t<div class=\"elementor-column elementor-col-100 elementor-top-column elementor-element elementor-element-2bbb60a7\" data-id=\"2bbb60a7\" data-element_type=\"column\" data-e-type=\"column\">\n\t\t\t<div class=\"elementor-widget-wrap elementor-element-populated\">\n\t\t\t\t\t\t<div class=\"elementor-element elementor-element-609d6a38 elementor-widget elementor-widget-text-editor\" data-id=\"609d6a38\" data-element_type=\"widget\" data-e-type=\"widget\" id=\"Cennik\" data-widget_type=\"text-editor.default\">\n\t\t\t\t<div class=\"elementor-widget-container\">\n\t\t\t\t\t\t\t\t\t<p>Your order will be processed and prepared for shipping as soon as possible, usually during 1-2 days.<\/p>\n<p>The goods is shipped every day, via contracted shipping courier. When the package is despatched to the courier, you will receive an automatic e-mail with this information.<\/p>\n<p>The shipping costs are not included in the price of the product and are calculated according to the <a href=\"#Cennik\">Shipping rates.<\/a><\/p>\n<p>After dispatching the package we will send you an e-mail with PDF invoice that serves as an accounting document and a warranty.<\/p>\n<p>The shipment delivery time depends on the country of the recipient. Delivery to Slovakia and Czech Republic usually takes place during 1-3 days. Shipping to other countries takes a bit longer, however not longer than 20 days.<\/p>\n<p>If you have not received the package even after 20 days, please contact us at <a href=\"mailto:hello@sestrice.com\">hello@sestrice.com<\/a> and we will examine the possible delivery fail. Then we will do our best to solve the situation as soon as possible.<\/p>\n<p>As a customer or an authorized representative you are obliged to accept the goods. Declining of accepting the goods or refusal to accept the goods shall be considered as fulfilling of our obligation to deliver the goods.  If you do not take delivery of the goods and they are returned to us, we have the right to withdraw from the contract of sale and claim reimbursement of the costs of returning the goods. Resending the goods is possible only by mutual agreement.<\/p>\n<p>When receiving the goods you are obliged to check the package. In case of visible damage caused by the shipment of the goods you are entitled to not accept the package.<\/p>\n\t\t\t\t\t\t\t\t<\/div>\n\t\t\t\t<\/div>\n\t\t\t\t\t<\/div>\n\t\t<\/div>\n\t\t\t\t\t<\/div>\n\t\t<\/section>\n\t\t\t\t<section class=\"elementor-section elementor-top-section elementor-element elementor-element-2095070 elementor-section-boxed elementor-section-height-default elementor-section-height-default\" data-id=\"2095070\" data-element_type=\"section\" data-e-type=\"section\">\n\t\t\t\t\t\t<div class=\"elementor-container elementor-column-gap-default\">\n\t\t\t\t\t<div class=\"elementor-column elementor-col-100 elementor-top-column elementor-element elementor-element-379bb59\" data-id=\"379bb59\" data-element_type=\"column\" data-e-type=\"column\">\n\t\t\t<div class=\"elementor-widget-wrap elementor-element-populated\">\n\t\t\t\t\t\t<div class=\"elementor-element elementor-element-3b3e2bd elementor-widget elementor-widget-heading\" data-id=\"3b3e2bd\" data-element_type=\"widget\" data-e-type=\"widget\" id=\"Cennik\" data-widget_type=\"heading.default\">\n\t\t\t\t<div class=\"elementor-widget-container\">\n\t\t\t\t\t<h2 class=\"elementor-heading-title elementor-size-default\"><h3 style=\"font-family: var(--rio-heading-font-family),var(--rio-body-font-family),sans-serif;font-weight: var(--rio-heading-font-weight,600);font-size: calc(3rem * var(--rio-typo-ratio,1));line-height: var(--rio-heading-line-height,var(--rio-body-line-height));letter-spacing: var(--rio-heading-letter-spacing,var(--rio-body-letter-spacing))\">Shipping Rates<\/h3><\/h2>\t\t\t\t<\/div>\n\t\t\t\t<\/div>\n\t\t\t\t\t<\/div>\n\t\t<\/div>\n\t\t\t\t\t<\/div>\n\t\t<\/section>\n\t\t\t\t<section class=\"elementor-section elementor-top-section elementor-element elementor-element-aade52f elementor-section-boxed elementor-section-height-default elementor-section-height-default\" data-id=\"aade52f\" data-element_type=\"section\" data-e-type=\"section\">\n\t\t\t\t\t\t<div class=\"elementor-container elementor-column-gap-default\">\n\t\t\t\t\t<div class=\"elementor-column elementor-col-100 elementor-top-column elementor-element elementor-element-b15fd58\" data-id=\"b15fd58\" data-element_type=\"column\" data-e-type=\"column\">\n\t\t\t<div class=\"elementor-widget-wrap elementor-element-populated\">\n\t\t\t\t\t\t<div class=\"elementor-element elementor-element-7984dcc elementor-widget elementor-widget-text-editor\" data-id=\"7984dcc\" data-element_type=\"widget\" data-e-type=\"widget\" data-widget_type=\"text-editor.default\">\n\t\t\t\t<div class=\"elementor-widget-container\">\n\t\t\t\t\t\t\t\t\t<p class=\"p1\">For delivery to Slovakia and the Czech Republic, you can choose either courier delivery or delivery to Packeta outlets and Z-Boxes.<\/p><p class=\"p1\">In the case of delivery to other countries, we will send the parcel either by courier or by local post.<\/p><p class=\"p1\">Cena po\u0161tovn\u00e9ho se odv\u00edj\u00ed od zem\u011b doru\u010den\u00ed a \u010d\u00e1stky uveden\u00e9 v tomto cen\u00edku jsou v\u010detn\u011b DPH platn\u00e9 v zemi, kam je z\u00e1silka doru\u010dov\u00e1na.<\/p><p class=\"p3\"><span class=\"s1\">The shipping for all orders above 165\u20ac to Slovakia and Czech Republic are free of charge.<\/span><\/p><table style=\"margin-left: auto; margin-right: auto;\"><tbody><tr><td><p style=\"text-align: center;\">Country<\/p><\/td><td><p style=\"text-align: center;\">Price of delivery<\/p><\/td><\/tr><tr><td><p style=\"text-align: center;\">Slovakia<\/p><\/td><td><p style=\"text-align: center;\">3,50\u20ac<\/p><\/td><\/tr><tr><td><p style=\"text-align: center;\">Czech Republic<\/p><\/td><td><p style=\"text-align: center;\">5\u20ac<\/p><\/td><\/tr><tr><td><p style=\"text-align: center;\">Belgium<\/p><\/td><td><p style=\"text-align: center;\">11\u20ac<\/p><\/td><\/tr><tr><td><p style=\"text-align: center;\">Bulgaria<\/p><\/td><td><p style=\"text-align: center;\">5\u20ac<\/p><\/td><\/tr><tr><td><p style=\"text-align: center;\">Croatia<\/p><\/td><td><p style=\"text-align: center;\">6\u20ac<\/p><\/td><\/tr><tr><td style=\"text-align: center;\"><p>Denmark<\/p><\/td><td style=\"text-align: center;\"><p>18\u20ac<\/p><\/td><\/tr><tr><td style=\"text-align: center;\"><p>Estonia<\/p><\/td><td style=\"text-align: center;\"><p>9\u20ac<\/p><\/td><\/tr><tr><td style=\"text-align: center;\"><p>Finland<\/p><\/td><td style=\"text-align: center;\"><p>21\u20ac<\/p><\/td><\/tr><tr><td style=\"text-align: center;\"><p>France<\/p><\/td><td style=\"text-align: center;\"><p>11\u20ac<\/p><\/td><\/tr><tr><td style=\"text-align: center;\"><p>Greece<\/p><\/td><td style=\"text-align: center;\"><p>20\u20ac<\/p><\/td><\/tr><tr><td style=\"text-align: center;\"><p>Netherlands<\/p><\/td><td style=\"text-align: center;\"><p>8\u20ac<\/p><\/td><\/tr><tr><td style=\"text-align: center;\"><p>Ireland<\/p><\/td><td style=\"text-align: center;\"><p>17\u20ac<\/p><\/td><\/tr><tr><td style=\"text-align: center;\"><p>Lichtenstein<\/p><\/td><td style=\"text-align: center;\"><p>15\u20ac<\/p><\/td><\/tr><tr><td style=\"text-align: center;\"><p>Lithuania<\/p><\/td><td style=\"text-align: center;\"><p>9\u20ac<\/p><\/td><\/tr><tr><td style=\"text-align: center;\"><p>Latvia<\/p><\/td><td style=\"text-align: center;\"><p>10\u20ac<\/p><\/td><\/tr><tr><td style=\"text-align: center;\"><p>Luxembourg<\/p><\/td><td style=\"text-align: center;\"><p>15\u20ac<\/p><\/td><\/tr><tr><td style=\"text-align: center;\"><p>Hungary<\/p><\/td><td style=\"text-align: center;\"><p>5\u20ac<\/p><\/td><\/tr><tr><td style=\"text-align: center;\"><p>Malta<\/p><\/td><td style=\"text-align: center;\"><p>18\u20ac<\/p><\/td><\/tr><tr><td style=\"text-align: center;\"><p>Germany<\/p><\/td><td style=\"text-align: center;\"><p>7\u20ac<\/p><\/td><\/tr><tr><td style=\"text-align: center;\"><p>Norway<\/p><\/td><td style=\"text-align: center;\"><p>23\u20ac<\/p><\/td><\/tr><tr><td style=\"text-align: center;\"><p>Poland<\/p><\/td><td style=\"text-align: center;\"><p>8\u20ac<\/p><\/td><\/tr><tr><td style=\"text-align: center;\"><p>Portugal<\/p><\/td><td style=\"text-align: center;\"><p>14\u20ac<\/p><\/td><\/tr><tr><td style=\"text-align: center;\"><p>Austria<\/p><\/td><td style=\"text-align: center;\"><p>7\u20ac<\/p><\/td><\/tr><tr><td style=\"text-align: center;\"><p>Romania<\/p><\/td><td style=\"text-align: center;\"><p>6\u20ac<\/p><\/td><\/tr><tr><td style=\"text-align: center;\"><p>Slovenia<\/p><\/td><td style=\"text-align: center;\"><p>6\u20ac<\/p><\/td><\/tr><tr><td style=\"text-align: center;\"><p>Spain<\/p><\/td><td style=\"text-align: center;\"><p>11\u20ac<\/p><\/td><\/tr><tr><td style=\"text-align: center;\"><p>Serbia<\/p><\/td><td style=\"text-align: center;\"><p>15\u20ac<\/p><\/td><\/tr><tr><td style=\"text-align: center;\"><p>Switzerland<\/p><\/td><td style=\"text-align: center;\"><p>15\u20ac<\/p><\/td><\/tr><tr><td style=\"text-align: center;\"><p>Sweden<\/p><\/td><td style=\"text-align: center;\"><p>17\u20ac<\/p><\/td><\/tr><tr><td style=\"text-align: center;\"><p>Italy<\/p><\/td><td style=\"text-align: center;\"><p>8\u20ac<\/p><\/td><\/tr><tr><td style=\"text-align: center;\"><p>United Kingdom<\/p><\/td><td style=\"text-align: center;\"><p>17\u20ac<\/p><\/td><\/tr><tr><td style=\"text-align: center;\"><p>Rest of Europe<\/p><\/td><td style=\"text-align: center;\"><p>20\u20ac<\/p><\/td><\/tr><tr><td style=\"text-align: center;\"><p>Rest of the world<\/p><\/td><td style=\"text-align: center;\"><p>30\u20ac<\/p><\/td><\/tr><\/tbody><\/table><p style=\"text-align: center;\">\u00a0<\/p>\t\t\t\t\t\t\t\t<\/div>\n\t\t\t\t<\/div>\n\t\t\t\t\t<\/div>\n\t\t<\/div>\n\t\t\t\t\t<\/div>\n\t\t<\/section>\n\t\t\t\t<\/div>\n\t\t","protected":false},"excerpt":{"rendered":"<p>Shipping Your order will be processed and prepared for shipping as soon as possible, usually during 1-2 days. The goods is shipped every day, via contracted shipping courier. When the package is despatched to the courier, you will receive an automatic e-mail with this information. The shipping costs are not included in the price of [&hellip;]<\/p>\n","protected":false},"author":2,"featured_media":0,"parent":0,"menu_order":0,"comment_status":"closed","ping_status":"closed","template":"","meta":{"site-sidebar-layout":"default","site-content-layout":"","ast-site-content-layout":"default","site-content-style":"default","site-sidebar-style":"default","ast-global-header-display":"","ast-banner-title-visibility":"","ast-main-header-display":"","ast-hfb-above-header-display":"","ast-hfb-below-header-display":"","ast-hfb-mobile-header-display":"","site-post-title":"","ast-breadcrumbs-content":"","ast-featured-img":"","footer-sml-layout":"","ast-disable-related-posts":"","theme-transparent-header-meta":"","adv-header-id-meta":"","stick-header-meta":"","header-above-stick-meta":"","header-main-stick-meta":"","header-below-stick-meta":"","astra-migrate-meta-layouts":"default","ast-page-background-enabled":"default","ast-page-background-meta":{"desktop":{"background-color":"var(--ast-global-color-5)","background-image":"","background-repeat":"repeat","background-position":"center center","background-size":"auto","background-attachment":"scroll","background-type":"","background-media":"","overlay-type":"","overlay-color":"","overlay-opacity":"","overlay-gradient":""},"tablet":{"background-color":"","background-image":"","background-repeat":"repeat","background-position":"center center","background-size":"auto","background-attachment":"scroll","background-type":"","background-media":"","overlay-type":"","overlay-color":"","overlay-opacity":"","overlay-gradient":""},"mobile":{"background-color":"","background-image":"","background-repeat":"repeat","background-position":"center center","background-size":"auto","background-attachment":"scroll","background-type":"","background-media":"","overlay-type":"","overlay-color":"","overlay-opacity":"","overlay-gradient":""}},"ast-content-background-meta":{"desktop":{"background-color":"var(--ast-global-color-4)","background-image":"","background-repeat":"repeat","background-position":"center center","background-size":"auto","background-attachment":"scroll","background-type":"","background-media":"","overlay-type":"","overlay-color":"","overlay-opacity":"","overlay-gradient":""},"tablet":{"background-color":"var(--ast-global-color-4)","background-image":"","background-repeat":"repeat","background-position":"center center","background-size":"auto","background-attachment":"scroll","background-type":"","background-media":"","overlay-type":"","overlay-color":"","overlay-opacity":"","overlay-gradient":""},"mobile":{"background-color":"var(--ast-global-color-4)","background-image":"","background-repeat":"repeat","background-position":"center center","background-size":"auto","background-attachment":"scroll","background-type":"","background-media":"","overlay-type":"","overlay-color":"","overlay-opacity":"","overlay-gradient":""}},"footnotes":""},"class_list":["post-9186","page","type-page","status-publish","hentry"],"_links":{"self":[{"href":"https:\/\/www.sestrice.com\/en\/wp-json\/wp\/v2\/pages\/9186","targetHints":{"allow":["GET"]}}],"collection":[{"href":"https:\/\/www.sestrice.com\/en\/wp-json\/wp\/v2\/pages"}],"about":[{"href":"https:\/\/www.sestrice.com\/en\/wp-json\/wp\/v2\/types\/page"}],"author":[{"embeddable":true,"href":"https:\/\/www.sestrice.com\/en\/wp-json\/wp\/v2\/users\/2"}],"replies":[{"embeddable":true,"href":"https:\/\/www.sestrice.com\/en\/wp-json\/wp\/v2\/comments?post=9186"}],"version-history":[{"count":0,"href":"https:\/\/www.sestrice.com\/en\/wp-json\/wp\/v2\/pages\/9186\/revisions"}],"wp:attachment":[{"href":"https:\/\/www.sestrice.com\/en\/wp-json\/wp\/v2\/media?parent=9186"}],"curies":[{"name":"wp","href":"https:\/\/api.w.org\/{rel}","templated":true}]}}